{"id":39336,"date":"2025-11-19T19:54:43","date_gmt":"2025-11-19T16:54:43","guid":{"rendered":"https:\/\/baldumarket.lt\/?post_type=product&#038;p=39336"},"modified":"2026-03-24T13:35:45","modified_gmt":"2026-03-24T10:35:45","slug":"havana-grupa-special","status":"publish","type":"product","link":"https:\/\/baldumarket.lt\/lt\/product\/havana-grupa-special\/","title":{"rendered":"Havanos speciali grup\u0117"},"content":{"rendered":"<p>\u201eHavana\u201c \u2013 tai erdvi, prabangi, mink\u0161ta kampin\u0117 sofa, kurios matmenys \u2013 320 x 167\/207 x 73 cm. Ji suteikia daug erdv\u0117s poilsiui. U formos baldas pasi\u017eymi patogia, mink\u0161ta s\u0117dyne, pagaminta i\u0161 patvari\u0173 vingiuot\u0173 spyruokli\u0173 ir lanks\u010di\u0173 T30 put\u0173, tod\u0117l visas baldas yra atsparus \u012flenkimams. M\u016bs\u0173 kampin\u0117 sofa turi miegojimo funkcij\u0105 ir daug vietos patalynei. Intuityvi \u201eDolphin\u201c sulankstymo sistema leid\u017eia lengvai transformuoti sof\u0105 \u012f 280 x 125 cm lov\u0105, suteikian\u010di\u0105 tikrai erdv\u0173 nakties poils\u012f. Papildomos m\u016bs\u0173 kampin\u0117s sofos \u201eHavana\u201c savyb\u0117s: klasikin\u0117, patikrinta konstrukcija, d\u0117mesys detal\u0117ms ir paprastas geometrinis dizainas. Kampin\u0117 sofa taip pat turi dideles dekoratyvines pagalv\u0117les. \u201eHavana\u201c \u2013 tai komforto ir stiliaus \u012fsik\u016bnijimas, puikiai papildantis daugel\u012f interjer\u0173.<\/p>","protected":false},"excerpt":{"rendered":"<p>\u201eHavana\u201c \u2013 tai erdvi, prabangi, mink\u0161ta kampin\u0117 sofa, kurios matmenys \u2013 320 x 167\/207 x 73 cm, suteikianti daug erdv\u0117s poilsiui. U formos baldas pasi\u017eymi patogia, mink\u0161ta s\u0117dyne, pagaminta i\u0161 patvari\u0173 vingiuot\u0173 spyruokli\u0173 ir lanks\u010di\u0173 T30 put\u0173, tod\u0117l visas baldas yra atsparus \u012flenkimams. M\u016bs\u0173 kampin\u0117 sofa turi miegojimo funkcij\u0105 ir daug vietos patalynei. [\u2026]<\/p>","protected":false},"featured_media":17907,"comment_status":"open","ping_status":"closed","template":"","meta":[],"product_brand":[],"product_cat":[9133],"product_tag":[],"class_list":{"0":"post-39336","1":"product","2":"type-product","3":"status-publish","4":"has-post-thumbnail","6":"product_cat-grouped","8":"first","9":"instock","10":"shipping-taxable","11":"purchasable","12":"product-type-variable","13":"wvs-archive-product-wrapper"},"_links":{"self":[{"href":"https:\/\/baldumarket.lt\/lt\/wp-json\/wp\/v2\/product\/39336","targetHints":{"allow":["GET"]}}],"collection":[{"href":"https:\/\/baldumarket.lt\/lt\/wp-json\/wp\/v2\/product"}],"about":[{"href":"https:\/\/baldumarket.lt\/lt\/wp-json\/wp\/v2\/types\/product"}],"replies":[{"embeddable":true,"href":"https:\/\/baldumarket.lt\/lt\/wp-json\/wp\/v2\/comments?post=39336"}],"wp:featuredmedia":[{"embeddable":true,"href":"https:\/\/baldumarket.lt\/lt\/wp-json\/wp\/v2\/media\/17907"}],"wp:attachment":[{"href":"https:\/\/baldumarket.lt\/lt\/wp-json\/wp\/v2\/media?parent=39336"}],"wp:term":[{"taxonomy":"product_brand","embeddable":true,"href":"https:\/\/baldumarket.lt\/lt\/wp-json\/wp\/v2\/product_brand?post=39336"},{"taxonomy":"product_cat","embeddable":true,"href":"https:\/\/baldumarket.lt\/lt\/wp-json\/wp\/v2\/product_cat?post=39336"},{"taxonomy":"product_tag","embeddable":true,"href":"https:\/\/baldumarket.lt\/lt\/wp-json\/wp\/v2\/product_tag?post=39336"}],"curies":[{"name":"wp","href":"https:\/\/api.w.org\/{rel}","templated":true}]}}