{"id":39332,"date":"2025-11-19T19:54:42","date_gmt":"2025-11-19T16:54:42","guid":{"rendered":"https:\/\/baldumarket.lt\/?post_type=product&#038;p=39332"},"modified":"2026-03-24T13:08:29","modified_gmt":"2026-03-24T10:08:29","slug":"hadson-grupa-classic","status":"publish","type":"product","link":"https:\/\/baldumarket.lt\/lt\/product\/hadson-grupa-classic\/","title":{"rendered":"Hadson CLASSIC grup\u0117"},"content":{"rendered":"<p>\u201eHadson\u201c kampin\u0117 sofa \u2013 eleganti\u0161kas baldas, kuris j\u016bs\u0173 interjerui suteiks modernumo. \u012esp\u016bdingas 206 cm plotis ir 150 cm gylis suteikia daug erdv\u0117s visai \u0161eimai atsipalaiduoti. 89 cm auk\u0161tis, \u012fskaitant pagalv\u0117les, \u201eHadson\u201c sofa derina komfort\u0105 ir estetik\u0105. 49 cm s\u0117dyn\u0117s gylis ir 47 cm s\u0117dyn\u0117s auk\u0161tis suteikia patogi\u0105 viet\u0105 poilsiui. \u201eHadson\u201c taip pat gali b\u016bti naudojama kaip lova, kurios \u012fsp\u016bdingi matmenys \u2013 115 x 184 cm, puikiai tinkantys sve\u010diams. Tvirtos 2,5 cm kojel\u0117s suteikia visai konstrukcijai stabilumo. 42 cm auk\u0161\u010dio atlo\u0161as u\u017etikrina komfort\u0105. DL mechanizmas leid\u017eia lengvai transformuoti kampin\u0119 sof\u0105 \u012f patogi\u0105 miegojimo viet\u0105. \u201eHadson\u201c sofa yra ne tik stilinga, bet ir funkcionali, suteikianti elegancijos bet kuriam kambariui.<\/p>","protected":false},"excerpt":{"rendered":"<p>\u201eHadson\u201c kampin\u0117 sofa \u2013 eleganti\u0161kas baldas, kuris j\u016bs\u0173 interjerui suteiks modernumo. \u012esp\u016bdingas 206 cm plotis ir 150 cm gylis suteikia daug erdv\u0117s visai \u0161eimai atsipalaiduoti. 89 cm auk\u0161\u010dio, \u012fskaitant pagalv\u0117les, \u201eHadson\u201c sofa derina komfort\u0105 su [\u2026]<\/p>","protected":false},"featured_media":29521,"comment_status":"open","ping_status":"closed","template":"","meta":[],"product_brand":[],"product_cat":[9133],"product_tag":[],"class_list":{"0":"post-39332","1":"product","2":"type-product","3":"status-publish","4":"has-post-thumbnail","6":"product_cat-grouped","8":"first","9":"instock","10":"shipping-taxable","11":"purchasable","12":"product-type-variable","13":"wvs-archive-product-wrapper"},"_links":{"self":[{"href":"https:\/\/baldumarket.lt\/lt\/wp-json\/wp\/v2\/product\/39332","targetHints":{"allow":["GET"]}}],"collection":[{"href":"https:\/\/baldumarket.lt\/lt\/wp-json\/wp\/v2\/product"}],"about":[{"href":"https:\/\/baldumarket.lt\/lt\/wp-json\/wp\/v2\/types\/product"}],"replies":[{"embeddable":true,"href":"https:\/\/baldumarket.lt\/lt\/wp-json\/wp\/v2\/comments?post=39332"}],"wp:featuredmedia":[{"embeddable":true,"href":"https:\/\/baldumarket.lt\/lt\/wp-json\/wp\/v2\/media\/29521"}],"wp:attachment":[{"href":"https:\/\/baldumarket.lt\/lt\/wp-json\/wp\/v2\/media?parent=39332"}],"wp:term":[{"taxonomy":"product_brand","embeddable":true,"href":"https:\/\/baldumarket.lt\/lt\/wp-json\/wp\/v2\/product_brand?post=39332"},{"taxonomy":"product_cat","embeddable":true,"href":"https:\/\/baldumarket.lt\/lt\/wp-json\/wp\/v2\/product_cat?post=39332"},{"taxonomy":"product_tag","embeddable":true,"href":"https:\/\/baldumarket.lt\/lt\/wp-json\/wp\/v2\/product_tag?post=39332"}],"curies":[{"name":"wp","href":"https:\/\/api.w.org\/{rel}","templated":true}]}}