{"id":39326,"date":"2025-11-19T19:54:41","date_gmt":"2025-11-19T16:54:41","guid":{"rendered":"https:\/\/baldumarket.lt\/?post_type=product&#038;p=39326"},"modified":"2026-03-24T13:08:28","modified_gmt":"2026-03-24T10:08:28","slug":"grayson-grupa-classic","status":"publish","type":"product","link":"https:\/\/baldumarket.lt\/lt\/product\/grayson-grupa-classic\/","title":{"rendered":"Grayson CLASSIC grup\u0117"},"content":{"rendered":"<p>\u201cGrayson\u201d \u2013 tai daugiafunkcin\u0117, eleganti\u0161ka ir erdvi L formos kampin\u0117 sofa, kuri gali tapti prabangiu bet kurios svetain\u0117s akcentu. \u0160is auk\u0161tos kokyb\u0117s baldas spinduliuoja komfortu ir klase, i\u0161 dalies d\u0117l novatori\u0161ko T30+HR putplas\u010dio, kuris padidina s\u0117dyn\u0117s elastingum\u0105 ir atsparum\u0105, taip pat yra atsparus vis\u0173 tip\u0173 deformacijoms. \u201eGrayson\u201c kampin\u0117 sofa, kurios matmenys 275 x 205 x 98 cm, si\u016blo ne tik komfort\u0105, bet ir ger\u0105 mieg\u0105 d\u0117l didelio 125 x 210 cm miegojimo pavir\u0161iaus. \u201eDelfino\u201c mechanizmas leid\u017eia paprastai ir intuityviai i\u0161skleisti kampin\u0119 sof\u0105, paver\u010diant j\u0105 erdvia lova. Patogumui joje taip pat yra prakti\u0161kas patalyn\u0117s skyrius, kuris neabejotinai supaprastina nam\u0173 ruo\u0161os darbus. M\u016bs\u0173 \u201eGrayson\u201c modelis pasi\u017eymi unikaliu, moderniu dizainu, yra lankstus, patvarus ir pasi\u017eymi didesniu nei vidutinis komfortu, tvirta konstrukcija, reguliuojamomis, judan\u010diomis galvos atramomis ir kont\u016bruota nugara. Jei smalsu, k\u0105 dar gali pasi\u016blyti m\u016bs\u0173 \u201eGrayson\u201c sofa, kvie\u010diame i\u0161bandyti \u0161i\u0105 kampin\u0119 sof\u0105. Tai tikrai bus puikus pasirinkimas.<\/p>","protected":false},"excerpt":{"rendered":"<p>\u201eGrayson\u201c \u2013 tai daugiafunkcin\u0117, eleganti\u0161ka ir erdvi L formos kampin\u0117 sofa, kuri gali tapti prabangiu bet kurios svetain\u0117s akcentu. \u0160is auk\u0161tos kokyb\u0117s baldas spinduliuoja komfortu ir klase, i\u0161 dalies d\u0117l novatori\u0161ko T30+HR putplas\u010dio, kuris padidina s\u0117dyn\u0117s elastingum\u0105 ir atsparum\u0105, taip pat yra atsparus vis\u0173 tip\u0173 deformacijoms. \u201eGrayson\u201c [\u2026]<\/p>","protected":false},"featured_media":14004,"comment_status":"open","ping_status":"closed","template":"","meta":[],"product_brand":[],"product_cat":[9133],"product_tag":[],"class_list":{"0":"post-39326","1":"product","2":"type-product","3":"status-publish","4":"has-post-thumbnail","6":"product_cat-grouped","8":"first","9":"instock","10":"shipping-taxable","11":"purchasable","12":"product-type-variable","13":"wvs-archive-product-wrapper"},"_links":{"self":[{"href":"https:\/\/baldumarket.lt\/lt\/wp-json\/wp\/v2\/product\/39326","targetHints":{"allow":["GET"]}}],"collection":[{"href":"https:\/\/baldumarket.lt\/lt\/wp-json\/wp\/v2\/product"}],"about":[{"href":"https:\/\/baldumarket.lt\/lt\/wp-json\/wp\/v2\/types\/product"}],"replies":[{"embeddable":true,"href":"https:\/\/baldumarket.lt\/lt\/wp-json\/wp\/v2\/comments?post=39326"}],"wp:featuredmedia":[{"embeddable":true,"href":"https:\/\/baldumarket.lt\/lt\/wp-json\/wp\/v2\/media\/14004"}],"wp:attachment":[{"href":"https:\/\/baldumarket.lt\/lt\/wp-json\/wp\/v2\/media?parent=39326"}],"wp:term":[{"taxonomy":"product_brand","embeddable":true,"href":"https:\/\/baldumarket.lt\/lt\/wp-json\/wp\/v2\/product_brand?post=39326"},{"taxonomy":"product_cat","embeddable":true,"href":"https:\/\/baldumarket.lt\/lt\/wp-json\/wp\/v2\/product_cat?post=39326"},{"taxonomy":"product_tag","embeddable":true,"href":"https:\/\/baldumarket.lt\/lt\/wp-json\/wp\/v2\/product_tag?post=39326"}],"curies":[{"name":"wp","href":"https:\/\/api.w.org\/{rel}","templated":true}]}}