{"id":39314,"date":"2025-11-19T19:54:16","date_gmt":"2025-11-19T16:54:16","guid":{"rendered":"https:\/\/baldumarket.lt\/?post_type=product&#038;p=39314"},"modified":"2026-03-24T13:08:28","modified_gmt":"2026-03-24T10:08:28","slug":"gomsi-grupa-classic","status":"publish","type":"product","link":"https:\/\/baldumarket.lt\/lt\/product\/gomsi-grupa-classic\/","title":{"rendered":"Gomsi CLASSIC grup\u0117"},"content":{"rendered":"<p>228x165x100 centimetr\u0173 dyd\u017eio \u201eGomsi\u201c kampin\u0117 sofa puikiai papildys bet kok\u012f interjer\u0105. Dygsniuotos s\u0117dyn\u0117s ir juodos metalin\u0117s kojel\u0117s suteikia jai unikali\u0105 i\u0161vaizd\u0105, o apmu\u0161tas atlo\u0161as \u2013 universal\u0173 pritaikym\u0105. Ji puikiai der\u0117s tiek prie modernaus, tiek prie eleganti\u0161ko interjero. Tur\u0117dami 128\u00d7200 centimetr\u0173 dyd\u017eio miegojimo funkcij\u0105, gal\u0117site atsipalaiduoti ir pails\u0117ti \u017ei\u016br\u0117dami m\u0117gstamus filmus ir TV laidas. Kasdien\u012f komfort\u0105 u\u017etikrina ne tik miegojimo funkcija, bet ir itin elastingas HR putplastis bei auk\u0161\u010diausios kokyb\u0117s B tipo vingiuotos spyruokl\u0117s, esan\u010dios ant s\u0117dyni\u0173, suteikian\u010dios spyruokli\u0161kumo poj\u016bt\u012f. Dar viena patogi savyb\u0117 \u2013 117x97x15 cm dyd\u017eio patalyn\u0117s skyrius, kuriame galite lengvai laikyti papildomas antklodes, pagalves ir patalyn\u0119.<\/p>","protected":false},"excerpt":{"rendered":"<p>\u201eGomsi\u201c kampin\u0117 sofa, kurios matmenys \u2013 228 x 165 x 100 centimetr\u0173, puikiai papildys bet kok\u012f interjer\u0105. Dygsniuotos s\u0117dyn\u0117s ir juodos metalin\u0117s kojel\u0117s suteikia jai unikali\u0105 i\u0161vaizd\u0105, o apmu\u0161tas atlo\u0161as \u2013 universal\u0173 pritaikym\u0105. Ji puikiai tiks tiek moderniame, tiek eleganti\u0161kame interjere. Su 128 x 200 centimetr\u0173 dyd\u017eio miegojimo funkcija gal\u0117site atsipalaiduoti ir pails\u0117ti [\u2026]<\/p>","protected":false},"featured_media":13653,"comment_status":"open","ping_status":"closed","template":"","meta":[],"product_brand":[],"product_cat":[9133],"product_tag":[],"class_list":{"0":"post-39314","1":"product","2":"type-product","3":"status-publish","4":"has-post-thumbnail","6":"product_cat-grouped","7":"pa_frame-material-wood","8":"pa_frame-material-type-pine","9":"pa_leg-color-black","10":"pa_leg-material-metal","11":"pa_linen-box-yes","12":"pa_seat-depth-899","13":"pa_seat-depth-undefined","14":"pa_seat-width-557","15":"pa_seat-width-undefined","16":"pa_sleep-function-yes","17":"pa_sleep-function-undefined","18":"pa_sleeping-area-length-498","19":"pa_sleeping-area-length-undefined","20":"pa_sleeping-area-width-900","21":"pa_sleeping-area-width-undefined","22":"pa_style-modern","23":"pa_style-undefined","24":"pa_upholstery-material-undefined","26":"first","27":"instock","28":"shipping-taxable","29":"purchasable","30":"product-type-variable","31":"wvs-archive-product-wrapper"},"_links":{"self":[{"href":"https:\/\/baldumarket.lt\/lt\/wp-json\/wp\/v2\/product\/39314","targetHints":{"allow":["GET"]}}],"collection":[{"href":"https:\/\/baldumarket.lt\/lt\/wp-json\/wp\/v2\/product"}],"about":[{"href":"https:\/\/baldumarket.lt\/lt\/wp-json\/wp\/v2\/types\/product"}],"replies":[{"embeddable":true,"href":"https:\/\/baldumarket.lt\/lt\/wp-json\/wp\/v2\/comments?post=39314"}],"wp:featuredmedia":[{"embeddable":true,"href":"https:\/\/baldumarket.lt\/lt\/wp-json\/wp\/v2\/media\/13653"}],"wp:attachment":[{"href":"https:\/\/baldumarket.lt\/lt\/wp-json\/wp\/v2\/media?parent=39314"}],"wp:term":[{"taxonomy":"product_brand","embeddable":true,"href":"https:\/\/baldumarket.lt\/lt\/wp-json\/wp\/v2\/product_brand?post=39314"},{"taxonomy":"product_cat","embeddable":true,"href":"https:\/\/baldumarket.lt\/lt\/wp-json\/wp\/v2\/product_cat?post=39314"},{"taxonomy":"product_tag","embeddable":true,"href":"https:\/\/baldumarket.lt\/lt\/wp-json\/wp\/v2\/product_tag?post=39314"}],"curies":[{"name":"wp","href":"https:\/\/api.w.org\/{rel}","templated":true}]}}