{"id":39296,"date":"2025-11-19T19:54:14","date_gmt":"2025-11-19T16:54:14","guid":{"rendered":"https:\/\/baldumarket.lt\/?post_type=product&#038;p=39296"},"modified":"2026-03-24T13:27:05","modified_gmt":"2026-03-24T10:27:05","slug":"glossy-145x210-grupa-prestige","status":"publish","type":"product","link":"https:\/\/baldumarket.lt\/lt\/product\/glossy-145x210-grupa-prestige\/","title":{"rendered":"Blizgios 145\u00d7210 PRESTIGE grup\u0117"},"content":{"rendered":"<p>\u201eGlossy\u201c \u2013 tai i\u0161skirtin\u0117, skoningai suprojektuota, erdvi ir kruop\u0161\u010diai suformuota lova su spyruokl\u0117mis, skirta i\u0161skirtinio komforto m\u0117g\u0117jams dien\u0105 ir nakt\u012f. Patog\u0173 ir ram\u0173 mieg\u0105 \u201eGlossy\u201c \u010diu\u017einyje garantuoja 15 cm auk\u0161\u010dio \u201eBonnell\u201c spyruoklinis \u010diu\u017einys ir 4 cm auk\u0161\u010dio vir\u0161utinis \u010diu\u017einys. \u0160is derinys u\u017etikrina sveik\u0105 mieg\u0105 ir taisykling\u0105 stuburo pad\u0117t\u012f. \u201eGlossy\u201c yra funkcionali lova, i\u0161 dalies d\u0117l dviej\u0173 erdvi\u0173 patalyn\u0117s skyri\u0173 ir daug erdv\u0117s poilsiui \u2013 ji si\u016bloma trij\u0173 dyd\u017ei\u0173: 145\/165\/185 x 200 cm. Papildomos \u0161io modelio savyb\u0117s: auk\u0161ta s\u0117dyn\u0117, 3 cm kojel\u0117s ir unikalus \u201eGlossy\u201c dizainas. Paprasta auk\u0161to galv\u016bgalio forma praturtinta languotomis si\u016bl\u0117mis, suteikian\u010diomis visai konstrukcijai unikalaus \u017eavesio. \u201eGlossy\u201c \u2013 tai lova, kuri d\u017eiugina ir \u017eavi. Verta j\u0105 tur\u0117ti savo miegamajame.<\/p>","protected":false},"excerpt":{"rendered":"<p>\u201eGlossy\u201c \u2013 tai i\u0161skirtin\u0117, skoningai suprojektuota, erdvi ir kruop\u0161\u010diai suformuota lova su spyruokl\u0117mis, skirta i\u0161skirtinio komforto m\u0117g\u0117jams dien\u0105 ir nakt\u012f. Patog\u0173 ir ram\u0173 mieg\u0105 \u201eGlossy\u201c \u010diu\u017einyje garantuoja 15 cm auk\u0161\u010dio \u201eBonnell\u201c spyruoklinis \u010diu\u017einys ir 4 cm auk\u0161\u010dio \u010diu\u017einys ant \u010diu\u017einio. \u0160is derinys u\u017etikrina sveik\u0105 mieg\u0105 ir [\u2026]<\/p>","protected":false},"featured_media":17833,"comment_status":"open","ping_status":"closed","template":"","meta":[],"product_brand":[],"product_cat":[9133],"product_tag":[],"class_list":{"0":"post-39296","1":"product","2":"type-product","3":"status-publish","4":"has-post-thumbnail","6":"product_cat-grouped","7":"pa_frame-material-wood","8":"pa_frame-material-type-pine","9":"pa_leg-color-undefined","10":"pa_leg-material-undefined","11":"pa_linen-box-yes","12":"pa_seat-depth-495","13":"pa_seat-width-undefined","14":"pa_sleep-function-yes","15":"pa_sleeping-area-length-498","16":"pa_sleeping-area-width-998","17":"pa_style-scandinavian","18":"pa_upholstery-material-polyester","20":"first","21":"instock","22":"shipping-taxable","23":"purchasable","24":"product-type-variable","25":"wvs-archive-product-wrapper"},"_links":{"self":[{"href":"https:\/\/baldumarket.lt\/lt\/wp-json\/wp\/v2\/product\/39296","targetHints":{"allow":["GET"]}}],"collection":[{"href":"https:\/\/baldumarket.lt\/lt\/wp-json\/wp\/v2\/product"}],"about":[{"href":"https:\/\/baldumarket.lt\/lt\/wp-json\/wp\/v2\/types\/product"}],"replies":[{"embeddable":true,"href":"https:\/\/baldumarket.lt\/lt\/wp-json\/wp\/v2\/comments?post=39296"}],"wp:featuredmedia":[{"embeddable":true,"href":"https:\/\/baldumarket.lt\/lt\/wp-json\/wp\/v2\/media\/17833"}],"wp:attachment":[{"href":"https:\/\/baldumarket.lt\/lt\/wp-json\/wp\/v2\/media?parent=39296"}],"wp:term":[{"taxonomy":"product_brand","embeddable":true,"href":"https:\/\/baldumarket.lt\/lt\/wp-json\/wp\/v2\/product_brand?post=39296"},{"taxonomy":"product_cat","embeddable":true,"href":"https:\/\/baldumarket.lt\/lt\/wp-json\/wp\/v2\/product_cat?post=39296"},{"taxonomy":"product_tag","embeddable":true,"href":"https:\/\/baldumarket.lt\/lt\/wp-json\/wp\/v2\/product_tag?post=39296"}],"curies":[{"name":"wp","href":"https:\/\/api.w.org\/{rel}","templated":true}]}}