{"id":39290,"date":"2025-11-19T19:53:53","date_gmt":"2025-11-19T16:53:53","guid":{"rendered":"https:\/\/baldumarket.lt\/?post_type=product&#038;p=39290"},"modified":"2026-04-21T17:24:06","modified_gmt":"2026-04-21T14:24:06","slug":"giulio-grupa-classic","status":"publish","type":"product","link":"https:\/\/baldumarket.lt\/lt\/product\/giulio-grupa-classic\/","title":{"rendered":"Giulio CLASSIC grup\u0117"},"content":{"rendered":"<p>\u201eGiulio\u201c \u2013 tai unikali, funkcionali ir stilinga kampin\u0117 sofa, kurios klasikin\u0119 form\u0105 papildo modernios ir \u012fdomios apdailos. M\u016bs\u0173 239 x 150 x 86 cm dyd\u017eio kampin\u0117 sofa puikiai tinka dienos poilsiui, ta\u010diau gali b\u016bti naudojama ir kaip miegojimo vieta. \u0160is modelis turi erdv\u0173 patalyn\u0117s skyri\u0173. I\u0161traukiamas pagrindas ir atlenkiamas atlo\u0161as u\u017etikrina greit\u0105 ir intuityv\u0173 i\u0161skleidim\u0105. T3040 putplastis, atsparus vis\u0173 tip\u0173 deformacijoms, garantuoja i\u0161skirtin\u012f komfort\u0105. Papildomi m\u016bs\u0173 bald\u0173 i\u0161skirtiniai bruo\u017eai \u2013 stilingas, dviej\u0173 spalv\u0173 apmu\u0161alas, patog\u016bs porankiai ir stabilios s\u0117dyn\u0117s. \u201eGiulio\u201c yra ne tik funkcionali, bet ir unikali, i\u0161rai\u0161kinga bei vizualiai patraukli, galinti pagyvinti daugel\u012f j\u016bs\u0173 nam\u0173 kambari\u0173.<\/p>","protected":false},"excerpt":{"rendered":"<p>\u201eGiulio\u201c \u2013 tai unikali, funkcionali ir stilinga kampin\u0117 sofa, kurios klasikin\u0119 form\u0105 papildo modernios ir \u012fdomios apdailos. M\u016bs\u0173 239 x 150 x 86 cm dyd\u017eio kampin\u0117 sofa puikiai tinka dienos poilsiui, ta\u010diau j\u0105 taip pat galima naudoti ir kaip miegojimo viet\u0105. \u0160is modelis turi erdv\u0173 patalyn\u0117s skyri\u0173. I\u0161traukiamas pagrindas [\u2026]<\/p>","protected":false},"featured_media":17808,"comment_status":"open","ping_status":"closed","template":"","meta":[],"product_brand":[],"product_cat":[9133],"product_tag":[],"class_list":{"0":"post-39290","1":"product","2":"type-product","3":"status-publish","4":"has-post-thumbnail","6":"product_cat-grouped","8":"first","9":"instock","10":"shipping-taxable","11":"purchasable","12":"product-type-variable","13":"wvs-archive-product-wrapper"},"_links":{"self":[{"href":"https:\/\/baldumarket.lt\/lt\/wp-json\/wp\/v2\/product\/39290","targetHints":{"allow":["GET"]}}],"collection":[{"href":"https:\/\/baldumarket.lt\/lt\/wp-json\/wp\/v2\/product"}],"about":[{"href":"https:\/\/baldumarket.lt\/lt\/wp-json\/wp\/v2\/types\/product"}],"replies":[{"embeddable":true,"href":"https:\/\/baldumarket.lt\/lt\/wp-json\/wp\/v2\/comments?post=39290"}],"wp:featuredmedia":[{"embeddable":true,"href":"https:\/\/baldumarket.lt\/lt\/wp-json\/wp\/v2\/media\/17808"}],"wp:attachment":[{"href":"https:\/\/baldumarket.lt\/lt\/wp-json\/wp\/v2\/media?parent=39290"}],"wp:term":[{"taxonomy":"product_brand","embeddable":true,"href":"https:\/\/baldumarket.lt\/lt\/wp-json\/wp\/v2\/product_brand?post=39290"},{"taxonomy":"product_cat","embeddable":true,"href":"https:\/\/baldumarket.lt\/lt\/wp-json\/wp\/v2\/product_cat?post=39290"},{"taxonomy":"product_tag","embeddable":true,"href":"https:\/\/baldumarket.lt\/lt\/wp-json\/wp\/v2\/product_tag?post=39290"}],"curies":[{"name":"wp","href":"https:\/\/api.w.org\/{rel}","templated":true}]}}