{"id":39282,"date":"2025-11-19T19:53:52","date_gmt":"2025-11-19T16:53:52","guid":{"rendered":"https:\/\/baldumarket.lt\/?post_type=product&#038;p=39282"},"modified":"2026-03-24T13:08:20","modified_gmt":"2026-03-24T10:08:20","slug":"giovanni-grupa-classic","status":"publish","type":"product","link":"https:\/\/baldumarket.lt\/lt\/product\/giovanni-grupa-classic\/","title":{"rendered":"Giovanni CLASSIC grup\u0117"},"content":{"rendered":"<p>\u201eGiovanni\u201c \u2013 tai i\u0161skirtinai stilinga, rafinuota ir novatori\u0161ka ateities U formos kampin\u0117 sofa, kurios matmenys \u2013 340 x 200 x 88 cm. \u0160is baldas pasi\u017eymi patogia, mink\u0161ta s\u0117dyne, pagaminta i\u0161 patvari\u0173 vingiuot\u0173 spyruokli\u0173 ir lanks\u010di\u0173 T30 put\u0173, kurios yra atsparios ne tik pa\u017eeidimams, bet ir vis\u0173 tip\u0173 deformacijoms bei \u012fbr\u0117\u017eimams. Modernus klasikinis dizainas pasi\u017eymi papildomu \u0161oniniu elementu, kuris tarnauja kaip erdvus porankis, kuris taip pat gali b\u016bti naudojamas kaip papildoma s\u0117dyn\u0117. M\u016bs\u0173 kampin\u0117 sofa turi miegojimo funkcij\u0105, kurios pavir\u0161iaus plotas yra 295 x 120 cm, taip pat patalyn\u0117s skyri\u0173. B\u016bdingi \u201eGiovanni\u201c kampin\u0117s sofos bruo\u017eai: suapvalinti kra\u0161tai, suteikiantys elegancijos, sidabrin\u0117s metalin\u0117s kojel\u0117s, platus, vingiuotas, \u017eemyn lenktas porankis, stilingi s\u0117dyni\u0173 apmu\u0161alai ir dosnios pagalv\u0117l\u0117s. Pasirink\u0119 m\u016bs\u0173 kampin\u0119 sof\u0105, kuri yra ne tik vizualiai patraukli, bet ir funkcionali, tikrai rasite visk\u0105, ko reikia, kad pasiektum\u0117te maksimal\u0173 pasitenkinim\u0105 m\u016bs\u0173 si\u016blomu komfortu.<\/p>","protected":false},"excerpt":{"rendered":"<p>\u201eGiovanni\u201c \u2013 tai i\u0161skirtinai stilinga, rafinuota ir novatori\u0161ka ateities U formos kampin\u0117 sofa, kurios matmenys \u2013 340 x 200 x 88 cm. \u0160is baldas pasi\u017eymi patogia, mink\u0161ta s\u0117dyne, pagaminta i\u0161 patvari\u0173 vingiuot\u0173 spyruokli\u0173 ir lanks\u010di\u0173 T30 put\u0173, kurios yra atsparios ne tik pa\u017eeidimams, bet ir vis\u0173 tip\u0173 deformacijoms bei \u012fbr\u0117\u017eimams. [\u2026]<\/p>","protected":false},"featured_media":17696,"comment_status":"open","ping_status":"closed","template":"","meta":[],"product_brand":[],"product_cat":[9133],"product_tag":[],"class_list":{"0":"post-39282","1":"product","2":"type-product","3":"status-publish","4":"has-post-thumbnail","6":"product_cat-grouped","8":"first","9":"instock","10":"shipping-taxable","11":"purchasable","12":"product-type-variable","13":"wvs-archive-product-wrapper"},"_links":{"self":[{"href":"https:\/\/baldumarket.lt\/lt\/wp-json\/wp\/v2\/product\/39282","targetHints":{"allow":["GET"]}}],"collection":[{"href":"https:\/\/baldumarket.lt\/lt\/wp-json\/wp\/v2\/product"}],"about":[{"href":"https:\/\/baldumarket.lt\/lt\/wp-json\/wp\/v2\/types\/product"}],"replies":[{"embeddable":true,"href":"https:\/\/baldumarket.lt\/lt\/wp-json\/wp\/v2\/comments?post=39282"}],"wp:featuredmedia":[{"embeddable":true,"href":"https:\/\/baldumarket.lt\/lt\/wp-json\/wp\/v2\/media\/17696"}],"wp:attachment":[{"href":"https:\/\/baldumarket.lt\/lt\/wp-json\/wp\/v2\/media?parent=39282"}],"wp:term":[{"taxonomy":"product_brand","embeddable":true,"href":"https:\/\/baldumarket.lt\/lt\/wp-json\/wp\/v2\/product_brand?post=39282"},{"taxonomy":"product_cat","embeddable":true,"href":"https:\/\/baldumarket.lt\/lt\/wp-json\/wp\/v2\/product_cat?post=39282"},{"taxonomy":"product_tag","embeddable":true,"href":"https:\/\/baldumarket.lt\/lt\/wp-json\/wp\/v2\/product_tag?post=39282"}],"curies":[{"name":"wp","href":"https:\/\/api.w.org\/{rel}","templated":true}]}}