{"id":39272,"date":"2025-11-19T19:53:30","date_gmt":"2025-11-19T16:53:30","guid":{"rendered":"https:\/\/baldumarket.lt\/?post_type=product&#038;p=39272"},"modified":"2026-03-24T13:35:36","modified_gmt":"2026-03-24T10:35:36","slug":"gino-grupa-special","status":"publish","type":"product","link":"https:\/\/baldumarket.lt\/lt\/product\/gino-grupa-special\/","title":{"rendered":"Gino Grupa SPECIAL"},"content":{"rendered":"<p>\u201eGino\u201c \u2013 eleganti\u0161ka, klasikinio stiliaus ir paprasta kampin\u0117 sofa, kompakti\u0161kas, daugiafunkcis baldas, kurio matmenys \u2013 201 x 143 x 90 cm. \u0160is patogus baldas suteiks naudotojui maksimal\u0173 komfort\u0105 dien\u0105, patogum\u0105 nakt\u012f ir bendr\u0105 pasitenkinim\u0105 \u2013 nepriklausomai nuo paros laiko. 201 x 124 cm miegamasis pavir\u0161ius u\u017etikrina i\u0161skirtin\u012f mink\u0161tum\u0105 kasdien naudojant. Papildomas privalumas \u2013 erdvus patalyn\u0117s skyrius. Intuityvi i\u0161skleidimo sistema su i\u0161traukiamu dugnu leid\u017eia greitai pritaikyti kampin\u0119 sof\u0105 pagal savo poreikius. \u0160i\u0105 teigiam\u0105 patirt\u012f sustiprina T30 putplas\u010dio s\u0117dyn\u0117s konstrukcija, kuri u\u017etikrina mink\u0161tum\u0105, ta\u010diau i\u0161lieka lanksti. \u0160is u\u017epildas suma\u017eina negra\u017ei\u0173 \u012flenkim\u0173, pa\u017eeidim\u0173 ir \u012fbr\u0117\u017eim\u0173 rizik\u0105 net ir po ilgo naudojimo. Minimalistinis \u201eGino\u201c kampin\u0117s sofos dizainas \u017eavi savo paprastumu ir geometrin\u0117mis formomis ir neabejotinai papildys bet kok\u012f interjer\u0105.<\/p>","protected":false},"excerpt":{"rendered":"<p>\u201eGino\u201c \u2013 eleganti\u0161ka, klasikinio stiliaus ir paprasta kampin\u0117 sofa, kompakti\u0161kas, daugiafunkcis baldas, kurio matmenys \u2013 201 x 143 x 90 cm. \u0160is patogus baldas suteiks naudotojui maksimal\u0173 komfort\u0105 dien\u0105, patogum\u0105 nakt\u012f ir bendr\u0105 pasitenkinim\u0105 \u2013 nepriklausomai nuo paros laiko. Miegamasis plotas, kurio matmenys \u2013 201 [\u2026]<\/p>","protected":false},"featured_media":13634,"comment_status":"open","ping_status":"closed","template":"","meta":[],"product_brand":[],"product_cat":[9133],"product_tag":[],"class_list":{"0":"post-39272","1":"product","2":"type-product","3":"status-publish","4":"has-post-thumbnail","6":"product_cat-grouped","8":"first","9":"instock","10":"shipping-taxable","11":"purchasable","12":"product-type-variable","13":"wvs-archive-product-wrapper"},"_links":{"self":[{"href":"https:\/\/baldumarket.lt\/lt\/wp-json\/wp\/v2\/product\/39272","targetHints":{"allow":["GET"]}}],"collection":[{"href":"https:\/\/baldumarket.lt\/lt\/wp-json\/wp\/v2\/product"}],"about":[{"href":"https:\/\/baldumarket.lt\/lt\/wp-json\/wp\/v2\/types\/product"}],"replies":[{"embeddable":true,"href":"https:\/\/baldumarket.lt\/lt\/wp-json\/wp\/v2\/comments?post=39272"}],"wp:featuredmedia":[{"embeddable":true,"href":"https:\/\/baldumarket.lt\/lt\/wp-json\/wp\/v2\/media\/13634"}],"wp:attachment":[{"href":"https:\/\/baldumarket.lt\/lt\/wp-json\/wp\/v2\/media?parent=39272"}],"wp:term":[{"taxonomy":"product_brand","embeddable":true,"href":"https:\/\/baldumarket.lt\/lt\/wp-json\/wp\/v2\/product_brand?post=39272"},{"taxonomy":"product_cat","embeddable":true,"href":"https:\/\/baldumarket.lt\/lt\/wp-json\/wp\/v2\/product_cat?post=39272"},{"taxonomy":"product_tag","embeddable":true,"href":"https:\/\/baldumarket.lt\/lt\/wp-json\/wp\/v2\/product_tag?post=39272"}],"curies":[{"name":"wp","href":"https:\/\/api.w.org\/{rel}","templated":true}]}}