{"id":39270,"date":"2025-11-19T19:53:29","date_gmt":"2025-11-19T16:53:29","guid":{"rendered":"https:\/\/baldumarket.lt\/?post_type=product&#038;p=39270"},"modified":"2026-03-24T13:26:57","modified_gmt":"2026-03-24T10:26:57","slug":"garett-grupa-prestige","status":"publish","type":"product","link":"https:\/\/baldumarket.lt\/lt\/product\/garett-grupa-prestige\/","title":{"rendered":"Garett PRESTIGE grup\u0117"},"content":{"rendered":"<p>\u201eGarett\u201c \u2013 eleganti\u0161ka ir itin stilinga sofa, kuri \u017eavi savo meistri\u0161kumu. Klasikin\u0117 forma ir stilinga apdaila suteikia sofai unikal\u0173 charakter\u012f. \u201eGarett\u201c \u2013 tai 210 x 85 x 90 cm dyd\u017eio baldas, puikiai tinkantis poilsiui dien\u0105 ir nakt\u012f, nes jame yra miegojimo funkcija. 115 x 190 cm dyd\u017eio lovoje yra papildomas erdvus patalyn\u0117s skyrius su spragtel\u0117jimo tipo atidarymo mechanizmu. D\u0117l \u201ebonell\u201c spyruokli\u0173 ir T25 putplas\u010dio sofos s\u0117dyn\u0117 yra itin lanksti, mink\u0161ta ir atspari vis\u0173 tip\u0173 deformacijoms. Paprasta forma, eleganti\u0161ka apdaila ir tvirta konstrukcija \u2013 tai, kuo pasi\u017eymi \u201eGarett\u201c poilsio baldai. \u0160i sofa tikrai pateisins visus j\u016bs\u0173 l\u016bkes\u010dius.<\/p>","protected":false},"excerpt":{"rendered":"<p>\u201eGarett\u201c \u2013 eleganti\u0161ka ir labai stilinga sofa, kuri \u017eavi savo meistri\u0161kumu. Klasikin\u0117 forma ir stilinga apdaila suteikia sofai unikal\u0173 charakter\u012f. \u201eGarett\u201c \u2013 tai 210 x 85 x 90 cm dyd\u017eio baldas, puikiai tinkantis poilsiui dien\u0105 ir nakt\u012f, nes jame yra miegojimo funkcija. [\u2026]<\/p>","protected":false},"featured_media":17631,"comment_status":"open","ping_status":"closed","template":"","meta":[],"product_brand":[],"product_cat":[9133],"product_tag":[],"class_list":{"0":"post-39270","1":"product","2":"type-product","3":"status-publish","4":"has-post-thumbnail","6":"product_cat-grouped","8":"first","9":"instock","10":"shipping-taxable","11":"purchasable","12":"product-type-variable","13":"wvs-archive-product-wrapper"},"_links":{"self":[{"href":"https:\/\/baldumarket.lt\/lt\/wp-json\/wp\/v2\/product\/39270","targetHints":{"allow":["GET"]}}],"collection":[{"href":"https:\/\/baldumarket.lt\/lt\/wp-json\/wp\/v2\/product"}],"about":[{"href":"https:\/\/baldumarket.lt\/lt\/wp-json\/wp\/v2\/types\/product"}],"replies":[{"embeddable":true,"href":"https:\/\/baldumarket.lt\/lt\/wp-json\/wp\/v2\/comments?post=39270"}],"wp:featuredmedia":[{"embeddable":true,"href":"https:\/\/baldumarket.lt\/lt\/wp-json\/wp\/v2\/media\/17631"}],"wp:attachment":[{"href":"https:\/\/baldumarket.lt\/lt\/wp-json\/wp\/v2\/media?parent=39270"}],"wp:term":[{"taxonomy":"product_brand","embeddable":true,"href":"https:\/\/baldumarket.lt\/lt\/wp-json\/wp\/v2\/product_brand?post=39270"},{"taxonomy":"product_cat","embeddable":true,"href":"https:\/\/baldumarket.lt\/lt\/wp-json\/wp\/v2\/product_cat?post=39270"},{"taxonomy":"product_tag","embeddable":true,"href":"https:\/\/baldumarket.lt\/lt\/wp-json\/wp\/v2\/product_tag?post=39270"}],"curies":[{"name":"wp","href":"https:\/\/api.w.org\/{rel}","templated":true}]}}