{"id":39266,"date":"2025-11-19T19:53:29","date_gmt":"2025-11-19T16:53:29","guid":{"rendered":"https:\/\/baldumarket.lt\/?post_type=product&#038;p=39266"},"modified":"2026-03-24T13:08:20","modified_gmt":"2026-03-24T10:08:20","slug":"fulgeo-grupa-classic","status":"publish","type":"product","link":"https:\/\/baldumarket.lt\/lt\/product\/fulgeo-grupa-classic\/","title":{"rendered":"Fulgeo CLASSIC grup\u0117"},"content":{"rendered":"<p>\u201eFulgeo\u201c sofa-lova \u2013 tai sprendimas, sukurtas galvojant apie i\u0161rank\u0173, \u0161iuolaikin\u012f vartotoj\u0105. Ji pasi\u017eymi ne tik minimalistiniu ir esteti\u0161kai patraukliu dizainu, bet ir funkcionalia i\u0161lankstymo sistema, leid\u017eian\u010dia greitai ir lengvai vis\u0105 bald\u0105 paversti patogia lova. \u0160is variantas idealiai tinka studijos tipo butui, svetainei su virtuv\u0117le arba jaunimo kambariui. S\u0117dyn\u0117 u\u017epildyta T2540 poliuretano putomis, o atlo\u0161as \u2013 T2130 poliuretano putomis. Ji turi lengvai naudojam\u0105 miegojimo funkcij\u0105 ir erdvi\u0105 patalyn\u0117s laikymo viet\u0105. Apa\u010dioje esantis daiktad\u0117\u017e\u0117 padeda susitvarkyti su netvarka, tod\u0117l lovos klojimo procesas yra itin efektyvus. \u201eFulgeo\u201c modelis pasi\u017eymi i\u0161skirtinai eleganti\u0161ka apmu\u0161al\u0173 med\u017eiaga, pagaminta i\u0161 aksominio audinio su subtilia, austa strukt\u016bra, kuri \u0161velniai \u017e\u0117ri ap\u0161viesta. Be gra\u017eios i\u0161vaizdos, \u0161i med\u017eiaga taip pat pasi\u017eymi dideliu atsparumu trin\u010diai, dilimui ir pumpuravimuisi. Ji taip pat neblunka veikiama \u0161viesos. Tai rei\u0161kia, kad gal\u0117site ilgai m\u0117gautis jos pirmyk\u0161\u010diu gro\u017eiu ant savo naujo baldo!<\/p>","protected":false},"excerpt":{"rendered":"<p>\u201eFulgeo\u201c sofa-lova \u2013 tai sprendimas, sukurtas galvojant apie i\u0161rank\u0173, \u0161iuolaikin\u012f vartotoj\u0105. Ji pasi\u017eymi ne tik minimalistiniu ir esteti\u0161kai patraukliu dizainu, bet ir funkcionalia i\u0161skleid\u017eiama sistema, leid\u017eian\u010dia greitai ir lengvai vis\u0105 bald\u0105 paversti patogia lova. \u0160is variantas idealiai tinka studijos tipo butui, [\u2026]<\/p>","protected":false},"featured_media":26048,"comment_status":"open","ping_status":"closed","template":"","meta":[],"product_brand":[],"product_cat":[9133],"product_tag":[],"class_list":{"0":"post-39266","1":"product","2":"type-product","3":"status-publish","4":"has-post-thumbnail","6":"product_cat-grouped","8":"first","9":"instock","10":"shipping-taxable","11":"purchasable","12":"product-type-variable","13":"wvs-archive-product-wrapper"},"_links":{"self":[{"href":"https:\/\/baldumarket.lt\/lt\/wp-json\/wp\/v2\/product\/39266","targetHints":{"allow":["GET"]}}],"collection":[{"href":"https:\/\/baldumarket.lt\/lt\/wp-json\/wp\/v2\/product"}],"about":[{"href":"https:\/\/baldumarket.lt\/lt\/wp-json\/wp\/v2\/types\/product"}],"replies":[{"embeddable":true,"href":"https:\/\/baldumarket.lt\/lt\/wp-json\/wp\/v2\/comments?post=39266"}],"wp:featuredmedia":[{"embeddable":true,"href":"https:\/\/baldumarket.lt\/lt\/wp-json\/wp\/v2\/media\/26048"}],"wp:attachment":[{"href":"https:\/\/baldumarket.lt\/lt\/wp-json\/wp\/v2\/media?parent=39266"}],"wp:term":[{"taxonomy":"product_brand","embeddable":true,"href":"https:\/\/baldumarket.lt\/lt\/wp-json\/wp\/v2\/product_brand?post=39266"},{"taxonomy":"product_cat","embeddable":true,"href":"https:\/\/baldumarket.lt\/lt\/wp-json\/wp\/v2\/product_cat?post=39266"},{"taxonomy":"product_tag","embeddable":true,"href":"https:\/\/baldumarket.lt\/lt\/wp-json\/wp\/v2\/product_tag?post=39266"}],"curies":[{"name":"wp","href":"https:\/\/api.w.org\/{rel}","templated":true}]}}