{"id":39254,"date":"2025-11-19T19:53:28","date_gmt":"2025-11-19T16:53:28","guid":{"rendered":"https:\/\/baldumarket.lt\/?post_type=product&#038;p=39254"},"modified":"2026-03-24T13:16:38","modified_gmt":"2026-03-24T10:16:38","slug":"foble-grupa-premium","status":"publish","type":"product","link":"https:\/\/baldumarket.lt\/lt\/product\/foble-grupa-premium\/","title":{"rendered":"Foble PREMIUM grup\u0117"},"content":{"rendered":"<p>\u201eFoble\u201c modelis, kur\u012f pristatome, yra daugiau nei tiesiog baldas. Tai b\u016bdas atgauti darbo metu prarast\u0105 energij\u0105 ir v\u0117l nusi\u0161ypsoti! Netikite? Pa\u017evelkite, i\u0161 ko pagaminta m\u016bs\u0173 kampin\u0117 sofa: jos \u0161irdyje rasite itin elasting\u0105 HR putplast\u012f, elasting\u0105 juosmens juost\u0105, T2130 putplast\u012f ir B tipo banguotas spyruokles. Dizainas \u0161velniai apgaubia j\u016bs\u0173 k\u016bn\u0105, u\u017etikrindamas tinkam\u0105 atram\u0105 svarbiausioms jo vietoms. Kruop\u0161\u010diai parinktas auk\u0161\u010diausios kokyb\u0117s med\u017eiag\u0173 derinys taip pat daro kampin\u0119 sof\u0105 atspari\u0105 rauk\u0161l\u0117ms ir deformacijai. Tai rei\u0161kia, kad net ir intensyviai naudojant, ji i\u0161liks be negra\u017ei\u0173 ir nemaloni\u0173 \u012flenkim\u0173. Ji steb\u0117tinai ilgai atrodys kaip nauja! Siekiant maksimalaus saugumo, \u201eFoble\u201c turi reguliuojamas galvos atramas. Papildomas kampin\u0117s sofos privalumas \u2013 trys standartin\u0117s dekoratyvin\u0117s pagalv\u0117l\u0117s. Jos ne tik padidina naudojimo komfort\u0105, bet ir yra estetinis papuo\u0161alas, pagerinantis jos i\u0161vaizd\u0105. Taip pat galite jas pastatyti ant foteli\u0173, kad sukurtum\u0117te harmoning\u0105 ir vientis\u0105 dekor\u0105.<\/p>","protected":false},"excerpt":{"rendered":"<p>\u201eFoble\u201c modelis, kur\u012f pristatome, yra daugiau nei tiesiog baldas. Tai b\u016bdas atgauti darbo metu prarast\u0105 energij\u0105 ir v\u0117l nusi\u0161ypsoti! Netikite? Pa\u017evelkite, i\u0161 ko pagaminta m\u016bs\u0173 kampin\u0117 sofa: jos \u0161erdyje rasite itin elasting\u0105 HR putplast\u012f, [\u2026]<\/p>","protected":false},"featured_media":13169,"comment_status":"open","ping_status":"closed","template":"","meta":[],"product_brand":[],"product_cat":[9133],"product_tag":[],"class_list":{"0":"post-39254","1":"product","2":"type-product","3":"status-publish","4":"has-post-thumbnail","6":"product_cat-grouped","8":"first","9":"instock","10":"shipping-taxable","11":"purchasable","12":"product-type-variable","13":"wvs-archive-product-wrapper"},"_links":{"self":[{"href":"https:\/\/baldumarket.lt\/lt\/wp-json\/wp\/v2\/product\/39254","targetHints":{"allow":["GET"]}}],"collection":[{"href":"https:\/\/baldumarket.lt\/lt\/wp-json\/wp\/v2\/product"}],"about":[{"href":"https:\/\/baldumarket.lt\/lt\/wp-json\/wp\/v2\/types\/product"}],"replies":[{"embeddable":true,"href":"https:\/\/baldumarket.lt\/lt\/wp-json\/wp\/v2\/comments?post=39254"}],"wp:featuredmedia":[{"embeddable":true,"href":"https:\/\/baldumarket.lt\/lt\/wp-json\/wp\/v2\/media\/13169"}],"wp:attachment":[{"href":"https:\/\/baldumarket.lt\/lt\/wp-json\/wp\/v2\/media?parent=39254"}],"wp:term":[{"taxonomy":"product_brand","embeddable":true,"href":"https:\/\/baldumarket.lt\/lt\/wp-json\/wp\/v2\/product_brand?post=39254"},{"taxonomy":"product_cat","embeddable":true,"href":"https:\/\/baldumarket.lt\/lt\/wp-json\/wp\/v2\/product_cat?post=39254"},{"taxonomy":"product_tag","embeddable":true,"href":"https:\/\/baldumarket.lt\/lt\/wp-json\/wp\/v2\/product_tag?post=39254"}],"curies":[{"name":"wp","href":"https:\/\/api.w.org\/{rel}","templated":true}]}}