{"id":39234,"date":"2025-11-19T19:53:04","date_gmt":"2025-11-19T16:53:04","guid":{"rendered":"https:\/\/baldumarket.lt\/?post_type=product&#038;p=39234"},"modified":"2026-03-24T13:35:27","modified_gmt":"2026-03-24T10:35:27","slug":"florence-165x210-grupa-special","status":"publish","type":"product","link":"https:\/\/baldumarket.lt\/lt\/product\/florence-165x210-grupa-special\/","title":{"rendered":"Florencija 165\u00d7210 SPECIALI grup\u0117"},"content":{"rendered":"<p>\u201eFlorence\u201c \u2013 tai skoninga, eleganti\u0161ka, tobulai mink\u0161ta ir patogi spyruoklin\u0117 lova, pasi\u017eyminti moderniu klasikiniu stiliumi. Ji si\u016bloma trij\u0173 dyd\u017ei\u0173: 145\/165\/185 x 210 cm. I\u0161skirtin\u012f komfort\u0105 u\u017etikrina auk\u0161ta, 54 cm auk\u0161\u010dio s\u0117dyn\u0117 ir lovos u\u017epildas. 15 cm auk\u0161\u010dio \u201eBonnell\u201c spyruoklinis \u010diu\u017einys ir 5 cm auk\u0161\u010dio vir\u0161utinis sluoksnis suteikia naudotojui maksimal\u0173 komfort\u0105 ir puikiai stabilizuoja k\u016bno pad\u0117t\u012f miego metu. \u0160io tipo u\u017epildas taip pat atsparus nemaloniems \u012flenkimams. \u0160is sprendimas garantuoja patog\u0173 poils\u012f kiekvienam \u2013 nepriklausomai nuo j\u0173 pageidavim\u0173 ir l\u016bkes\u010di\u0173. Be juntamo didelio komforto, verta atkreipti d\u0117mes\u012f ir \u012f atskir\u0173 \u201eFlorence\u201c modelio element\u0173 apdail\u0105. Auk\u0161tas galv\u016bgalis, prisi\u016btas netaisykling\u0173 sta\u010diakampi\u0173 forma, suteikia mink\u0161t\u0105 atram\u0105 ir unikali\u0105 miegamojo dekoracij\u0105. Du erdv\u016bs patalyn\u0117s skyriai suteikia m\u016bs\u0173 spyruoklinei lovai funkcionalumo ir paver\u010dia j\u0105 tikru malonumu. Verta investuoti \u012f \u201eFlorence\u201c lov\u0105, kad gal\u0117tum\u0117te m\u0117gautis dizainerio apdaila ir maksimaliu komfortu. M\u016bs\u0173 spyruoklin\u0117 lova bus puikus pasirinkimas, jei norite pagyvinti savo miegamojo interjer\u0105.<\/p>","protected":false},"excerpt":{"rendered":"<p>\u201eFlorence\u201c \u2013 tai skoninga, eleganti\u0161ka, tobulai mink\u0161ta ir patogi spyruoklin\u0117 lova, pasi\u017eyminti moderniu klasikiniu stiliumi. Ji si\u016bloma trij\u0173 dyd\u017ei\u0173: 145\/165\/185 x 210 cm. I\u0161skirtin\u012f komfort\u0105 dar labiau sustiprina auk\u0161ta, 54 cm auk\u0161\u010dio s\u0117dyn\u0117 ir lovos u\u017epildas. 15 cm auk\u0161\u010dio \u201eBonnell\u201c spyruoklinis \u010diu\u017einys ir 5 cm auk\u0161\u010dio vir\u0161utinis \u010diu\u017einys suteikia vartotojui auk\u0161\u010diausi\u0105 komfort\u0105 [\u2026]<\/p>","protected":false},"featured_media":17549,"comment_status":"open","ping_status":"closed","template":"","meta":[],"product_brand":[],"product_cat":[9133],"product_tag":[],"class_list":{"0":"post-39234","1":"product","2":"type-product","3":"status-publish","4":"has-post-thumbnail","6":"product_cat-grouped","8":"first","9":"instock","10":"shipping-taxable","11":"purchasable","12":"product-type-variable","13":"wvs-archive-product-wrapper"},"_links":{"self":[{"href":"https:\/\/baldumarket.lt\/lt\/wp-json\/wp\/v2\/product\/39234","targetHints":{"allow":["GET"]}}],"collection":[{"href":"https:\/\/baldumarket.lt\/lt\/wp-json\/wp\/v2\/product"}],"about":[{"href":"https:\/\/baldumarket.lt\/lt\/wp-json\/wp\/v2\/types\/product"}],"replies":[{"embeddable":true,"href":"https:\/\/baldumarket.lt\/lt\/wp-json\/wp\/v2\/comments?post=39234"}],"wp:featuredmedia":[{"embeddable":true,"href":"https:\/\/baldumarket.lt\/lt\/wp-json\/wp\/v2\/media\/17549"}],"wp:attachment":[{"href":"https:\/\/baldumarket.lt\/lt\/wp-json\/wp\/v2\/media?parent=39234"}],"wp:term":[{"taxonomy":"product_brand","embeddable":true,"href":"https:\/\/baldumarket.lt\/lt\/wp-json\/wp\/v2\/product_brand?post=39234"},{"taxonomy":"product_cat","embeddable":true,"href":"https:\/\/baldumarket.lt\/lt\/wp-json\/wp\/v2\/product_cat?post=39234"},{"taxonomy":"product_tag","embeddable":true,"href":"https:\/\/baldumarket.lt\/lt\/wp-json\/wp\/v2\/product_tag?post=39234"}],"curies":[{"name":"wp","href":"https:\/\/api.w.org\/{rel}","templated":true}]}}