{"id":39226,"date":"2025-11-19T19:52:39","date_gmt":"2025-11-19T16:52:39","guid":{"rendered":"https:\/\/baldumarket.lt\/?post_type=product&#038;p=39226"},"modified":"2026-03-24T13:08:12","modified_gmt":"2026-03-24T10:08:12","slug":"flavio-180x200-grupa-classic","status":"publish","type":"product","link":"https:\/\/baldumarket.lt\/lt\/product\/flavio-180x200-grupa-classic\/","title":{"rendered":"Flavio 180X200 CLASSIC grup\u0117"},"content":{"rendered":"<p>\u201eFlavio\u201c \u2013 tai miegamojo lova, kurioje dera novatori\u0161kas dizainas ir patikrinta bei patikima konstrukcija. M\u016bs\u0173 baldai, si\u016blomi trij\u0173 skirting\u0173 dyd\u017ei\u0173: 140\/160\/180 x 200 cm, spinduliuoja maksimaliu komfortu, prabanga ir originalumu. D\u0117l \u012fvairi\u0173 dyd\u017ei\u0173 pasirinkimo tai puikus pasirinkimas tiek didesniems, tiek ma\u017eesniems miegamiesiems. \u201eFlavio\u201c yra labai funkcionali, pasi\u017eyminti mediniu r\u0117mu su spyruokliniu pak\u0117limu, leid\u017eian\u010diu naudoti patalyn\u0117s d\u0117\u017e\u0119. Kiti \u0161io modelio privalumai: auk\u0161tas galv\u016bgalis ir apvali lovos apatin\u0117 dalis, pagaminta i\u0161 mink\u0161t\u0173 ir lanks\u010di\u0173 T25 put\u0173, taip pat unikali, blizganti chromuoto ner\u016bdijan\u010dio plieno apdaila. Visa tai u\u017etikrina, kad \u0161is baldas bet kokiam interjerui suteiks prabangos. Jei svajojate apie modern\u0173, prabang\u0173 interjer\u0105, \u201eFlavio\u201c neabejotinai yra geriausias pasirinkimas.<\/p>","protected":false},"excerpt":{"rendered":"<p>\u201eFlavio\u201c \u2013 tai miegamojo lova, kurioje dera novatori\u0161kas dizainas ir patikrinta bei patikima konstrukcija. M\u016bs\u0173 baldai, si\u016blomi trij\u0173 skirting\u0173 dyd\u017ei\u0173: 140\/160\/180 x 200 cm, spinduliuoja maksimaliu komfortu, prabanga ir originalumu. D\u0117l \u012fvairi\u0173 dyd\u017ei\u0173 pasirinkimo tai puikus pasirinkimas tiek didesniems, tiek ma\u017eesniems miegamiesiems. \u201eFlavio\u201c yra labai funkcionali, pasi\u017eyminti mediniu r\u0117mu, apr\u016bpintu [\u2026]<\/p>","protected":false},"featured_media":17482,"comment_status":"open","ping_status":"closed","template":"","meta":[],"product_brand":[],"product_cat":[9133],"product_tag":[],"class_list":{"0":"post-39226","1":"product","2":"type-product","3":"status-publish","4":"has-post-thumbnail","6":"product_cat-grouped","8":"first","9":"instock","10":"shipping-taxable","11":"purchasable","12":"product-type-variable","13":"wvs-archive-product-wrapper"},"_links":{"self":[{"href":"https:\/\/baldumarket.lt\/lt\/wp-json\/wp\/v2\/product\/39226","targetHints":{"allow":["GET"]}}],"collection":[{"href":"https:\/\/baldumarket.lt\/lt\/wp-json\/wp\/v2\/product"}],"about":[{"href":"https:\/\/baldumarket.lt\/lt\/wp-json\/wp\/v2\/types\/product"}],"replies":[{"embeddable":true,"href":"https:\/\/baldumarket.lt\/lt\/wp-json\/wp\/v2\/comments?post=39226"}],"wp:featuredmedia":[{"embeddable":true,"href":"https:\/\/baldumarket.lt\/lt\/wp-json\/wp\/v2\/media\/17482"}],"wp:attachment":[{"href":"https:\/\/baldumarket.lt\/lt\/wp-json\/wp\/v2\/media?parent=39226"}],"wp:term":[{"taxonomy":"product_brand","embeddable":true,"href":"https:\/\/baldumarket.lt\/lt\/wp-json\/wp\/v2\/product_brand?post=39226"},{"taxonomy":"product_cat","embeddable":true,"href":"https:\/\/baldumarket.lt\/lt\/wp-json\/wp\/v2\/product_cat?post=39226"},{"taxonomy":"product_tag","embeddable":true,"href":"https:\/\/baldumarket.lt\/lt\/wp-json\/wp\/v2\/product_tag?post=39226"}],"curies":[{"name":"wp","href":"https:\/\/api.w.org\/{rel}","templated":true}]}}