{"id":39204,"date":"2025-11-19T19:52:12","date_gmt":"2025-11-19T16:52:12","guid":{"rendered":"https:\/\/baldumarket.lt\/?post_type=product&#038;p=39204"},"modified":"2026-03-24T13:35:27","modified_gmt":"2026-03-24T10:35:27","slug":"feraria-grupa-special","status":"publish","type":"product","link":"https:\/\/baldumarket.lt\/lt\/product\/feraria-grupa-special\/","title":{"rendered":"\u201eFeraria SPECIAL\u201c grup\u0117"},"content":{"rendered":"<p>\u012esp\u016bding\u0173 358x202x93 cm matmen\u0173 \u201eFeraria\u201c kampin\u0117 sofa yra modernus ir funkcionalus poilsio baldas, skirtas didel\u0117ms, stilingoms gyvenamosioms erdv\u0117ms. D\u0117l B tipo banguot\u0173 spyruokli\u0173 ir dviej\u0173 r\u016b\u0161i\u0173 porolono \u2013 T3030 ir profiliuoto HR3030 porolono \u2013 ji u\u017etikrina auk\u0161t\u0105 komfort\u0105 tiek s\u0117dint, tiek miegant. \u012erengta prakti\u0161ka miegojimo funkcija, j\u0105 galima greitai transformuoti \u012f patogi\u0105 lov\u0105, o erdvi patalyn\u0117s d\u0117\u017e\u0117 suteikia papildomos vietos daiktams susid\u0117ti. Apmu\u0161tas atlo\u0161as leid\u017eia laisvai i\u0161d\u0117styti baldus bet kurioje svetain\u0117s vietoje, j\u0173 nestatant prie sienos, o tai suteikia didel\u012f i\u0161d\u0117stymo lankstum\u0105. Visas baldas sumontuotas ant tvirt\u0173, juod\u0173, milteliniu b\u016bdu da\u017eyt\u0173 metalini\u0173 kojeli\u0173, kurios pabr\u0117\u017eia modern\u0173 kampin\u0117s sofos charakter\u012f ir suteikia vizualinio lengvumo. \u201eFeraria\u201c \u2013 tai puikus stiliaus, komforto ir prakti\u0161kumo derinys tiems, kurie vertina kokyb\u0119, dizain\u0105 ir funkcionalum\u0105 viename balde.<\/p>","protected":false},"excerpt":{"rendered":"<p>\u012esp\u016bding\u0173 358x202x93 cm matmen\u0173 \u201eFeraria\u201c kampin\u0117 sofa yra modernus ir funkcionalus svetain\u0117s baldas, skirtas didel\u0117ms, stilingoms gyvenamosioms erdv\u0117ms. D\u0117l B tipo banguot\u0173 spyruokli\u0173 ir dviej\u0173 tip\u0173 porolono \u2013 T3030 ir profiliuoto HR3030 \u2013 ji u\u017etikrina auk\u0161t\u0105 komfort\u0105 tiek s\u0117dint, tiek [\u2026]<\/p>","protected":false},"featured_media":36055,"comment_status":"open","ping_status":"closed","template":"","meta":[],"product_brand":[],"product_cat":[9133],"product_tag":[],"class_list":{"0":"post-39204","1":"product","2":"type-product","3":"status-publish","4":"has-post-thumbnail","6":"product_cat-grouped","8":"first","9":"instock","10":"shipping-taxable","11":"purchasable","12":"product-type-variable","13":"wvs-archive-product-wrapper"},"_links":{"self":[{"href":"https:\/\/baldumarket.lt\/lt\/wp-json\/wp\/v2\/product\/39204","targetHints":{"allow":["GET"]}}],"collection":[{"href":"https:\/\/baldumarket.lt\/lt\/wp-json\/wp\/v2\/product"}],"about":[{"href":"https:\/\/baldumarket.lt\/lt\/wp-json\/wp\/v2\/types\/product"}],"replies":[{"embeddable":true,"href":"https:\/\/baldumarket.lt\/lt\/wp-json\/wp\/v2\/comments?post=39204"}],"wp:featuredmedia":[{"embeddable":true,"href":"https:\/\/baldumarket.lt\/lt\/wp-json\/wp\/v2\/media\/36055"}],"wp:attachment":[{"href":"https:\/\/baldumarket.lt\/lt\/wp-json\/wp\/v2\/media?parent=39204"}],"wp:term":[{"taxonomy":"product_brand","embeddable":true,"href":"https:\/\/baldumarket.lt\/lt\/wp-json\/wp\/v2\/product_brand?post=39204"},{"taxonomy":"product_cat","embeddable":true,"href":"https:\/\/baldumarket.lt\/lt\/wp-json\/wp\/v2\/product_cat?post=39204"},{"taxonomy":"product_tag","embeddable":true,"href":"https:\/\/baldumarket.lt\/lt\/wp-json\/wp\/v2\/product_tag?post=39204"}],"curies":[{"name":"wp","href":"https:\/\/api.w.org\/{rel}","templated":true}]}}