{"id":39196,"date":"2025-11-19T19:52:11","date_gmt":"2025-11-19T16:52:11","guid":{"rendered":"https:\/\/baldumarket.lt\/?post_type=product&#038;p=39196"},"modified":"2026-03-24T13:42:25","modified_gmt":"2026-03-24T10:42:25","slug":"felro-grupa-standard","status":"publish","type":"product","link":"https:\/\/baldumarket.lt\/lt\/product\/felro-grupa-standard\/","title":{"rendered":"Felro grup\u0117s STANDARTAS"},"content":{"rendered":"<p>\u201cFelro\u201d kampin\u0117 sofa apjungia modern\u0173 dizain\u0105, komfort\u0105 ir funkcionalum\u0105. S\u0117dyn\u0117 u\u017epildyta B tipo banguotomis spyruokl\u0117mis ir auk\u0161tos kokyb\u0117s T3030 ir HR3030 putomis, u\u017etikrinan\u010diomis i\u0161skirtin\u012f komfort\u0105 tiek kasdien naudojant, tiek ilsintis. D\u0117l to baldas yra ne tik mink\u0161tas ir lankstus, bet ir atsparus deformacijai, u\u017etikrinant ilgalaik\u012f patvarum\u0105. Tvirta konstrukcija remiasi \u012f juodai milteliniu b\u016bdu da\u017eytas metalines kojeles, suteikian\u010dias eleganti\u0161k\u0105 ir modern\u0173 akcent\u0105. \u201eFelro\u201c taip pat turi miegojimo funkcij\u0105, tod\u0117l puikiai tinka svetain\u0117ms, kuriose svarbus ir stilius, ir prakti\u0161kumas. I\u0161lankstymo mechanizmas \u201eDelphin\u201c leid\u017eia greitai ir lengvai transformuoti kampin\u0119 sof\u0105 \u012f patogi\u0105 miegojimo viet\u0105. Papildomas privalumas \u2013 apmu\u0161tas atlo\u0161as, tod\u0117l kampin\u0117 sofa puikiai atrodo i\u0161 bet kokio kampo ir gali b\u016bti pastatyta prie sienos arba kambario centre. Bendras dizainas yra modernus, tod\u0117l \u201eFelro\u201c puikiai tinka \u0161iuolaikiniam interjerui, suteikia elegancijos ir funkcionalumo.<\/p>","protected":false},"excerpt":{"rendered":"<p>\u201eFelro\u201c kampin\u0117 sofa apjungia modern\u0173 dizain\u0105, komfort\u0105 ir funkcionalum\u0105. S\u0117dyn\u0117 u\u017epildyta B tipo banguotomis spyruokl\u0117mis ir auk\u0161tos kokyb\u0117s T3030 bei HR3030 putomis, u\u017etikrinan\u010diomis i\u0161skirtin\u012f komfort\u0105 tiek kasdien naudojant, tiek ilsintis. D\u0117l to baldas yra ne tik mink\u0161tas ir lankstus, bet ir atsparus deformacijai, u\u017etikrinant ilgalaik\u012f patvarum\u0105. Tvirta konstrukcija [\u2026]<\/p>","protected":false},"featured_media":34446,"comment_status":"open","ping_status":"closed","template":"","meta":[],"product_brand":[],"product_cat":[9133],"product_tag":[],"class_list":{"0":"post-39196","1":"product","2":"type-product","3":"status-publish","4":"has-post-thumbnail","6":"product_cat-grouped","8":"first","9":"instock","10":"shipping-taxable","11":"purchasable","12":"product-type-variable","13":"wvs-archive-product-wrapper"},"_links":{"self":[{"href":"https:\/\/baldumarket.lt\/lt\/wp-json\/wp\/v2\/product\/39196","targetHints":{"allow":["GET"]}}],"collection":[{"href":"https:\/\/baldumarket.lt\/lt\/wp-json\/wp\/v2\/product"}],"about":[{"href":"https:\/\/baldumarket.lt\/lt\/wp-json\/wp\/v2\/types\/product"}],"replies":[{"embeddable":true,"href":"https:\/\/baldumarket.lt\/lt\/wp-json\/wp\/v2\/comments?post=39196"}],"wp:featuredmedia":[{"embeddable":true,"href":"https:\/\/baldumarket.lt\/lt\/wp-json\/wp\/v2\/media\/34446"}],"wp:attachment":[{"href":"https:\/\/baldumarket.lt\/lt\/wp-json\/wp\/v2\/media?parent=39196"}],"wp:term":[{"taxonomy":"product_brand","embeddable":true,"href":"https:\/\/baldumarket.lt\/lt\/wp-json\/wp\/v2\/product_brand?post=39196"},{"taxonomy":"product_cat","embeddable":true,"href":"https:\/\/baldumarket.lt\/lt\/wp-json\/wp\/v2\/product_cat?post=39196"},{"taxonomy":"product_tag","embeddable":true,"href":"https:\/\/baldumarket.lt\/lt\/wp-json\/wp\/v2\/product_tag?post=39196"}],"curies":[{"name":"wp","href":"https:\/\/api.w.org\/{rel}","templated":true}]}}