{"id":39186,"date":"2025-11-19T19:51:42","date_gmt":"2025-11-19T16:51:42","guid":{"rendered":"https:\/\/baldumarket.lt\/?post_type=product&#038;p=39186"},"modified":"2026-03-24T13:42:25","modified_gmt":"2026-03-24T10:42:25","slug":"federico-grupa-standard","status":"publish","type":"product","link":"https:\/\/baldumarket.lt\/lt\/product\/federico-grupa-standard\/","title":{"rendered":"Federico STANDARD grup\u0117"},"content":{"rendered":"<p>\u201eFederico\u201c \u2013 tai klasikinis, simetri\u0161kas, ta\u010diau i\u0161rai\u0161kingas ir funkcionalus bet kurio svetain\u0117s akcentas. Paprast\u0105 form\u0105 papildo modern\u016bs elementai, tokie kaip plat\u016bs, nuo\u017euln\u016bs porankiai, auk\u0161ti atlo\u0161ai su keturiomis reguliuojamomis galvos atramomis ir dekoratyvin\u0117s pagalv\u0117l\u0117s. 268 x 268 x 102 cm dyd\u017eio kampin\u0117 sofa suteikia daug erdv\u0117s poilsiui bet kuriuo paros metu. Joje yra 120 x 200 cm dyd\u017eio miegojimo funkcija ir erdvus, gilus patalyn\u0117s skyrius pufe. D\u0117l delfino stiliaus atlo\u0161o funkcijos sof\u0105 pritaikyti prie j\u016bs\u0173 poreiki\u0173 yra intuityvu ir patogu. S\u0117dyn\u0117 pagaminta i\u0161 vingiuot\u0173 spyruokli\u0173 ir T30 putplas\u010dio \u2013 \u0161is derinys u\u017etikrina mink\u0161tum\u0105, lankstum\u0105 ir tinkam\u0105 k\u016bno atram\u0105 poilsio metu. \u201eFederico\u201c kampin\u0117 sofa yra puikus pasirinkimas bet kuriai svetainei, kurioje svarbiausia tvarka, universalumas ir eleganti\u0161ka apdaila. Garantuojame, kad \u201eFederico\u201c pateisins visus j\u016bs\u0173 l\u016bkes\u010dius.<\/p>","protected":false},"excerpt":{"rendered":"<p>\u201eFederico\u201c \u2013 tai klasikinis, simetri\u0161kas, ta\u010diau i\u0161rai\u0161kingas ir funkcionalus bet kurio svetain\u0117s papildymas. Paprast\u0105 form\u0105 papildo modern\u016bs elementai, tokie kaip plat\u016bs, nuo\u017euln\u016bs porankiai, auk\u0161tos atlo\u0161ai su keturiomis reguliuojamomis galvos atramomis ir dekoratyvin\u0117s pagalv\u0117l\u0117s. 268 x 268 x 102 cm dyd\u017eio kampin\u0117 sofa suteikia daug erdv\u0117s poilsiui bet kuriuo paros metu [\u2026]<\/p>","protected":false},"featured_media":17450,"comment_status":"open","ping_status":"closed","template":"","meta":[],"product_brand":[],"product_cat":[9133],"product_tag":[],"class_list":{"0":"post-39186","1":"product","2":"type-product","3":"status-publish","4":"has-post-thumbnail","6":"product_cat-grouped","8":"first","9":"instock","10":"shipping-taxable","11":"purchasable","12":"product-type-variable","13":"wvs-archive-product-wrapper"},"_links":{"self":[{"href":"https:\/\/baldumarket.lt\/lt\/wp-json\/wp\/v2\/product\/39186","targetHints":{"allow":["GET"]}}],"collection":[{"href":"https:\/\/baldumarket.lt\/lt\/wp-json\/wp\/v2\/product"}],"about":[{"href":"https:\/\/baldumarket.lt\/lt\/wp-json\/wp\/v2\/types\/product"}],"replies":[{"embeddable":true,"href":"https:\/\/baldumarket.lt\/lt\/wp-json\/wp\/v2\/comments?post=39186"}],"wp:featuredmedia":[{"embeddable":true,"href":"https:\/\/baldumarket.lt\/lt\/wp-json\/wp\/v2\/media\/17450"}],"wp:attachment":[{"href":"https:\/\/baldumarket.lt\/lt\/wp-json\/wp\/v2\/media?parent=39186"}],"wp:term":[{"taxonomy":"product_brand","embeddable":true,"href":"https:\/\/baldumarket.lt\/lt\/wp-json\/wp\/v2\/product_brand?post=39186"},{"taxonomy":"product_cat","embeddable":true,"href":"https:\/\/baldumarket.lt\/lt\/wp-json\/wp\/v2\/product_cat?post=39186"},{"taxonomy":"product_tag","embeddable":true,"href":"https:\/\/baldumarket.lt\/lt\/wp-json\/wp\/v2\/product_tag?post=39186"}],"curies":[{"name":"wp","href":"https:\/\/api.w.org\/{rel}","templated":true}]}}