{"id":39178,"date":"2025-11-19T19:51:41","date_gmt":"2025-11-19T16:51:41","guid":{"rendered":"https:\/\/baldumarket.lt\/?post_type=product&#038;p=39178"},"modified":"2026-03-24T13:26:47","modified_gmt":"2026-03-24T10:26:47","slug":"fectory-grupa-prestige","status":"publish","type":"product","link":"https:\/\/baldumarket.lt\/lt\/product\/fectory-grupa-prestige\/","title":{"rendered":"\u201ePRESTIGE Group\u201c gamykla"},"content":{"rendered":"<p>Modernaus stiliaus \u201eFectory\u201c kampin\u0117 sofa, kurios matmenys yra 346x205x93 cm, yra puikus funkcionalumo ir estetikos derinys, apr\u016bpinta B tipo banguota spyruokle ir dviem porolono sluoksniais \u2013 T3030 ir profiliuotu HR3030 porolonu \u2013 u\u017etikrinan\u010diu auk\u0161t\u0105 s\u0117d\u0117jimo ir miegojimo komfort\u0105, turi prakti\u0161k\u0105 miegojimo funkcij\u0105 ir erdv\u0173 patalyn\u0117s skyri\u0173, idealiai tinka kasdieniam naudojimui, apmu\u0161tas atlo\u0161as leid\u017eia laisvai i\u0161d\u0117styti baldus bet kurioje svetain\u0117s vietoje, visum\u0105 papildo eleganti\u0161kos juodos spalvos milteliniu b\u016bdu da\u017eytos metalin\u0117s kojel\u0117s, kurios suteikia lengvumo ir modernaus charakterio, \u201eFectory\u201c kampin\u0117 sofa yra stilingas ir prakti\u0161kas pasirinkimas ie\u0161kantiems didelio, patogaus poilsio baldo su papildomomis funkcijomis.<\/p>","protected":false},"excerpt":{"rendered":"<p>Modernaus stiliaus \u201eFectory\u201c kampin\u0117 sofa, kurios matmenys yra 346x205x93 cm, yra puikus funkcionalumo ir estetikos derinys. Ji apr\u016bpinta B tipo banguota spyruokle ir dviem putplas\u010dio sluoksniais \u2013 T3030 ir profiliuotu HR3030 putplas\u010diu \u2013 u\u017etikrinan\u010diu auk\u0161t\u0105 s\u0117d\u0117jimo ir miegojimo komfort\u0105, turi prakti\u0161k\u0105 miegojimo funkcij\u0105 ir erdvi\u0105 patalyn\u0117s laikymo viet\u0105.<\/p>","protected":false},"featured_media":35638,"comment_status":"open","ping_status":"closed","template":"","meta":[],"product_brand":[],"product_cat":[9133],"product_tag":[],"class_list":{"0":"post-39178","1":"product","2":"type-product","3":"status-publish","4":"has-post-thumbnail","6":"product_cat-grouped","8":"first","9":"instock","10":"shipping-taxable","11":"purchasable","12":"product-type-variable","13":"wvs-archive-product-wrapper"},"_links":{"self":[{"href":"https:\/\/baldumarket.lt\/lt\/wp-json\/wp\/v2\/product\/39178","targetHints":{"allow":["GET"]}}],"collection":[{"href":"https:\/\/baldumarket.lt\/lt\/wp-json\/wp\/v2\/product"}],"about":[{"href":"https:\/\/baldumarket.lt\/lt\/wp-json\/wp\/v2\/types\/product"}],"replies":[{"embeddable":true,"href":"https:\/\/baldumarket.lt\/lt\/wp-json\/wp\/v2\/comments?post=39178"}],"wp:featuredmedia":[{"embeddable":true,"href":"https:\/\/baldumarket.lt\/lt\/wp-json\/wp\/v2\/media\/35638"}],"wp:attachment":[{"href":"https:\/\/baldumarket.lt\/lt\/wp-json\/wp\/v2\/media?parent=39178"}],"wp:term":[{"taxonomy":"product_brand","embeddable":true,"href":"https:\/\/baldumarket.lt\/lt\/wp-json\/wp\/v2\/product_brand?post=39178"},{"taxonomy":"product_cat","embeddable":true,"href":"https:\/\/baldumarket.lt\/lt\/wp-json\/wp\/v2\/product_cat?post=39178"},{"taxonomy":"product_tag","embeddable":true,"href":"https:\/\/baldumarket.lt\/lt\/wp-json\/wp\/v2\/product_tag?post=39178"}],"curies":[{"name":"wp","href":"https:\/\/api.w.org\/{rel}","templated":true}]}}