{"id":39168,"date":"2025-11-19T19:51:40","date_gmt":"2025-11-19T16:51:40","guid":{"rendered":"https:\/\/baldumarket.lt\/?post_type=product&#038;p=39168"},"modified":"2026-03-24T13:08:02","modified_gmt":"2026-03-24T10:08:02","slug":"falconn-grupa-classic","status":"publish","type":"product","link":"https:\/\/baldumarket.lt\/lt\/product\/falconn-grupa-classic\/","title":{"rendered":"Falconn CLASSIC grup\u0117"},"content":{"rendered":"<p>\u201eFalconn\u201c kampin\u0117 sofa \u2013 tai eleganti\u0161kas ir modernus L formos baldas, kuriame dera stilingas dizainas ir i\u0161skirtinis komfortas. D\u0117l elektra i\u0161traukiamos s\u0117dyn\u0117s erdv\u0119 galima reguliuoti pagal individualius poreikius. Be to, \u012fmontuota patalyn\u0117s d\u0117\u017e\u0117 suteikia prakti\u0161k\u0105 viet\u0105 daiktams susid\u0117ti. Didel\u012f komfort\u0105 garantuoja reguliuojamos galvos atramos ir kruop\u0161\u010diai parinktos u\u017epildo med\u017eiagos. S\u0117dyn\u0117 pagaminta i\u0161 B tipo banguotos spyruokl\u0117s ir HR3030 poliuretano put\u0173, u\u017etikrinan\u010di\u0173 lankstum\u0105 ir ilgaam\u017ei\u0161kum\u0105. Atlo\u0161as pagamintas i\u0161 elasting\u0173 dir\u017eeli\u0173 ir T2315 poliuretano put\u0173, suteikian\u010di\u0173 patogi\u0105 nugaros atram\u0105. Apmu\u0161tas kampin\u0117s sofos atlo\u0161as puikiai atrodo bet kokioje aplinkoje, nepriklausomai nuo orientacijos. Juodos plastikin\u0117s kojel\u0117s papildo baldo modern\u0173 charakter\u012f. \u201eFalconn\u201c kampin\u0117 sofa \u2013 puikus sprendimas tiems, kurie vertina funkcionalum\u0105, modern\u0173 dizain\u0105 ir didel\u012f komfort\u0105.<\/p>","protected":false},"excerpt":{"rendered":"<p>\u201eFalconn\u201c kampin\u0117 sofa \u2013 tai eleganti\u0161kas ir modernus L formos baldas, kuriame dera stilingas dizainas ir i\u0161skirtinis komfortas. D\u0117l elektra i\u0161traukiamos s\u0117dyn\u0117s erdv\u0119 galima pritaikyti individualiems poreikiams. Be to, \u012fmontuota patalyn\u0117s d\u0117\u017e\u0117 u\u017etikrina prakti\u0161k\u0105 daikt\u0173 laikym\u0105. Didel\u012f komfort\u0105 garantuoja reguliuojamos galvos atramos ir kruop\u0161\u010diai parinktos u\u017epildo med\u017eiagos. [\u2026]<\/p>","protected":false},"featured_media":33820,"comment_status":"open","ping_status":"closed","template":"","meta":[],"product_brand":[],"product_cat":[9133],"product_tag":[],"class_list":{"0":"post-39168","1":"product","2":"type-product","3":"status-publish","4":"has-post-thumbnail","6":"product_cat-grouped","8":"first","9":"instock","10":"shipping-taxable","11":"purchasable","12":"product-type-variable","13":"wvs-archive-product-wrapper"},"_links":{"self":[{"href":"https:\/\/baldumarket.lt\/lt\/wp-json\/wp\/v2\/product\/39168","targetHints":{"allow":["GET"]}}],"collection":[{"href":"https:\/\/baldumarket.lt\/lt\/wp-json\/wp\/v2\/product"}],"about":[{"href":"https:\/\/baldumarket.lt\/lt\/wp-json\/wp\/v2\/types\/product"}],"replies":[{"embeddable":true,"href":"https:\/\/baldumarket.lt\/lt\/wp-json\/wp\/v2\/comments?post=39168"}],"wp:featuredmedia":[{"embeddable":true,"href":"https:\/\/baldumarket.lt\/lt\/wp-json\/wp\/v2\/media\/33820"}],"wp:attachment":[{"href":"https:\/\/baldumarket.lt\/lt\/wp-json\/wp\/v2\/media?parent=39168"}],"wp:term":[{"taxonomy":"product_brand","embeddable":true,"href":"https:\/\/baldumarket.lt\/lt\/wp-json\/wp\/v2\/product_brand?post=39168"},{"taxonomy":"product_cat","embeddable":true,"href":"https:\/\/baldumarket.lt\/lt\/wp-json\/wp\/v2\/product_cat?post=39168"},{"taxonomy":"product_tag","embeddable":true,"href":"https:\/\/baldumarket.lt\/lt\/wp-json\/wp\/v2\/product_tag?post=39168"}],"curies":[{"name":"wp","href":"https:\/\/api.w.org\/{rel}","templated":true}]}}