{"id":39146,"date":"2025-11-19T19:51:15","date_gmt":"2025-11-19T16:51:15","guid":{"rendered":"https:\/\/baldumarket.lt\/?post_type=product&#038;p=39146"},"modified":"2026-03-24T13:26:46","modified_gmt":"2026-03-24T10:26:46","slug":"ewa-ii-grupa-prestige","status":"publish","type":"product","link":"https:\/\/baldumarket.lt\/lt\/product\/ewa-ii-grupa-prestige\/","title":{"rendered":"Ewa II PRESTIGE grup\u0117"},"content":{"rendered":"<p>\u201eEwa II\u201c \u2013 patogi ir stilinga 189 x 90 x 88 cm dyd\u017eio sofa, pasi\u017eyminti \u012fsp\u016bdingu dizainu. Aptaki forma, \u0161iek tiek u\u017eapvalinti kra\u0161tai, medin\u0117 lentjuost\u0117 apa\u010dioje ir spalv\u0173 pasirinkimas suteikia jai unikal\u0173 charakter\u012f. Maksimal\u0173 komfort\u0105 u\u017etikrina \u201eBonnell\u201c spyruokl\u0117 ir T25 put\u0173 u\u017epildas. Abu sprendimai padeda tinkamai i\u0161tiesinti stubur\u0105 ir u\u017etikrina taisykling\u0105 k\u016bno pad\u0117t\u012f tiek dienos metu, tiek miegant nakt\u012f ant 182 x 120 cm dyd\u017eio lovos. D\u0117l spragtel\u0117jimo funkcijos sofa greitai ir lengvai i\u0161siskleid\u017eia. Erdvus daiktad\u0117\u017e\u0117s skyrius puikiai papildo jos funkcionalum\u0105. Verta tur\u0117ti savo namuose tokios \u012fdomios formos ir apdailos sof\u0105.<\/p>","protected":false},"excerpt":{"rendered":"<p>\u201eEwa II\u201c \u2013 patogi ir stilinga 189 x 90 x 88 cm dyd\u017eio sofa, pasi\u017eyminti \u012fsp\u016bdingu dizainu. Aptaki forma, \u0161iek tiek u\u017eapvalinti kra\u0161tai, medin\u0117 lentjuost\u0117 apa\u010dioje ir spalv\u0173 pasirinkimas suteikia jai unikal\u0173 charakter\u012f. Maksimal\u0173 komfort\u0105 u\u017etikrina \u201eBonnell\u201c spyruokl\u0117s ir T25 putplas\u010dio u\u017epildas. [\u2026]<\/p>","protected":false},"featured_media":16726,"comment_status":"open","ping_status":"closed","template":"","meta":[],"product_brand":[],"product_cat":[9133],"product_tag":[],"class_list":{"0":"post-39146","1":"product","2":"type-product","3":"status-publish","4":"has-post-thumbnail","6":"product_cat-grouped","8":"first","9":"instock","10":"shipping-taxable","11":"purchasable","12":"product-type-variable","13":"wvs-archive-product-wrapper"},"_links":{"self":[{"href":"https:\/\/baldumarket.lt\/lt\/wp-json\/wp\/v2\/product\/39146","targetHints":{"allow":["GET"]}}],"collection":[{"href":"https:\/\/baldumarket.lt\/lt\/wp-json\/wp\/v2\/product"}],"about":[{"href":"https:\/\/baldumarket.lt\/lt\/wp-json\/wp\/v2\/types\/product"}],"replies":[{"embeddable":true,"href":"https:\/\/baldumarket.lt\/lt\/wp-json\/wp\/v2\/comments?post=39146"}],"wp:featuredmedia":[{"embeddable":true,"href":"https:\/\/baldumarket.lt\/lt\/wp-json\/wp\/v2\/media\/16726"}],"wp:attachment":[{"href":"https:\/\/baldumarket.lt\/lt\/wp-json\/wp\/v2\/media?parent=39146"}],"wp:term":[{"taxonomy":"product_brand","embeddable":true,"href":"https:\/\/baldumarket.lt\/lt\/wp-json\/wp\/v2\/product_brand?post=39146"},{"taxonomy":"product_cat","embeddable":true,"href":"https:\/\/baldumarket.lt\/lt\/wp-json\/wp\/v2\/product_cat?post=39146"},{"taxonomy":"product_tag","embeddable":true,"href":"https:\/\/baldumarket.lt\/lt\/wp-json\/wp\/v2\/product_tag?post=39146"}],"curies":[{"name":"wp","href":"https:\/\/api.w.org\/{rel}","templated":true}]}}