{"id":39122,"date":"2025-11-19T19:50:51","date_gmt":"2025-11-19T16:50:51","guid":{"rendered":"https:\/\/baldumarket.lt\/?post_type=product&#038;p=39122"},"modified":"2026-03-24T13:26:38","modified_gmt":"2026-03-24T10:26:38","slug":"escada-grupa-prestige","status":"publish","type":"product","link":"https:\/\/baldumarket.lt\/lt\/product\/escada-grupa-prestige\/","title":{"rendered":"Escada PRESTIGE grup\u0117"},"content":{"rendered":"<p>\u201eEscada\u201c \u2013 tai paprasta, ta\u010diau eleganti\u0161ka ir labai stilinga kampin\u0117 sofa, kurios matmenys \u2013 330 x 190 x 98 cm, sukurta i\u0161skirtinio stiliaus. M\u016bs\u0173 kampin\u0117 sofa yra daugiafunkcin\u0117, nes ji ne tik yra erdvi sofa poilsiui dien\u0105, bet ir gali b\u016bti naudojama kaip vieta atsigauti ir pails\u0117ti nakt\u012f. D\u0117l delfininio mechanizmo kasdien\u0119 sof\u0105 galima greitai ir lengvai transformuoti \u012f patogi\u0105 110 x 250 cm lov\u0105. Erdvus patalyn\u0117s skyrius pufe padeda jai gr\u0105\u017einti dienos form\u0105. 45 cm auk\u0161\u010dio s\u0117dyn\u0117, pagaminta i\u0161 unikali\u0173 T30 ir HR put\u0173, suteikia i\u0161skirtin\u012f komfort\u0105 ir patogum\u0105. Be to, \u0161ios putos padidina sofos elastingum\u0105 ir atsparum\u0105, apsaugodamos nuo \u012flenkim\u0173. Renkantis \u201eEscada\u201c kaip kampin\u0119 sof\u0105 savo svetainei, taip pat verta atsi\u017evelgti \u012f: reguliuojamas galvos atramas ir eleganti\u0161kas metalines kojeles. \u201eEscada\u201c \u2013 tai kampin\u0117 sofa, kuri neabejotinai taps bet kurio kambario, kuriame ji bus pastatyta, akcentu.<\/p>","protected":false},"excerpt":{"rendered":"<p>\u201eEscada\u201c \u2013 tai paprasta, ta\u010diau eleganti\u0161ka ir labai stilinga kampin\u0117 sofa, kurios matmenys \u2013 330 x 190 x 98 cm, sukurta i\u0161skirtiniu stiliumi. M\u016bs\u0173 kampin\u0117 sofa yra daugiafunkcin\u0117, nes ji ne tik yra erdvi sofa poilsiui dien\u0105, bet ir gali b\u016bti naudojama kaip vieta atsigauti ir pails\u0117ti nakt\u012f. [\u2026]<\/p>","protected":false},"featured_media":17171,"comment_status":"open","ping_status":"closed","template":"","meta":[],"product_brand":[],"product_cat":[9133],"product_tag":[],"class_list":{"0":"post-39122","1":"product","2":"type-product","3":"status-publish","4":"has-post-thumbnail","6":"product_cat-grouped","8":"first","9":"instock","10":"shipping-taxable","11":"purchasable","12":"product-type-variable","13":"wvs-archive-product-wrapper"},"_links":{"self":[{"href":"https:\/\/baldumarket.lt\/lt\/wp-json\/wp\/v2\/product\/39122","targetHints":{"allow":["GET"]}}],"collection":[{"href":"https:\/\/baldumarket.lt\/lt\/wp-json\/wp\/v2\/product"}],"about":[{"href":"https:\/\/baldumarket.lt\/lt\/wp-json\/wp\/v2\/types\/product"}],"replies":[{"embeddable":true,"href":"https:\/\/baldumarket.lt\/lt\/wp-json\/wp\/v2\/comments?post=39122"}],"wp:featuredmedia":[{"embeddable":true,"href":"https:\/\/baldumarket.lt\/lt\/wp-json\/wp\/v2\/media\/17171"}],"wp:attachment":[{"href":"https:\/\/baldumarket.lt\/lt\/wp-json\/wp\/v2\/media?parent=39122"}],"wp:term":[{"taxonomy":"product_brand","embeddable":true,"href":"https:\/\/baldumarket.lt\/lt\/wp-json\/wp\/v2\/product_brand?post=39122"},{"taxonomy":"product_cat","embeddable":true,"href":"https:\/\/baldumarket.lt\/lt\/wp-json\/wp\/v2\/product_cat?post=39122"},{"taxonomy":"product_tag","embeddable":true,"href":"https:\/\/baldumarket.lt\/lt\/wp-json\/wp\/v2\/product_tag?post=39122"}],"curies":[{"name":"wp","href":"https:\/\/api.w.org\/{rel}","templated":true}]}}