{"id":39110,"date":"2025-11-19T19:50:29","date_gmt":"2025-11-19T16:50:29","guid":{"rendered":"https:\/\/baldumarket.lt\/?post_type=product&#038;p=39110"},"modified":"2026-03-24T13:26:38","modified_gmt":"2026-03-24T10:26:38","slug":"eridano-grupa-prestige","status":"publish","type":"product","link":"https:\/\/baldumarket.lt\/lt\/product\/eridano-grupa-prestige\/","title":{"rendered":"Eridano PRESTIGE grup\u0117"},"content":{"rendered":"<p>\u201eEridano\u201c \u2013 tai daugiafunkcin\u0117, patogi ir eleganti\u0161ka L formos kampin\u0117 sofa, kuri bet kurioje svetain\u0117je gali suteikti prabangos akcent\u0105. \u0160is auk\u0161tos kokyb\u0117s baldas spinduliuoja komfortu ir klase d\u0117l pla\u010dios, 60 cm gylio s\u0117dyn\u0117s ir tvirto u\u017epildo \u2013 banguotos spyruokl\u0117s kartu su T30 putomis ir auk\u0161tos kokyb\u0117s HR elastin\u0117mis putomis suteikia i\u0161skirtin\u012f elastingum\u0105 ir tinkam\u0105 k\u016bno atram\u0105 poilsio metu. 275 x 202 x 88 cm dyd\u017eio \u201eEridano\u201c sofa si\u016blo ne tik komfort\u0105, bet ir ger\u0105 mieg\u0105 d\u0117l i\u0161skirtinai didelio miego pavir\u0161iaus. Delfino mechanizmas leid\u017eia paprastai ir intuityviai i\u0161skleisti sof\u0105, kuri transformuojasi \u012f erdvi\u0105 123 x 193 cm lov\u0105. Be to, m\u016bs\u0173 kampin\u0117je sofoje yra prakti\u0161kas ir erdvus patalyn\u0117s skyrius, esantis \u012f vir\u0161\u0173 atsidaran\u010dioje pufe. Tarp i\u0161skirtini\u0173 \u0161io modelio savybi\u0173: plat\u016bs porankiai, apmu\u0161tas atlo\u0161as, kont\u016brinis atlo\u0161as su reguliuojamomis galvos atramomis, blizgios chromuotos metalin\u0117s kojel\u0117s ir daugyb\u0117 variant\u0173 sodrioje spalv\u0173 palet\u0117je. Jei smalsu, k\u0105 dar gali pasi\u016blyti m\u016bs\u0173 \u201eEridano\u201c, kvie\u010diame i\u0161bandyti m\u016bs\u0173 kampin\u0119 sof\u0105.<\/p>","protected":false},"excerpt":{"rendered":"<p>\u201eEridano\u201c \u2013 tai daugiafunkcin\u0117, patogi ir eleganti\u0161ka L formos kampin\u0117 sofa, kuri gali suteikti prabangos akcent\u0105 bet kuriai svetainei. \u0160is auk\u0161tos kokyb\u0117s baldas spinduliuoja komfortu ir klase d\u0117l pla\u010dios, 60 cm gylio s\u0117dyn\u0117s ir tvirto u\u017epildo \u2013 banguotos spyruokl\u0117s kartu su T30 putomis, taip pat auk\u0161tos kokyb\u0117s HR [\u2026]<\/p>","protected":false},"featured_media":16954,"comment_status":"open","ping_status":"closed","template":"","meta":[],"product_brand":[],"product_cat":[9133],"product_tag":[],"class_list":{"0":"post-39110","1":"product","2":"type-product","3":"status-publish","4":"has-post-thumbnail","6":"product_cat-grouped","8":"first","9":"instock","10":"shipping-taxable","11":"purchasable","12":"product-type-variable","13":"wvs-archive-product-wrapper"},"_links":{"self":[{"href":"https:\/\/baldumarket.lt\/lt\/wp-json\/wp\/v2\/product\/39110","targetHints":{"allow":["GET"]}}],"collection":[{"href":"https:\/\/baldumarket.lt\/lt\/wp-json\/wp\/v2\/product"}],"about":[{"href":"https:\/\/baldumarket.lt\/lt\/wp-json\/wp\/v2\/types\/product"}],"replies":[{"embeddable":true,"href":"https:\/\/baldumarket.lt\/lt\/wp-json\/wp\/v2\/comments?post=39110"}],"wp:featuredmedia":[{"embeddable":true,"href":"https:\/\/baldumarket.lt\/lt\/wp-json\/wp\/v2\/media\/16954"}],"wp:attachment":[{"href":"https:\/\/baldumarket.lt\/lt\/wp-json\/wp\/v2\/media?parent=39110"}],"wp:term":[{"taxonomy":"product_brand","embeddable":true,"href":"https:\/\/baldumarket.lt\/lt\/wp-json\/wp\/v2\/product_brand?post=39110"},{"taxonomy":"product_cat","embeddable":true,"href":"https:\/\/baldumarket.lt\/lt\/wp-json\/wp\/v2\/product_cat?post=39110"},{"taxonomy":"product_tag","embeddable":true,"href":"https:\/\/baldumarket.lt\/lt\/wp-json\/wp\/v2\/product_tag?post=39110"}],"curies":[{"name":"wp","href":"https:\/\/api.w.org\/{rel}","templated":true}]}}