{"id":39088,"date":"2025-11-19T19:50:07","date_gmt":"2025-11-19T16:50:07","guid":{"rendered":"https:\/\/baldumarket.lt\/?post_type=product&#038;p=39088"},"modified":"2026-03-24T13:16:20","modified_gmt":"2026-03-24T10:16:20","slug":"elano-grupa-premium","status":"publish","type":"product","link":"https:\/\/baldumarket.lt\/lt\/product\/elano-grupa-premium\/","title":{"rendered":"Elano PREMIUM grup\u0117"},"content":{"rendered":"<p>\u201eElano\u201c \u2013 eleganti\u0161ka, klasikinio stiliaus ir paprasta kampin\u0117 sofa, kuri ne tik funkcionali, bet ir puikiai papildys j\u016bs\u0173 namus. Jos matmenys \u2013 255 x 212 x 90 cm \u2013 suteikia daug erdv\u0117s poilsiui, o intuityvi delfino stiliaus atlo\u0161o sistema u\u017etikrina maksimal\u0173 komfort\u0105 tiek dien\u0105, tiek nakt\u012f. Erdvus 195 x 125 cm miegamasis pavir\u0161ius leid\u017eia m\u0117gautis i\u0161skirtiniu mink\u0161tumu kasdien naudojantis. \u0160i\u0105 teigiam\u0105 patirt\u012f sustiprina s\u0117dyn\u0117s konstrukcija, kurioje naudojama vingiuota spyruokl\u0117 ir T30 putplastis, kad stabilizuot\u0173 ir tinkamai palaikyt\u0173 j\u016bs\u0173 k\u016bn\u0105 poilsio metu. Taip pat suma\u017einama negra\u017ei\u0173 \u012flenkim\u0173, pa\u017eeidim\u0173 ir \u012fbr\u0117\u017eim\u0173 rizika pa\u010diai kampinei sofai. Papildomos savyb\u0117s: erdvus patalyn\u0117s skyrius pufe, subtilios si\u016bl\u0117s atlo\u0161uose ir nuo\u017eulnus porankis. \u201eElano\u201c kampin\u0117 sofa yra populiarus pasirinkimas tiems, kurie vertina maksimal\u0173 komfort\u0105 kasdienio poilsio metu. Verta tur\u0117ti tok\u012f kampel\u012f savo namuose.<\/p>","protected":false},"excerpt":{"rendered":"<p>\u201eElano\u201c \u2013 eleganti\u0161ka, klasikin\u0117 ir paprasta kampin\u0117 sofa, kuri ne tik funkcionali, bet ir puikiai papildys j\u016bs\u0173 namus. Jos matmenys (255 x 212 x 90 cm) suteikia daug erdv\u0117s poilsiui, o intuityvi delfino stiliaus atlo\u0161o sistema u\u017etikrina maksimal\u0173 komfort\u0105 tiek dien\u0105, tiek nakt\u012f. Erdvi miegamoji [\u2026]<\/p>","protected":false},"featured_media":16906,"comment_status":"open","ping_status":"closed","template":"","meta":[],"product_brand":[],"product_cat":[9133],"product_tag":[],"class_list":{"0":"post-39088","1":"product","2":"type-product","3":"status-publish","4":"has-post-thumbnail","6":"product_cat-grouped","8":"first","9":"instock","10":"shipping-taxable","11":"purchasable","12":"product-type-variable","13":"wvs-archive-product-wrapper"},"_links":{"self":[{"href":"https:\/\/baldumarket.lt\/lt\/wp-json\/wp\/v2\/product\/39088","targetHints":{"allow":["GET"]}}],"collection":[{"href":"https:\/\/baldumarket.lt\/lt\/wp-json\/wp\/v2\/product"}],"about":[{"href":"https:\/\/baldumarket.lt\/lt\/wp-json\/wp\/v2\/types\/product"}],"replies":[{"embeddable":true,"href":"https:\/\/baldumarket.lt\/lt\/wp-json\/wp\/v2\/comments?post=39088"}],"wp:featuredmedia":[{"embeddable":true,"href":"https:\/\/baldumarket.lt\/lt\/wp-json\/wp\/v2\/media\/16906"}],"wp:attachment":[{"href":"https:\/\/baldumarket.lt\/lt\/wp-json\/wp\/v2\/media?parent=39088"}],"wp:term":[{"taxonomy":"product_brand","embeddable":true,"href":"https:\/\/baldumarket.lt\/lt\/wp-json\/wp\/v2\/product_brand?post=39088"},{"taxonomy":"product_cat","embeddable":true,"href":"https:\/\/baldumarket.lt\/lt\/wp-json\/wp\/v2\/product_cat?post=39088"},{"taxonomy":"product_tag","embeddable":true,"href":"https:\/\/baldumarket.lt\/lt\/wp-json\/wp\/v2\/product_tag?post=39088"}],"curies":[{"name":"wp","href":"https:\/\/api.w.org\/{rel}","templated":true}]}}