{"id":39074,"date":"2025-11-19T19:50:06","date_gmt":"2025-11-19T16:50:06","guid":{"rendered":"https:\/\/baldumarket.lt\/?post_type=product&#038;p=39074"},"modified":"2026-03-24T13:26:38","modified_gmt":"2026-03-24T10:26:38","slug":"eduardo-grupa-prestige","status":"publish","type":"product","link":"https:\/\/baldumarket.lt\/lt\/product\/eduardo-grupa-prestige\/","title":{"rendered":"Eduardo PRESTIGE grup\u0117"},"content":{"rendered":"<p>\u201eEduardo\u201c \u2013 unikali, skoninga ir i\u0161skirtinai mink\u0161ta kampin\u0117 sofa, kuri bet kokiam interjerui suteikia gaivumo ir prabangos. 345 x 202 x 90 cm dyd\u017eio sofa garantuoja maksimal\u0173 komfort\u0105 tiek dien\u0105, tiek nakt\u012f, nes joje yra miegojimo funkcija su specialiu 125 x 265 cm dyd\u017eio pavir\u0161iumi. Delfino mechanizmas taip pat leid\u017eia intuityviai ir lengvai atlo\u0161ti sof\u0105 \u012f norim\u0105 pad\u0117t\u012f. Papildomos savyb\u0117s: erdvus patalyn\u0117s skyrius pufe ir patogi s\u0117dyn\u0117, pagaminta i\u0161 HR put\u0173, kuri miegant prisitaiko prie j\u016bs\u0173 k\u016bno. Kitos unikalios savyb\u0117s: reguliuojamos galvos atramos, plat\u016bs porankiai ir auk\u0161tos metalin\u0117s kojel\u0117s. \u201eEduardo\u201c kampin\u0119 sof\u0105 galima \u012fsigyti su visu \u201eBalduMarket\u201c audini\u0173 asortimentu, tod\u0117l galite susikurti tikrai individual\u0173 interjero dizain\u0105.<\/p>","protected":false},"excerpt":{"rendered":"<p>\u201eEduardo\u201c \u2013 unikali, skoninga ir i\u0161skirtinai mink\u0161ta kampin\u0117 sofa, kuri bet kokiam interjerui suteikia gaivumo ir prabangos. 345 x 202 x 90 cm dyd\u017eio sofa garantuoja maksimal\u0173 komfort\u0105 tiek dienos, tiek nakties poilsiui, nes joje yra miegojimo funkcija su specialiu 125 x 265 cm dyd\u017eio pavir\u0161iumi. [\u2026]<\/p>","protected":false},"featured_media":16798,"comment_status":"open","ping_status":"closed","template":"","meta":[],"product_brand":[],"product_cat":[9133],"product_tag":[],"class_list":{"0":"post-39074","1":"product","2":"type-product","3":"status-publish","4":"has-post-thumbnail","6":"product_cat-grouped","8":"first","9":"instock","10":"shipping-taxable","11":"purchasable","12":"product-type-variable","13":"wvs-archive-product-wrapper"},"_links":{"self":[{"href":"https:\/\/baldumarket.lt\/lt\/wp-json\/wp\/v2\/product\/39074","targetHints":{"allow":["GET"]}}],"collection":[{"href":"https:\/\/baldumarket.lt\/lt\/wp-json\/wp\/v2\/product"}],"about":[{"href":"https:\/\/baldumarket.lt\/lt\/wp-json\/wp\/v2\/types\/product"}],"replies":[{"embeddable":true,"href":"https:\/\/baldumarket.lt\/lt\/wp-json\/wp\/v2\/comments?post=39074"}],"wp:featuredmedia":[{"embeddable":true,"href":"https:\/\/baldumarket.lt\/lt\/wp-json\/wp\/v2\/media\/16798"}],"wp:attachment":[{"href":"https:\/\/baldumarket.lt\/lt\/wp-json\/wp\/v2\/media?parent=39074"}],"wp:term":[{"taxonomy":"product_brand","embeddable":true,"href":"https:\/\/baldumarket.lt\/lt\/wp-json\/wp\/v2\/product_brand?post=39074"},{"taxonomy":"product_cat","embeddable":true,"href":"https:\/\/baldumarket.lt\/lt\/wp-json\/wp\/v2\/product_cat?post=39074"},{"taxonomy":"product_tag","embeddable":true,"href":"https:\/\/baldumarket.lt\/lt\/wp-json\/wp\/v2\/product_tag?post=39074"}],"curies":[{"name":"wp","href":"https:\/\/api.w.org\/{rel}","templated":true}]}}