{"id":39058,"date":"2025-11-19T19:49:49","date_gmt":"2025-11-19T16:49:49","guid":{"rendered":"https:\/\/baldumarket.lt\/?post_type=product&#038;p=39058"},"modified":"2026-03-24T13:42:13","modified_gmt":"2026-03-24T10:42:13","slug":"doro-grupa-standard","status":"publish","type":"product","link":"https:\/\/baldumarket.lt\/lt\/product\/doro-grupa-standard\/","title":{"rendered":"Doro STANDARD grup\u0117"},"content":{"rendered":"<p>Jaukus \u201eDoro\u201c \u0161ezlongas d\u0117l savo modernaus, eleganti\u0161ko dizaino, \u0161vari\u0173 linij\u0173 ir stilingo apmu\u0161alo puikiai tiks bet kokiai progai. Kiti i\u0161skirtiniai bruo\u017eai \u2013 i\u0161lenkta s\u0117dyn\u0117 ir arkinis atlo\u0161as. \u201eDoro\u201c puikiai tinka miegamajam ar svetainei. \u0160ezlongas gali b\u016bti naudojamas atskirai, nes turi apmu\u0161t\u0105 atlo\u0161\u0105, tod\u0117l atrodo gra\u017eiai i\u0161 bet kokio kampo. \u201eDoro\u201c \u2013 tai apmu\u0161tas baldas, kurio 170 centimetr\u0173 gylis leid\u017eia patogiai atsigulti ir atremti kojas. Lik\u0119 matmenys \u2013 85 \u00d7 95 cm. \u201eDoro\u201c s\u0117dyn\u0117s ir atlo\u0161o HR putplastis yra auk\u0161tos kokyb\u0117s, labai elastingas u\u017epildas. Poilsis su HR putplas\u010diu \u017eymiai pagerina s\u0117d\u0117jimo komfort\u0105 ir palaiko sveik\u0105 k\u016bno laikysen\u0105. D\u0117l unikalios l\u0105steli\u0173 strukt\u016bros HR putplastis u\u017etikrina pakankam\u0105 tempiam\u0105j\u012f stiprum\u0105, o padid\u0117j\u0119s elastingumas leid\u017eia jam ypa\u010d gerai prisitaikyti prie k\u016bno. Baldus galima \u012fsigyti i\u0161 \u012fvairi\u0173 \u201eBalduMarket\u201c kolekcijos audini\u0173.<\/p>","protected":false},"excerpt":{"rendered":"<p>Jaukus \u201eDoro\u201c \u0161ezlongas puikiai tiks bet kokiai progai, nes pasi\u017eymi moderniu, eleganti\u0161ku dizainu, \u0161variomis linijomis ir stilingais apmu\u0161alais. Kiti i\u0161skirtiniai bruo\u017eai \u2013 i\u0161lenkta s\u0117dyn\u0117 ir arkinis atlo\u0161as. \u201eDoro\u201c puikiai tinka miegamajam ar svetainei. \u0160ezlong\u0105 galima naudoti atskirai, nes jis turi [\u2026]<\/p>","protected":false},"featured_media":12480,"comment_status":"open","ping_status":"closed","template":"","meta":[],"product_brand":[],"product_cat":[9133],"product_tag":[],"class_list":{"0":"post-39058","1":"product","2":"type-product","3":"status-publish","4":"has-post-thumbnail","6":"product_cat-grouped","8":"first","9":"instock","10":"shipping-taxable","11":"purchasable","12":"product-type-variable","13":"wvs-archive-product-wrapper"},"_links":{"self":[{"href":"https:\/\/baldumarket.lt\/lt\/wp-json\/wp\/v2\/product\/39058","targetHints":{"allow":["GET"]}}],"collection":[{"href":"https:\/\/baldumarket.lt\/lt\/wp-json\/wp\/v2\/product"}],"about":[{"href":"https:\/\/baldumarket.lt\/lt\/wp-json\/wp\/v2\/types\/product"}],"replies":[{"embeddable":true,"href":"https:\/\/baldumarket.lt\/lt\/wp-json\/wp\/v2\/comments?post=39058"}],"wp:featuredmedia":[{"embeddable":true,"href":"https:\/\/baldumarket.lt\/lt\/wp-json\/wp\/v2\/media\/12480"}],"wp:attachment":[{"href":"https:\/\/baldumarket.lt\/lt\/wp-json\/wp\/v2\/media?parent=39058"}],"wp:term":[{"taxonomy":"product_brand","embeddable":true,"href":"https:\/\/baldumarket.lt\/lt\/wp-json\/wp\/v2\/product_brand?post=39058"},{"taxonomy":"product_cat","embeddable":true,"href":"https:\/\/baldumarket.lt\/lt\/wp-json\/wp\/v2\/product_cat?post=39058"},{"taxonomy":"product_tag","embeddable":true,"href":"https:\/\/baldumarket.lt\/lt\/wp-json\/wp\/v2\/product_tag?post=39058"}],"curies":[{"name":"wp","href":"https:\/\/api.w.org\/{rel}","templated":true}]}}