{"id":39040,"date":"2025-11-19T19:49:47","date_gmt":"2025-11-19T16:49:47","guid":{"rendered":"https:\/\/baldumarket.lt\/?post_type=product&#038;p=39040"},"modified":"2026-03-24T13:26:30","modified_gmt":"2026-03-24T10:26:30","slug":"divalo-160x200-grupa-prestige","status":"publish","type":"product","link":"https:\/\/baldumarket.lt\/lt\/product\/divalo-160x200-grupa-prestige\/","title":{"rendered":"Divalo 160X200 PRESTIGE Group"},"content":{"rendered":"<p>\u201eDivalo\u201c \u2013 tai funkcionali, eleganti\u0161ka ir klasikin\u0117 spyruoklin\u0117 lova su trimis miegojimo pavir\u0161iais: 140\/160\/180 x 200 cm. \u010ciu\u017einys pripildytas 20 cm auk\u0161\u010dio \u201eBonnell\u201c spyruokliniu \u010diu\u017einiu, kuris yra padengtas dviem papildomais \u2013 vir\u0161utiniu ir apatiniu \u2013 T25 put\u0173 sluoksniais, bei 4 cm storio T21 put\u0173 vir\u0161utiniu sluoksniu. \u0160io modelio i\u0161skirtin\u0117s savyb\u0117s \u2013 platus spalv\u0173 pasirinkimas, auk\u0161tas galv\u016bgalis ir eleganti\u0161kos kojel\u0117s. \u201eDivalo\u201c kontinentin\u0117 lova taip pat turi du erdvius patalyn\u0117s skyrius, suskirstytus \u012f tris dalis. Toki\u0105 lov\u0105 savo namuose tikrai verta tur\u0117ti.<\/p>","protected":false},"excerpt":{"rendered":"<p>\u201eDivalo\u201c \u2013 tai funkcionali, eleganti\u0161ka ir klasikin\u0117 spyruoklin\u0117 lova su trimis miegojimo pavir\u0161iais: 140\/160\/180 x 200 cm. Ji pripildyta 20 cm auk\u0161\u010dio \u201eBonnell\u201c spyruokliniu \u010diu\u017einiu, kuris turi du papildomus \u2013 vir\u0161utin\u012f ir apatin\u012f \u2013 T25 putplas\u010dio sluoksnius, taip pat 4 cm storio T21 putplas\u010dio sluoksn\u012f [\u2026]<\/p>","protected":false},"featured_media":9823,"comment_status":"open","ping_status":"closed","template":"","meta":[],"product_brand":[],"product_cat":[9133],"product_tag":[],"class_list":{"0":"post-39040","1":"product","2":"type-product","3":"status-publish","4":"has-post-thumbnail","6":"product_cat-grouped","8":"first","9":"instock","10":"shipping-taxable","11":"purchasable","12":"product-type-variable","13":"wvs-archive-product-wrapper"},"_links":{"self":[{"href":"https:\/\/baldumarket.lt\/lt\/wp-json\/wp\/v2\/product\/39040","targetHints":{"allow":["GET"]}}],"collection":[{"href":"https:\/\/baldumarket.lt\/lt\/wp-json\/wp\/v2\/product"}],"about":[{"href":"https:\/\/baldumarket.lt\/lt\/wp-json\/wp\/v2\/types\/product"}],"replies":[{"embeddable":true,"href":"https:\/\/baldumarket.lt\/lt\/wp-json\/wp\/v2\/comments?post=39040"}],"wp:featuredmedia":[{"embeddable":true,"href":"https:\/\/baldumarket.lt\/lt\/wp-json\/wp\/v2\/media\/9823"}],"wp:attachment":[{"href":"https:\/\/baldumarket.lt\/lt\/wp-json\/wp\/v2\/media?parent=39040"}],"wp:term":[{"taxonomy":"product_brand","embeddable":true,"href":"https:\/\/baldumarket.lt\/lt\/wp-json\/wp\/v2\/product_brand?post=39040"},{"taxonomy":"product_cat","embeddable":true,"href":"https:\/\/baldumarket.lt\/lt\/wp-json\/wp\/v2\/product_cat?post=39040"},{"taxonomy":"product_tag","embeddable":true,"href":"https:\/\/baldumarket.lt\/lt\/wp-json\/wp\/v2\/product_tag?post=39040"}],"curies":[{"name":"wp","href":"https:\/\/api.w.org\/{rel}","templated":true}]}}