{"id":39016,"date":"2025-11-19T19:49:23","date_gmt":"2025-11-19T16:49:23","guid":{"rendered":"https:\/\/baldumarket.lt\/?post_type=product&#038;p=39016"},"modified":"2026-03-24T13:42:04","modified_gmt":"2026-03-24T10:42:04","slug":"deverio-3-osobowa-grupa-standard","status":"publish","type":"product","link":"https:\/\/baldumarket.lt\/lt\/product\/deverio-3-osobowa-grupa-standard\/","title":{"rendered":"\u201eDeverio\u201c 3 asmen\u0173 STANDARTIN\u0116 grup\u0117"},"content":{"rendered":"<p>Amerikieti\u0161ka sofa \u201eDeverio\u201c, kurios matmenys 154x103x83 cm, yra modernus, kompakti\u0161kas svetain\u0117s baldas, puikiai tinkantis ma\u017eesniuose butuose, taip pat sve\u010di\u0173 ar jaunimo kambariuose. D\u0117l dviej\u0173 r\u016b\u0161i\u0173 put\u0173 \u2013 T2540 ir T2315 \u2013 ji u\u017etikrina patog\u0173 s\u0117d\u0117jim\u0105 ir komforti\u0161k\u0105 mieg\u0105. Miegojimo funkcija leid\u017eia greitai transformuotis \u012f lov\u0105, o prakti\u0161ka patalyn\u0117s d\u0117\u017e\u0117 suteikia papildomos vietos daiktams susid\u0117ti. Apmu\u0161tas atlo\u0161as leid\u017eia baldus pastatyti bet kur, j\u0173 neperkeliant prie sienos, o tai padidina i\u0161d\u0117stymo laisv\u0119. Visas baldas pastatytas ant juod\u0173 plastikini\u0173 kojeli\u0173, kurios pabr\u0117\u017eia modern\u0173 amerikieti\u0161kos sofos charakter\u012f. \u201eDeverio\u201c modelis \u2013 tai puikus estetikos, funkcionalumo ir patogumo derinys tiems, kurie ie\u0161ko universalaus sprendimo kasdieniam naudojimui.<\/p>","protected":false},"excerpt":{"rendered":"<p>Amerikieti\u0161ka sofa \u201eDeverio\u201c, kurios matmenys 154x103x83 cm, yra modernus, kompakti\u0161kas svetain\u0117s baldas, puikiai tinkantis ma\u017eesniems butams, sve\u010di\u0173 ar jaunimo kambariams. D\u0117l dviej\u0173 r\u016b\u0161i\u0173 put\u0173 \u2013 T2540 ir T2315 \u2013 ji u\u017etikrina patog\u0173 s\u0117d\u0117jim\u0105 ir patog\u0173 mieg\u0105. Miegojimo funkcija leid\u017eia [\u2026]<\/p>","protected":false},"featured_media":35872,"comment_status":"open","ping_status":"closed","template":"","meta":[],"product_brand":[],"product_cat":[9133],"product_tag":[],"class_list":{"0":"post-39016","1":"product","2":"type-product","3":"status-publish","4":"has-post-thumbnail","6":"product_cat-grouped","8":"first","9":"instock","10":"shipping-taxable","11":"purchasable","12":"product-type-variable","13":"wvs-archive-product-wrapper"},"_links":{"self":[{"href":"https:\/\/baldumarket.lt\/lt\/wp-json\/wp\/v2\/product\/39016","targetHints":{"allow":["GET"]}}],"collection":[{"href":"https:\/\/baldumarket.lt\/lt\/wp-json\/wp\/v2\/product"}],"about":[{"href":"https:\/\/baldumarket.lt\/lt\/wp-json\/wp\/v2\/types\/product"}],"replies":[{"embeddable":true,"href":"https:\/\/baldumarket.lt\/lt\/wp-json\/wp\/v2\/comments?post=39016"}],"wp:featuredmedia":[{"embeddable":true,"href":"https:\/\/baldumarket.lt\/lt\/wp-json\/wp\/v2\/media\/35872"}],"wp:attachment":[{"href":"https:\/\/baldumarket.lt\/lt\/wp-json\/wp\/v2\/media?parent=39016"}],"wp:term":[{"taxonomy":"product_brand","embeddable":true,"href":"https:\/\/baldumarket.lt\/lt\/wp-json\/wp\/v2\/product_brand?post=39016"},{"taxonomy":"product_cat","embeddable":true,"href":"https:\/\/baldumarket.lt\/lt\/wp-json\/wp\/v2\/product_cat?post=39016"},{"taxonomy":"product_tag","embeddable":true,"href":"https:\/\/baldumarket.lt\/lt\/wp-json\/wp\/v2\/product_tag?post=39016"}],"curies":[{"name":"wp","href":"https:\/\/api.w.org\/{rel}","templated":true}]}}