{"id":38970,"date":"2025-11-19T19:48:37","date_gmt":"2025-11-19T16:48:37","guid":{"rendered":"https:\/\/baldumarket.lt\/?post_type=product&#038;p=38970"},"modified":"2026-04-21T17:20:40","modified_gmt":"2026-04-21T14:20:40","slug":"damario-grupa-special","status":"publish","type":"product","link":"https:\/\/baldumarket.lt\/lt\/product\/damario-grupa-special\/","title":{"rendered":"Damario SPECIAL grup\u0117"},"content":{"rendered":"<p>\u201eDamario\u201c \u2013 tai erdvi, i\u0161skirtinai eleganti\u0161ka ir skoninga kampin\u0117 sofa, kurios matmenys \u2013 338 x 189 x 78 cm. \u0160is U formos baldas pasi\u017eymi patogia, mink\u0161ta s\u0117dyne, pagaminta i\u0161 patvari\u0173 vingiuot\u0173 spyruokli\u0173 ir lanks\u010di\u0173 T30 put\u0173, kurios yra atsparios pa\u017eeidimams, deformacijai ir vis\u0173 tip\u0173 \u012fbr\u0117\u017eimams. Be to, m\u016bs\u0173 kampin\u0117 sofa turi miegojimo funkcij\u0105. Speciali miegojimo zona, sukurta automatinio ir intuityvaus delfino mechanizmo d\u0117ka, yra 275 x 126 cm dyd\u017eio. B\u016bdingi \u201eDamario\u201c kampin\u0117s sofos bruo\u017eai: patogi 40 cm auk\u0161\u010dio s\u0117dyn\u0117, aptak\u016bs porankiai, kont\u016bruoti atlo\u0161ai ir dekoratyvin\u0117s pagalv\u0117l\u0117s. Be to, galime pabr\u0117\u017eti eleganti\u0161kas kojas ir daugyb\u0119 spalv\u0173 variant\u0173. \u201eDamario\u201c \u2013 tai svajon\u0117s i\u0161sipildymas \u012frengiant erdv\u0173 svetain\u0117s kambar\u012f. Rasite visk\u0105, ko reikia maksimaliam komfortui tiek nakt\u012f, tiek dien\u0105.<\/p>","protected":false},"excerpt":{"rendered":"<p>\u201eDamario\u201c \u2013 tai erdvi, i\u0161skirtinai eleganti\u0161ka ir skoninga kampin\u0117 sofa, kurios matmenys \u2013 338 x 189 x 78 cm. \u0160is U formos baldas pasi\u017eymi patogia, mink\u0161ta s\u0117dyne, pagaminta i\u0161 patvari\u0173 vingiuot\u0173 spyruokli\u0173 ir lanks\u010di\u0173 T30 put\u0173, kurios yra atsparios pa\u017eeidimams, deformacijai ir vis\u0173 tip\u0173 \u012fbr\u0117\u017eimams. Be to, m\u016bs\u0173 kampin\u0117je sofoje yra miegamoji [\u2026]<\/p>","protected":false},"featured_media":16570,"comment_status":"open","ping_status":"closed","template":"","meta":[],"product_brand":[],"product_cat":[9133],"product_tag":[],"class_list":{"0":"post-38970","1":"product","2":"type-product","3":"status-publish","4":"has-post-thumbnail","6":"product_cat-grouped","8":"first","9":"instock","10":"shipping-taxable","11":"purchasable","12":"product-type-variable","13":"wvs-archive-product-wrapper"},"_links":{"self":[{"href":"https:\/\/baldumarket.lt\/lt\/wp-json\/wp\/v2\/product\/38970","targetHints":{"allow":["GET"]}}],"collection":[{"href":"https:\/\/baldumarket.lt\/lt\/wp-json\/wp\/v2\/product"}],"about":[{"href":"https:\/\/baldumarket.lt\/lt\/wp-json\/wp\/v2\/types\/product"}],"replies":[{"embeddable":true,"href":"https:\/\/baldumarket.lt\/lt\/wp-json\/wp\/v2\/comments?post=38970"}],"wp:featuredmedia":[{"embeddable":true,"href":"https:\/\/baldumarket.lt\/lt\/wp-json\/wp\/v2\/media\/16570"}],"wp:attachment":[{"href":"https:\/\/baldumarket.lt\/lt\/wp-json\/wp\/v2\/media?parent=38970"}],"wp:term":[{"taxonomy":"product_brand","embeddable":true,"href":"https:\/\/baldumarket.lt\/lt\/wp-json\/wp\/v2\/product_brand?post=38970"},{"taxonomy":"product_cat","embeddable":true,"href":"https:\/\/baldumarket.lt\/lt\/wp-json\/wp\/v2\/product_cat?post=38970"},{"taxonomy":"product_tag","embeddable":true,"href":"https:\/\/baldumarket.lt\/lt\/wp-json\/wp\/v2\/product_tag?post=38970"}],"curies":[{"name":"wp","href":"https:\/\/api.w.org\/{rel}","templated":true}]}}