{"id":38958,"date":"2025-11-19T19:48:36","date_gmt":"2025-11-19T16:48:36","guid":{"rendered":"https:\/\/baldumarket.lt\/?post_type=product&#038;p=38958"},"modified":"2026-04-21T17:20:40","modified_gmt":"2026-04-21T14:20:40","slug":"dalia-grupa-special","status":"publish","type":"product","link":"https:\/\/baldumarket.lt\/lt\/product\/dalia-grupa-special\/","title":{"rendered":"Dalia SPECIAL grup\u0117"},"content":{"rendered":"<p>\u201eDalia\u201c sof\u0105 k\u016br\u0117me galvodami apie komfort\u0105 ir patogum\u0105. Jos unikalus funkcionalumas slypi funkcionalume. 260 cm ilgio ir i\u0161skirtinai didelio miegojimo pavir\u0161iaus (215 x 145 cm) d\u0117ka ji puikiai tinka tiek modernistin\u0117ms, tiek klasikinio stiliaus erdv\u0117ms. I\u0161skirtinis komfortas pasiekiamas naudojant itin elasting\u0105 HR putplast\u012f ir vingiuotas spyruokles. Eleganti\u0161k\u0105 ir moderni\u0105 sofos i\u0161vaizd\u0105 suteikia auk\u0161tos kokyb\u0117s juodos kojel\u0117s. \u201eDalia\u201c sofa pagaminta i\u0161 auk\u0161tos kokyb\u0117s komponent\u0173 ir kruop\u0161\u010diai atrinkt\u0173 audini\u0173.<\/p>","protected":false},"excerpt":{"rendered":"<p>\u201eDalia\u201c sof\u0105 k\u016br\u0117me galvodami apie komfort\u0105 ir patogum\u0105. I\u0161skirtinis jos funkcionalumas slypi funkcionalume. 260 cm ilgio ir i\u0161skirtinai didelio miegojimo pavir\u0161iaus (215 x 145 cm) d\u0117ka ji puikiai tinka tiek modernistin\u0117ms, tiek klasikinio stiliaus erdv\u0117ms. I\u0161skirtinis komfortas pasiekiamas naudojant itin elasting\u0105 HR putplas\u010dio [\u2026]<\/p>","protected":false},"featured_media":25905,"comment_status":"open","ping_status":"closed","template":"","meta":[],"product_brand":[],"product_cat":[9133],"product_tag":[],"class_list":{"0":"post-38958","1":"product","2":"type-product","3":"status-publish","4":"has-post-thumbnail","6":"product_cat-grouped","8":"first","9":"instock","10":"shipping-taxable","11":"purchasable","12":"product-type-variable","13":"wvs-archive-product-wrapper"},"_links":{"self":[{"href":"https:\/\/baldumarket.lt\/lt\/wp-json\/wp\/v2\/product\/38958","targetHints":{"allow":["GET"]}}],"collection":[{"href":"https:\/\/baldumarket.lt\/lt\/wp-json\/wp\/v2\/product"}],"about":[{"href":"https:\/\/baldumarket.lt\/lt\/wp-json\/wp\/v2\/types\/product"}],"replies":[{"embeddable":true,"href":"https:\/\/baldumarket.lt\/lt\/wp-json\/wp\/v2\/comments?post=38958"}],"wp:featuredmedia":[{"embeddable":true,"href":"https:\/\/baldumarket.lt\/lt\/wp-json\/wp\/v2\/media\/25905"}],"wp:attachment":[{"href":"https:\/\/baldumarket.lt\/lt\/wp-json\/wp\/v2\/media?parent=38958"}],"wp:term":[{"taxonomy":"product_brand","embeddable":true,"href":"https:\/\/baldumarket.lt\/lt\/wp-json\/wp\/v2\/product_brand?post=38958"},{"taxonomy":"product_cat","embeddable":true,"href":"https:\/\/baldumarket.lt\/lt\/wp-json\/wp\/v2\/product_cat?post=38958"},{"taxonomy":"product_tag","embeddable":true,"href":"https:\/\/baldumarket.lt\/lt\/wp-json\/wp\/v2\/product_tag?post=38958"}],"curies":[{"name":"wp","href":"https:\/\/api.w.org\/{rel}","templated":true}]}}