{"id":38916,"date":"2025-11-19T19:48:15","date_gmt":"2025-11-19T16:48:15","guid":{"rendered":"https:\/\/baldumarket.lt\/?post_type=product&#038;p=38916"},"modified":"2026-03-24T13:07:35","modified_gmt":"2026-03-24T10:07:35","slug":"corona-grupa-classic","status":"publish","type":"product","link":"https:\/\/baldumarket.lt\/lt\/product\/corona-grupa-classic\/","title":{"rendered":"Corona CLASSIC grup\u0117"},"content":{"rendered":"<p>\u201eCorona\u201c \u2013 stilinga, klasikinio stiliaus, ta\u010diau patogi ir eleganti\u0161ka kampin\u0117 sofa, kurios matmenys \u2013 235 x 162 x 90 cm. I\u0161skirtiniai jos bruo\u017eai \u2013 stabili, patikrinta konstrukcija, subtili i\u0161vaizda ir patogios s\u0117dyn\u0117s, pagamintos i\u0161 \u201eBonnell\u201c spyruoklinio plieno ir T30 putplas\u010dio, atsparios deformacijai ir pa\u017eeidimams. \u0160io tipo putplastis taip pat garantuoja tinkam\u0105 k\u016bno ir laikysenos atram\u0105. Kampin\u0117 sofa \u201eCorona\u201c yra daugiafunkcis baldas \u2013 jos patikimumas ir i\u0161skirtinis mink\u0161tumas u\u017etikrina maksimal\u0173 komfort\u0105 ne tik dien\u0105, bet ir nakt\u012f. I\u0161skleidus sof\u0105 naudojant i\u0161traukiam\u0105 dugn\u0105, ji suteikia 195 x 135 cm miegojimo plot\u0105 ir erdv\u0173, gil\u0173 skyri\u0173 patalynei. Jei ie\u0161kote funkcionalaus, ta\u010diau klasikinio ir eleganti\u0161ko baldo, pasirinkimas paprastas \u2013 kampin\u0117 sofa \u201eCorona\u201c patenkins visus j\u016bs\u0173 poreikius.<\/p>","protected":false},"excerpt":{"rendered":"<p>\u201eCorona\u201c \u2013 stilinga, klasikinio stiliaus, ta\u010diau patogi ir eleganti\u0161ka kampin\u0117 sofa, kurios matmenys \u2013 235 x 162 x 90 cm. I\u0161skirtiniai jos bruo\u017eai \u2013 stabili, patikrinta konstrukcija, subtili i\u0161vaizda ir patogios s\u0117dyn\u0117s, pagamintos i\u0161 \u201eBonnell\u201c spyruoklinio plieno ir T30 putplas\u010dio, atsparios deformacijai ir pa\u017eeidimams. \u0160io tipo putplastis taip pat garantuoja tinkam\u0105 [\u2026]<\/p>","protected":false},"featured_media":16411,"comment_status":"open","ping_status":"closed","template":"","meta":[],"product_brand":[],"product_cat":[9133],"product_tag":[],"class_list":{"0":"post-38916","1":"product","2":"type-product","3":"status-publish","4":"has-post-thumbnail","6":"product_cat-grouped","8":"first","9":"instock","10":"shipping-taxable","11":"purchasable","12":"product-type-variable","13":"wvs-archive-product-wrapper"},"_links":{"self":[{"href":"https:\/\/baldumarket.lt\/lt\/wp-json\/wp\/v2\/product\/38916","targetHints":{"allow":["GET"]}}],"collection":[{"href":"https:\/\/baldumarket.lt\/lt\/wp-json\/wp\/v2\/product"}],"about":[{"href":"https:\/\/baldumarket.lt\/lt\/wp-json\/wp\/v2\/types\/product"}],"replies":[{"embeddable":true,"href":"https:\/\/baldumarket.lt\/lt\/wp-json\/wp\/v2\/comments?post=38916"}],"wp:featuredmedia":[{"embeddable":true,"href":"https:\/\/baldumarket.lt\/lt\/wp-json\/wp\/v2\/media\/16411"}],"wp:attachment":[{"href":"https:\/\/baldumarket.lt\/lt\/wp-json\/wp\/v2\/media?parent=38916"}],"wp:term":[{"taxonomy":"product_brand","embeddable":true,"href":"https:\/\/baldumarket.lt\/lt\/wp-json\/wp\/v2\/product_brand?post=38916"},{"taxonomy":"product_cat","embeddable":true,"href":"https:\/\/baldumarket.lt\/lt\/wp-json\/wp\/v2\/product_cat?post=38916"},{"taxonomy":"product_tag","embeddable":true,"href":"https:\/\/baldumarket.lt\/lt\/wp-json\/wp\/v2\/product_tag?post=38916"}],"curies":[{"name":"wp","href":"https:\/\/api.w.org\/{rel}","templated":true}]}}