{"id":38904,"date":"2025-11-19T19:47:55","date_gmt":"2025-11-19T16:47:55","guid":{"rendered":"https:\/\/baldumarket.lt\/?post_type=product&#038;p=38904"},"modified":"2026-03-24T13:07:35","modified_gmt":"2026-03-24T10:07:35","slug":"conforti-grupa-classic","status":"publish","type":"product","link":"https:\/\/baldumarket.lt\/lt\/product\/conforti-grupa-classic\/","title":{"rendered":"\u201eConforti CLASSIC\u201c grup\u0117"},"content":{"rendered":"<p>\u201eConforti\u201c \u2013 tai daugiafunkcin\u0117, eleganti\u0161ka ir erdvi kampin\u0117 sofa, sukurta moderniu klasikiniu stiliumi. \u0160is auk\u0161tos kokyb\u0117s baldas yra komforto ir klas\u0117s sinonimas d\u0117l pla\u010dios, 60 cm gylio s\u0117dyn\u0117s ir i\u0161skirtinai lanks\u010di\u0173 T30 put\u0173. 275 x 165 x 78 cm dyd\u017eio \u201eConforti\u201c sofa si\u016blo ne tik komfort\u0105, bet ir ger\u0105 mieg\u0105 d\u0117l i\u0161skirtinai didelio miego pavir\u0161iaus. Delfino tipo i\u0161lankstymo sistema leid\u017eia paprastai ir intuityviai i\u0161skleisti sof\u0105, paver\u010diant j\u0105 erdvia 128 x 215 cm lova. Maksimal\u0173 komfort\u0105 u\u017etikrina, be kita ko, mink\u0161ta, plati s\u0117dyn\u0117, stilingas, i\u0161skirtinis dygsniavimas ir unikalios kojel\u0117s. Jei smalsu, k\u0105 m\u016bs\u0173 \u201eConforti\u201c gali pasi\u016blyti be komforto, kvie\u010diame rinktis m\u016bs\u0173 kampin\u0119 sof\u0105.<\/p>","protected":false},"excerpt":{"rendered":"<p>\u201eConforti\u201c \u2013 tai daugiafunkcin\u0117, eleganti\u0161ka ir erdvi kampin\u0117 sofa, sukurta moderniu klasikiniu stiliumi. \u0160is auk\u0161tos kokyb\u0117s baldas yra komforto ir klas\u0117s sinonimas d\u0117l pla\u010dios, 60 cm gylio s\u0117dyn\u0117s ir i\u0161skirtinai lanks\u010dios T30 putos. 275 x 165 x 78 cm dyd\u017eio \u201eConforti\u201c si\u016blo ne tik komfort\u0105, bet ir [\u2026]<\/p>","protected":false},"featured_media":12403,"comment_status":"open","ping_status":"closed","template":"","meta":[],"product_brand":[],"product_cat":[9133],"product_tag":[],"class_list":{"0":"post-38904","1":"product","2":"type-product","3":"status-publish","4":"has-post-thumbnail","6":"product_cat-grouped","8":"first","9":"instock","10":"shipping-taxable","11":"purchasable","12":"product-type-variable","13":"wvs-archive-product-wrapper"},"_links":{"self":[{"href":"https:\/\/baldumarket.lt\/lt\/wp-json\/wp\/v2\/product\/38904","targetHints":{"allow":["GET"]}}],"collection":[{"href":"https:\/\/baldumarket.lt\/lt\/wp-json\/wp\/v2\/product"}],"about":[{"href":"https:\/\/baldumarket.lt\/lt\/wp-json\/wp\/v2\/types\/product"}],"replies":[{"embeddable":true,"href":"https:\/\/baldumarket.lt\/lt\/wp-json\/wp\/v2\/comments?post=38904"}],"wp:featuredmedia":[{"embeddable":true,"href":"https:\/\/baldumarket.lt\/lt\/wp-json\/wp\/v2\/media\/12403"}],"wp:attachment":[{"href":"https:\/\/baldumarket.lt\/lt\/wp-json\/wp\/v2\/media?parent=38904"}],"wp:term":[{"taxonomy":"product_brand","embeddable":true,"href":"https:\/\/baldumarket.lt\/lt\/wp-json\/wp\/v2\/product_brand?post=38904"},{"taxonomy":"product_cat","embeddable":true,"href":"https:\/\/baldumarket.lt\/lt\/wp-json\/wp\/v2\/product_cat?post=38904"},{"taxonomy":"product_tag","embeddable":true,"href":"https:\/\/baldumarket.lt\/lt\/wp-json\/wp\/v2\/product_tag?post=38904"}],"curies":[{"name":"wp","href":"https:\/\/api.w.org\/{rel}","templated":true}]}}