{"id":38890,"date":"2025-11-19T19:47:54","date_gmt":"2025-11-19T16:47:54","guid":{"rendered":"https:\/\/baldumarket.lt\/?post_type=product&#038;p=38890"},"modified":"2026-03-24T13:41:55","modified_gmt":"2026-03-24T10:41:55","slug":"clover-90x200-grupa-standard","status":"publish","type":"product","link":"https:\/\/baldumarket.lt\/lt\/product\/clover-90x200-grupa-standard\/","title":{"rendered":"Dobilas 90\u00d7200 STANDARTIN\u0116 grup\u0117"},"content":{"rendered":"<p>\u201eClover\u201c \u2013 tai moderni ir stilinga lova, atitinkanti maksimalaus komforto reikalavimus. D\u0117l elektrinio valdymo \u0161is modelis prisitaiko prie individuali\u0173 naudotojo pageidavim\u0173, leisdamas pasirinkti optimal\u0173 \u010diu\u017einio auk\u0161t\u012f. \u201eClover\u201c spyruoklin\u0117 lova turi tris atskirus \u010diu\u017einius, kurie sukuria i\u0161skirtinai mink\u0161t\u0105 miegojimo erdv\u0119 90 x 200 cm dyd\u017eio lovoje. Kiti i\u0161skirtiniai m\u016bs\u0173 \u201eClover\u201c kontinentin\u0117s lovos bruo\u017eai \u2013 patvarus, visi\u0161kai audiniu aptrauktas r\u0117mas, stilinga, dygsniuota atlo\u0161as ir eleganti\u0161kos chromuotos kojel\u0117s. Platus spalv\u0173 pasirinkimas leid\u017eia priderinti baldus prie miegamojo interjero ir estetini\u0173 pageidavim\u0173. \u201eClover\u201c spyruoklin\u0117 lova \u2013 i\u0161ties unikali lova, \u017eavinti ne tik \u012fdomiu dizainu, bet ir funkcionalumu, kurio ne\u012fmanoma ignoruoti.<\/p>","protected":false},"excerpt":{"rendered":"<p>\u201eClover\u201c \u2013 tai moderni ir stilinga lova, atitinkanti maksimalaus komforto reikalavimus. D\u0117l elektrinio valdymo \u0161is modelis prisitaiko prie individuali\u0173 naudotojo pageidavim\u0173, leisdamas pasirinkti optimal\u0173 \u010diu\u017einio auk\u0161t\u012f. \u201eClover\u201c spyruoklin\u0117 lova turi tris atskirus \u010diu\u017einius, kurie sukuria i\u0161skirtinai mink\u0161t\u0105 miegojimo erdv\u0119 lovoje [\u2026]<\/p>","protected":false},"featured_media":12671,"comment_status":"open","ping_status":"closed","template":"","meta":[],"product_brand":[],"product_cat":[9133],"product_tag":[],"class_list":{"0":"post-38890","1":"product","2":"type-product","3":"status-publish","4":"has-post-thumbnail","6":"product_cat-grouped","8":"first","9":"instock","10":"shipping-taxable","11":"purchasable","12":"product-type-variable","13":"wvs-archive-product-wrapper"},"_links":{"self":[{"href":"https:\/\/baldumarket.lt\/lt\/wp-json\/wp\/v2\/product\/38890","targetHints":{"allow":["GET"]}}],"collection":[{"href":"https:\/\/baldumarket.lt\/lt\/wp-json\/wp\/v2\/product"}],"about":[{"href":"https:\/\/baldumarket.lt\/lt\/wp-json\/wp\/v2\/types\/product"}],"replies":[{"embeddable":true,"href":"https:\/\/baldumarket.lt\/lt\/wp-json\/wp\/v2\/comments?post=38890"}],"wp:featuredmedia":[{"embeddable":true,"href":"https:\/\/baldumarket.lt\/lt\/wp-json\/wp\/v2\/media\/12671"}],"wp:attachment":[{"href":"https:\/\/baldumarket.lt\/lt\/wp-json\/wp\/v2\/media?parent=38890"}],"wp:term":[{"taxonomy":"product_brand","embeddable":true,"href":"https:\/\/baldumarket.lt\/lt\/wp-json\/wp\/v2\/product_brand?post=38890"},{"taxonomy":"product_cat","embeddable":true,"href":"https:\/\/baldumarket.lt\/lt\/wp-json\/wp\/v2\/product_cat?post=38890"},{"taxonomy":"product_tag","embeddable":true,"href":"https:\/\/baldumarket.lt\/lt\/wp-json\/wp\/v2\/product_tag?post=38890"}],"curies":[{"name":"wp","href":"https:\/\/api.w.org\/{rel}","templated":true}]}}