{"id":38884,"date":"2025-11-19T19:47:33","date_gmt":"2025-11-19T16:47:33","guid":{"rendered":"https:\/\/baldumarket.lt\/?post_type=product&#038;p=38884"},"modified":"2026-03-24T13:16:02","modified_gmt":"2026-03-24T10:16:02","slug":"clover-180x200-grupa-premium","status":"publish","type":"product","link":"https:\/\/baldumarket.lt\/lt\/product\/clover-180x200-grupa-premium\/","title":{"rendered":"Dobilas 180\u00d7200 PREMIUM grup\u0117"},"content":{"rendered":"<p>\u201eClover\u201c \u2013 tai 100% atsakas \u012f dabartinius maksimalaus komforto poreikius. D\u0117l elektrinio valdymo \u0161is modelis prisitaiko prie individuali\u0173 naudotojo pageidavim\u0173, leisdamas jam, pavyzd\u017eiui, pasirinkti optimal\u0173 \u010diu\u017einio auk\u0161t\u012f. Visa tai pasiekiama naudojant du nuotolinio valdymo pultelius, esan\u010dius abiejose lovos pus\u0117se. \u201eClover\u201c spyruoklin\u0117 lova turi tris atskirus \u010diu\u017einius, kurie sukuria erdv\u0173 miegojimo pavir\u0161i\u0173, nepriklausomai nuo lovos dyd\u017eio, taip pat ir \u010diu\u017einio \u010diu\u017ein\u012f. Galimi keturi dyd\u017eiai: 90\/140\/160\/180 x 200 cm. Kiti i\u0161skirtiniai m\u016bs\u0173 \u201eClover\u201c kontinentin\u0117s lovos bruo\u017eai \u2013 patvarus, visi\u0161kai aptrauktas audiniu r\u0117mas, stilinga, dygsniuota atlo\u0161as ir eleganti\u0161kos chromuotos kojel\u0117s. Platus spalv\u0173 pasirinkimas leid\u017eia priderinti baldus prie miegamojo interjero ir estetini\u0173 pageidavim\u0173. \u201eClover\u201c spyruoklin\u0117 lova neabejotinai yra unikali lova, kuri d\u017eiugina, o d\u0117l neprilygstamo funkcionalumo ji tikrai atitiks ne tik reikalavimus, bet ir individualius l\u016bkes\u010dius.<\/p>","protected":false},"excerpt":{"rendered":"<p>\u201eClover\u201c \u2013 tai 100% atsakas \u012f dabartinius maksimalaus komforto poreikius. D\u0117l elektrinio valdymo \u0161is modelis prisitaiko prie individuali\u0173 naudotojo pageidavim\u0173, leisdamas jam, pavyzd\u017eiui, pasirinkti optimal\u0173 \u010diu\u017einio auk\u0161t\u012f. Visa tai pasiekiama naudojant du nuotolinio valdymo pultelius, esan\u010dius abiejose lovos pus\u0117se. \u201eClover\u201c spyruoklin\u0117 lova yra [\u2026]<\/p>","protected":false},"featured_media":12674,"comment_status":"open","ping_status":"closed","template":"","meta":[],"product_brand":[],"product_cat":[9133],"product_tag":[],"class_list":{"0":"post-38884","1":"product","2":"type-product","3":"status-publish","4":"has-post-thumbnail","6":"product_cat-grouped","8":"first","9":"instock","10":"shipping-taxable","11":"purchasable","12":"product-type-variable","13":"wvs-archive-product-wrapper"},"_links":{"self":[{"href":"https:\/\/baldumarket.lt\/lt\/wp-json\/wp\/v2\/product\/38884","targetHints":{"allow":["GET"]}}],"collection":[{"href":"https:\/\/baldumarket.lt\/lt\/wp-json\/wp\/v2\/product"}],"about":[{"href":"https:\/\/baldumarket.lt\/lt\/wp-json\/wp\/v2\/types\/product"}],"replies":[{"embeddable":true,"href":"https:\/\/baldumarket.lt\/lt\/wp-json\/wp\/v2\/comments?post=38884"}],"wp:featuredmedia":[{"embeddable":true,"href":"https:\/\/baldumarket.lt\/lt\/wp-json\/wp\/v2\/media\/12674"}],"wp:attachment":[{"href":"https:\/\/baldumarket.lt\/lt\/wp-json\/wp\/v2\/media?parent=38884"}],"wp:term":[{"taxonomy":"product_brand","embeddable":true,"href":"https:\/\/baldumarket.lt\/lt\/wp-json\/wp\/v2\/product_brand?post=38884"},{"taxonomy":"product_cat","embeddable":true,"href":"https:\/\/baldumarket.lt\/lt\/wp-json\/wp\/v2\/product_cat?post=38884"},{"taxonomy":"product_tag","embeddable":true,"href":"https:\/\/baldumarket.lt\/lt\/wp-json\/wp\/v2\/product_tag?post=38884"}],"curies":[{"name":"wp","href":"https:\/\/api.w.org\/{rel}","templated":true}]}}