{"id":38846,"date":"2025-11-19T19:47:09","date_gmt":"2025-11-19T16:47:09","guid":{"rendered":"https:\/\/baldumarket.lt\/?post_type=product&#038;p=38846"},"modified":"2026-04-21T17:22:03","modified_gmt":"2026-04-21T14:22:03","slug":"clareta-grupa-standard","status":"publish","type":"product","link":"https:\/\/baldumarket.lt\/lt\/product\/clareta-grupa-standard\/","title":{"rendered":"Clareta STANDARD grup\u0117"},"content":{"rendered":"<p>\u012ene\u0161kite stiliaus ir jaukumo \u012f savo interjer\u0105 su \u201eClareta\u201c sofa! \u0160is modernus baldas ne tik \u017eavi eleganti\u0161ku dizainu, bet ir atitinka auk\u0161\u010diausius funkcionalumo standartus. I\u0161skirtinai patvari\u0173 ir stiling\u0173 \u201eXillar\u201c ir \u201ePoco\u201c kolekcij\u0173 audini\u0173 pasi\u017eyminti \u201eClareta\u201c sofa papildys bet kok\u012f mading\u0105 interjer\u0105. Sofos s\u0117dyn\u0117, u\u017epildyta B tipo vingiuotomis spyruokl\u0117mis ir T2540, HR 3030 (labai elastingomis) bei T2130 putomis, u\u017etikrina i\u0161skirtin\u012f komfort\u0105 ir ilgaam\u017ei\u0161kum\u0105 ilgus metus. \u201eClick-Clack\u201c mechanizmas vienu judesiu paver\u010dia j\u0105 patogia lova, o patalyn\u0117s skyrius padeda palaikyti tvark\u0105 j\u016bs\u0173 svetain\u0117je. Juodos kojel\u0117s, pagamintos i\u0161 patvaraus plastiko, suteikia sofai modern\u0173 charakter\u012f, kuris puikiai papildys j\u016bs\u0173 interjer\u0105.<\/p>","protected":false},"excerpt":{"rendered":"<p>\u012ene\u0161kite stiliaus ir jaukumo \u012f savo interjer\u0105 su \u201eClareta\u201c sofa! \u0160is modernus baldas ne tik \u017eavi eleganti\u0161ku dizainu, bet ir atitinka auk\u0161\u010diausius funkcionalumo standartus. \u201eClareta\u201c sofa, kuri\u0105 galima \u012fsigyti tik i\u0161 patvari\u0173 ir stiling\u0173 \u201eXillar\u201c ir \u201ePoco\u201c kolekcij\u0173 audini\u0173, papildys bet kok\u012f mading\u0105 interjer\u0105. Sofos s\u0117dyn\u0117, pripildyta [\u2026]<\/p>","protected":false},"featured_media":33500,"comment_status":"open","ping_status":"closed","template":"","meta":[],"product_brand":[],"product_cat":[9133],"product_tag":[],"class_list":{"0":"post-38846","1":"product","2":"type-product","3":"status-publish","4":"has-post-thumbnail","6":"product_cat-grouped","8":"first","9":"instock","10":"shipping-taxable","11":"purchasable","12":"product-type-variable","13":"wvs-archive-product-wrapper"},"_links":{"self":[{"href":"https:\/\/baldumarket.lt\/lt\/wp-json\/wp\/v2\/product\/38846","targetHints":{"allow":["GET"]}}],"collection":[{"href":"https:\/\/baldumarket.lt\/lt\/wp-json\/wp\/v2\/product"}],"about":[{"href":"https:\/\/baldumarket.lt\/lt\/wp-json\/wp\/v2\/types\/product"}],"replies":[{"embeddable":true,"href":"https:\/\/baldumarket.lt\/lt\/wp-json\/wp\/v2\/comments?post=38846"}],"wp:featuredmedia":[{"embeddable":true,"href":"https:\/\/baldumarket.lt\/lt\/wp-json\/wp\/v2\/media\/33500"}],"wp:attachment":[{"href":"https:\/\/baldumarket.lt\/lt\/wp-json\/wp\/v2\/media?parent=38846"}],"wp:term":[{"taxonomy":"product_brand","embeddable":true,"href":"https:\/\/baldumarket.lt\/lt\/wp-json\/wp\/v2\/product_brand?post=38846"},{"taxonomy":"product_cat","embeddable":true,"href":"https:\/\/baldumarket.lt\/lt\/wp-json\/wp\/v2\/product_cat?post=38846"},{"taxonomy":"product_tag","embeddable":true,"href":"https:\/\/baldumarket.lt\/lt\/wp-json\/wp\/v2\/product_tag?post=38846"}],"curies":[{"name":"wp","href":"https:\/\/api.w.org\/{rel}","templated":true}]}}