{"id":38840,"date":"2025-11-19T19:47:08","date_gmt":"2025-11-19T16:47:08","guid":{"rendered":"https:\/\/baldumarket.lt\/?post_type=product&#038;p=38840"},"modified":"2026-04-21T17:24:06","modified_gmt":"2026-04-21T14:24:06","slug":"ceedro-grupa-classic","status":"publish","type":"product","link":"https:\/\/baldumarket.lt\/lt\/product\/ceedro-grupa-classic\/","title":{"rendered":"Ceedro CLASSIC grup\u0117"},"content":{"rendered":"<p>\u201eCeedro\u201c kampin\u0117 sofa \u2013 tai moderni kampin\u0117 sofa, si\u016bloma trij\u0173 audini\u0173 grupi\u0173: \u201eClassic\u201c, \u201ePrestige\u201c ir \u201ePremium\u201c. Ji derina stiling\u0105 dizain\u0105 su dideliu funkcionalumu, puikiai tinkan\u010diu \u0161iuolaikiniam interjerui. 283 x 98 x 165 cm matmenys suteikia erdv\u0117s ir komforto, o apmu\u0161tas atlo\u0161as leid\u017eia lanks\u010diai i\u0161d\u0117styti sof\u0105 svetain\u0117je. Komfort\u0105 garantuoja auk\u0161tos kokyb\u0117s med\u017eiagos: HR ir T2315 putos s\u0117dyn\u0117je, padengtos T2130 sluoksniu, kad b\u016bt\u0173 patvarus, lankstus ir patogus. Atlo\u0161as u\u017epildytas T2540 ir T2315 putomis, kurios u\u017etikrina tinkam\u0105 nugaros atram\u0105. \u201eCeedro\u201c kampin\u0117 sofa turi elektrin\u012f s\u0117dyn\u0117s prailginim\u0105, leid\u017eiant\u012f reguliuoti gyl\u012f ir suteikti dar didesn\u012f komfort\u0105, pritaikyt\u0105 individualiems poreikiams, o miegojimo funkcija leid\u017eia j\u0105 idealiai naudoti kaip papildom\u0105 viet\u0105 nak\u010diai pails\u0117ti. Juodi plastikiniai b\u0117geliai suteikia lengvumo, modernumo poj\u016bt\u012f ir leid\u017eia lengvai jud\u0117ti grindimis. \u201eCeedro\u201c \u2013 puikus pasirinkimas ie\u0161kantiems modernaus stiliaus kampin\u0117s sofos, kurioje derinamas dizainas, komfortas ir prakti\u0161ki sprendimai kasdieniam naudojimui.<\/p>","protected":false},"excerpt":{"rendered":"<p>\u201eCeedro\u201c kampin\u0117 sofa yra moderni kampin\u0117 sofa, si\u016bloma trij\u0173 audini\u0173 grupi\u0173: \u201eClassic\u201c, \u201ePrestige\u201c ir \u201ePremium\u201c. Ji derina stiling\u0105 dizain\u0105 ir auk\u0161t\u0105 funkcionalum\u0105, puikiai tinka \u0161iuolaikiniam interjerui. Jos matmenys (283 x 98 x 165 cm) suteikia erdv\u0117s ir komforto, o apmu\u0161tas atlo\u0161as leid\u017eia lanks\u010diai i\u0161d\u0117styti sof\u0105 svetain\u0117je. Komfort\u0105 garantuoja [\u2026]<\/p>","protected":false},"featured_media":35314,"comment_status":"open","ping_status":"closed","template":"","meta":[],"product_brand":[],"product_cat":[9133],"product_tag":[],"class_list":{"0":"post-38840","1":"product","2":"type-product","3":"status-publish","4":"has-post-thumbnail","6":"product_cat-grouped","8":"first","9":"instock","10":"shipping-taxable","11":"purchasable","12":"product-type-variable","13":"wvs-archive-product-wrapper"},"_links":{"self":[{"href":"https:\/\/baldumarket.lt\/lt\/wp-json\/wp\/v2\/product\/38840","targetHints":{"allow":["GET"]}}],"collection":[{"href":"https:\/\/baldumarket.lt\/lt\/wp-json\/wp\/v2\/product"}],"about":[{"href":"https:\/\/baldumarket.lt\/lt\/wp-json\/wp\/v2\/types\/product"}],"replies":[{"embeddable":true,"href":"https:\/\/baldumarket.lt\/lt\/wp-json\/wp\/v2\/comments?post=38840"}],"wp:featuredmedia":[{"embeddable":true,"href":"https:\/\/baldumarket.lt\/lt\/wp-json\/wp\/v2\/media\/35314"}],"wp:attachment":[{"href":"https:\/\/baldumarket.lt\/lt\/wp-json\/wp\/v2\/media?parent=38840"}],"wp:term":[{"taxonomy":"product_brand","embeddable":true,"href":"https:\/\/baldumarket.lt\/lt\/wp-json\/wp\/v2\/product_brand?post=38840"},{"taxonomy":"product_cat","embeddable":true,"href":"https:\/\/baldumarket.lt\/lt\/wp-json\/wp\/v2\/product_cat?post=38840"},{"taxonomy":"product_tag","embeddable":true,"href":"https:\/\/baldumarket.lt\/lt\/wp-json\/wp\/v2\/product_tag?post=38840"}],"curies":[{"name":"wp","href":"https:\/\/api.w.org\/{rel}","templated":true}]}}