{"id":38734,"date":"2025-11-19T19:45:49","date_gmt":"2025-11-19T16:45:49","guid":{"rendered":"https:\/\/baldumarket.lt\/?post_type=product&#038;p=38734"},"modified":"2026-03-24T13:07:17","modified_gmt":"2026-03-24T10:07:17","slug":"canis-grupa-classic","status":"publish","type":"product","link":"https:\/\/baldumarket.lt\/lt\/product\/canis-grupa-classic\/","title":{"rendered":"\u201eCanis CLASSIC\u201c grup\u0117"},"content":{"rendered":"<p>\u201eCanis\u201c \u2013 tai klasikinis, simetri\u0161kas, ta\u010diau i\u0161rai\u0161kingas ir funkcionalus bet kurio svetain\u0117s papildymas. Jos 235 x 235 x 90 cm matmenys suteikia daug erdv\u0117s poilsiui bet kuriuo paros metu. Ji turi 195 x 135 cm miegojimo funkcij\u0105 ir erdv\u0173, gil\u0173 patalyn\u0117s skyri\u0173. S\u0117dyn\u0117 pagaminta i\u0161 \u201eBonnell\u201c spyruokli\u0173 ir T25 putplas\u010dio. Lanksti med\u017eiagos konfig\u016bracija daro kampin\u0119 sof\u0105 atspari\u0105 pa\u017eeidimams ir galimam deformavimuisi, tuo pa\u010diu u\u017etikrinant maksimal\u0173 komfort\u0105 kasdienio naudojimo metu. Papildomi i\u0161skirtiniai \u201eCanis\u201c kampin\u0117s sofos bruo\u017eai \u2013 platus patraukli\u0173 spalv\u0173 pasirinkimas, dosnios pagalv\u0117l\u0117s ir i\u0161skirtin\u0117s medin\u0117s kojel\u0117s. \u201eCanis\u201c kampin\u0117 sofa yra puikus pasirinkimas bet kuriam svetainei, kurioje svarbiausia tvarka, universalumas ir paprastumas.<\/p>","protected":false},"excerpt":{"rendered":"<p>\u201eCanis\u201c \u2013 klasikinis, simetri\u0161kas, ta\u010diau i\u0161rai\u0161kingas ir funkcionalus bet kurio svetain\u0117s papildymas. Jo 235 x 235 x 90 cm matmenys suteikia daug erdv\u0117s poilsiui bet kuriuo paros metu. Jame yra 195 x 135 cm miegojimo funkcija ir erdvus, gilus patalyn\u0117s skyrius. S\u0117dyn\u0117 [\u2026]<\/p>","protected":false},"featured_media":12252,"comment_status":"open","ping_status":"closed","template":"","meta":[],"product_brand":[],"product_cat":[9133],"product_tag":[],"class_list":{"0":"post-38734","1":"product","2":"type-product","3":"status-publish","4":"has-post-thumbnail","6":"product_cat-grouped","8":"first","9":"instock","10":"shipping-taxable","11":"purchasable","12":"product-type-variable","13":"wvs-archive-product-wrapper"},"_links":{"self":[{"href":"https:\/\/baldumarket.lt\/lt\/wp-json\/wp\/v2\/product\/38734","targetHints":{"allow":["GET"]}}],"collection":[{"href":"https:\/\/baldumarket.lt\/lt\/wp-json\/wp\/v2\/product"}],"about":[{"href":"https:\/\/baldumarket.lt\/lt\/wp-json\/wp\/v2\/types\/product"}],"replies":[{"embeddable":true,"href":"https:\/\/baldumarket.lt\/lt\/wp-json\/wp\/v2\/comments?post=38734"}],"wp:featuredmedia":[{"embeddable":true,"href":"https:\/\/baldumarket.lt\/lt\/wp-json\/wp\/v2\/media\/12252"}],"wp:attachment":[{"href":"https:\/\/baldumarket.lt\/lt\/wp-json\/wp\/v2\/media?parent=38734"}],"wp:term":[{"taxonomy":"product_brand","embeddable":true,"href":"https:\/\/baldumarket.lt\/lt\/wp-json\/wp\/v2\/product_brand?post=38734"},{"taxonomy":"product_cat","embeddable":true,"href":"https:\/\/baldumarket.lt\/lt\/wp-json\/wp\/v2\/product_cat?post=38734"},{"taxonomy":"product_tag","embeddable":true,"href":"https:\/\/baldumarket.lt\/lt\/wp-json\/wp\/v2\/product_tag?post=38734"}],"curies":[{"name":"wp","href":"https:\/\/api.w.org\/{rel}","templated":true}]}}