{"id":38704,"date":"2025-11-19T19:45:27","date_gmt":"2025-11-19T16:45:27","guid":{"rendered":"https:\/\/baldumarket.lt\/?post_type=product&#038;p=38704"},"modified":"2026-03-24T13:26:03","modified_gmt":"2026-03-24T10:26:03","slug":"candice-140x200-grupa-prestige","status":"publish","type":"product","link":"https:\/\/baldumarket.lt\/lt\/product\/candice-140x200-grupa-prestige\/","title":{"rendered":"Candice 140X200 PRESTIGE Group"},"content":{"rendered":"<p>\u201eCandice\u201c spyruoklin\u0117 lova suteikia miegamajam dr\u0105sos d\u0117l \u012fvairi\u0173 spalv\u0173 apmu\u0161al\u0173 i\u0161 \u201eBalduMarket\u201c audini\u0173 kolekcijos. Be to, gaminys tiekiamas trij\u0173 miegojimo pavir\u0161iaus dyd\u017ei\u0173: 140\/160\/180 x 200 centimetr\u0173. \u201eCandice\u201c spyruoklin\u0117 lova neabejotinai taps patraukliu pagrindu daugeliui miegam\u0173j\u0173, nes yra ir stilinga, ir patogi. Apmu\u0161ta nugara leid\u017eia \u012fvairias konfig\u016bracijas, net ir kambario viduryje. Dar vienas m\u016bs\u0173 apmu\u0161tos lovos privalumas \u2013 ne\u012ftik\u0117tinai patog\u016bs \u010diu\u017einiai. Lova su spyruokliniu pagrindu \u201eCandice\u201c tiekiama su apatiniu ir vir\u0161utiniu \u010diu\u017einiais. Vir\u0161utinis \u010diu\u017einys u\u017epildytas T25 putomis ir \u201eBonnell\u201c spyruokl\u0117mis. Apatinis \u010diu\u017einys yra H2\/3 kietumo lygio, o vir\u0161utinis \u2013 H3. Be to, \u0161ios apmu\u0161tos lovos vir\u0161utinis \u010diu\u017einys yra dvipusis ir su u\u017etrauktuku, tod\u0117l j\u012f lengva valyti. D\u0117l vis\u0173 \u0161i\u0173 element\u0173 \u201eCandice\u201c kontinentin\u0117 lova yra ne\u012ftik\u0117tinai patogi ir gra\u017eiai atrodo bet kokiame interjere.<\/p>","protected":false},"excerpt":{"rendered":"<p>\u201eCandice\u201c spyruoklin\u0117 lova suteikia miegamajam dr\u0105sos d\u0117l savo apmu\u0161al\u0173, si\u016blom\u0173 \u012fvairi\u0173 spalv\u0173 i\u0161 \u201eBalduMarket\u201c audini\u0173 kolekcijos. Be to, gaminys tiekiamas trij\u0173 miegamojo pavir\u0161iaus dyd\u017ei\u0173: 140\/160\/180 x 200 centimetr\u0173. \u201eCandice\u201c spyruoklin\u0117 lova neabejotinai taps patraukliu pagrindu daugeliui miegam\u0173j\u0173, nes ji yra [\u2026]<\/p>","protected":false},"featured_media":10893,"comment_status":"open","ping_status":"closed","template":"","meta":[],"product_brand":[],"product_cat":[9133],"product_tag":[],"class_list":{"0":"post-38704","1":"product","2":"type-product","3":"status-publish","4":"has-post-thumbnail","6":"product_cat-grouped","8":"first","9":"instock","10":"shipping-taxable","11":"purchasable","12":"product-type-variable","13":"wvs-archive-product-wrapper"},"_links":{"self":[{"href":"https:\/\/baldumarket.lt\/lt\/wp-json\/wp\/v2\/product\/38704","targetHints":{"allow":["GET"]}}],"collection":[{"href":"https:\/\/baldumarket.lt\/lt\/wp-json\/wp\/v2\/product"}],"about":[{"href":"https:\/\/baldumarket.lt\/lt\/wp-json\/wp\/v2\/types\/product"}],"replies":[{"embeddable":true,"href":"https:\/\/baldumarket.lt\/lt\/wp-json\/wp\/v2\/comments?post=38704"}],"wp:featuredmedia":[{"embeddable":true,"href":"https:\/\/baldumarket.lt\/lt\/wp-json\/wp\/v2\/media\/10893"}],"wp:attachment":[{"href":"https:\/\/baldumarket.lt\/lt\/wp-json\/wp\/v2\/media?parent=38704"}],"wp:term":[{"taxonomy":"product_brand","embeddable":true,"href":"https:\/\/baldumarket.lt\/lt\/wp-json\/wp\/v2\/product_brand?post=38704"},{"taxonomy":"product_cat","embeddable":true,"href":"https:\/\/baldumarket.lt\/lt\/wp-json\/wp\/v2\/product_cat?post=38704"},{"taxonomy":"product_tag","embeddable":true,"href":"https:\/\/baldumarket.lt\/lt\/wp-json\/wp\/v2\/product_tag?post=38704"}],"curies":[{"name":"wp","href":"https:\/\/api.w.org\/{rel}","templated":true}]}}