{"id":38670,"date":"2025-11-19T19:45:06","date_gmt":"2025-11-19T16:45:06","guid":{"rendered":"https:\/\/baldumarket.lt\/?post_type=product&#038;p=38670"},"modified":"2026-03-24T13:25:54","modified_gmt":"2026-03-24T10:25:54","slug":"cande-140x200-grupa-prestige","status":"publish","type":"product","link":"https:\/\/baldumarket.lt\/lt\/product\/cande-140x200-grupa-prestige\/","title":{"rendered":"Cande 140\u00d7200 PRESTIGE Group"},"content":{"rendered":"<p>\u201eCande\u201c \u2013 tai patogi ir moderni lova, i\u0161siskirianti minimalistiniu dizainu ir \u017eavingu, unikaliu stiliumi. \u201eCande\u201c i\u0161vaizd\u0105, be kita ko, \u012ftakoja auk\u0161tas, dygsniuotas galv\u016bgalis ir lovos priekis, atspindintys tikr\u0105 mink\u0161t\u0173 put\u0173 vizualin\u012f efekt\u0105. Erdvi lova, kurios miegamojo plotas yra 140\/160\/180 x 200 cm, yra puiki vieta miegoti ir atsipalaiduoti bet kuriuo metu. Papildomos \u0161io modelio savyb\u0117s: tvirtas \u010diu\u017einys su \u201eBolen\u201c spyruokl\u0117mis ir \u010diu\u017einiu. Bald\u0173 funkcionalum\u0105 sustiprina du patalyn\u0117s skyriai. \u201eCande\u201c pasi\u017eymi moderniu klasikiniu stiliumi, kuris dera su \u0161iuolaikiniu po\u017ei\u016briu \u012f interjero dizain\u0105 unikaliame miegamajame. Verta tur\u0117ti lov\u0105, kuri savo santykiniu paprastumu perteikia auk\u0161\u010diausio lygio komforto ir prabangos atmosfer\u0105.<\/p>","protected":false},"excerpt":{"rendered":"<p>\u201eCande\u201c \u2013 tai patogi ir moderni lova, i\u0161siskirianti minimalistiniu dizainu ir \u017eaviu, unikaliu stiliumi. \u201eCande\u201c i\u0161vaizd\u0105, be kita ko, \u012ftakoja auk\u0161tas, dygsniuotas galv\u016bgalis ir lovos priekis, atspindintis tikr\u0105 mink\u0161to putplas\u010dio vizualin\u012f efekt\u0105. Erdvi lova, kurios miegamoji erdv\u0117 yra 140\/160\/180 [\u2026]<\/p>","protected":false},"featured_media":12288,"comment_status":"open","ping_status":"closed","template":"","meta":[],"product_brand":[],"product_cat":[9133],"product_tag":[],"class_list":{"0":"post-38670","1":"product","2":"type-product","3":"status-publish","4":"has-post-thumbnail","6":"product_cat-grouped","8":"first","9":"instock","10":"shipping-taxable","11":"purchasable","12":"product-type-variable","13":"wvs-archive-product-wrapper"},"_links":{"self":[{"href":"https:\/\/baldumarket.lt\/lt\/wp-json\/wp\/v2\/product\/38670","targetHints":{"allow":["GET"]}}],"collection":[{"href":"https:\/\/baldumarket.lt\/lt\/wp-json\/wp\/v2\/product"}],"about":[{"href":"https:\/\/baldumarket.lt\/lt\/wp-json\/wp\/v2\/types\/product"}],"replies":[{"embeddable":true,"href":"https:\/\/baldumarket.lt\/lt\/wp-json\/wp\/v2\/comments?post=38670"}],"wp:featuredmedia":[{"embeddable":true,"href":"https:\/\/baldumarket.lt\/lt\/wp-json\/wp\/v2\/media\/12288"}],"wp:attachment":[{"href":"https:\/\/baldumarket.lt\/lt\/wp-json\/wp\/v2\/media?parent=38670"}],"wp:term":[{"taxonomy":"product_brand","embeddable":true,"href":"https:\/\/baldumarket.lt\/lt\/wp-json\/wp\/v2\/product_brand?post=38670"},{"taxonomy":"product_cat","embeddable":true,"href":"https:\/\/baldumarket.lt\/lt\/wp-json\/wp\/v2\/product_cat?post=38670"},{"taxonomy":"product_tag","embeddable":true,"href":"https:\/\/baldumarket.lt\/lt\/wp-json\/wp\/v2\/product_tag?post=38670"}],"curies":[{"name":"wp","href":"https:\/\/api.w.org\/{rel}","templated":true}]}}