{"id":38656,"date":"2025-11-19T19:45:04","date_gmt":"2025-11-19T16:45:04","guid":{"rendered":"https:\/\/baldumarket.lt\/?post_type=product&#038;p=38656"},"modified":"2026-03-24T13:07:08","modified_gmt":"2026-03-24T10:07:08","slug":"campo-grupa-classic","status":"publish","type":"product","link":"https:\/\/baldumarket.lt\/lt\/product\/campo-grupa-classic\/","title":{"rendered":"Campo CLASSIC grup\u0117"},"content":{"rendered":"<p>Kampin\u0117 \u201eCampo\u201c sofa, kurios matmenys \u2013 265 x 196 x 88 cm, yra eleganti\u0161kas ir funkcionalus baldas su patalyn\u0117s skyriumi (97 x 60 x 15 cm). Ji apr\u016bpinta keturiomis atlo\u0161o ir juosmens pagalv\u0117l\u0117mis, tod\u0117l u\u017etikrina komfort\u0105 ir atram\u0105 nugarai. Kampin\u0117 \u201eCampo\u201c sofa, kuri\u0105 galima \u012fsigyti tik i\u0161 pasirinkt\u0173 \u201eBalduMarket\u201c kolekcijos audini\u0173, yra puikus pasirinkimas tiems, kurie vertina komfort\u0105, funkcionalum\u0105 ir eleganti\u0161k\u0105 dizain\u0105. D\u0117l apgalvoto dizaino ir papildom\u0173 pagalv\u0117li\u0173 ji suteikia patogi\u0105 viet\u0105 atsipalaiduoti, o patalyn\u0117s skyrius padeda palaikyti tvark\u0105 j\u016bs\u0173 erdv\u0117je. Pasirinkt\u0173 audini\u0173 pasirinkimas leid\u017eia sukurti bald\u0105, kuris puikiai papildys likus\u012f j\u016bs\u0173 interjer\u0105.<\/p>","protected":false},"excerpt":{"rendered":"<p>Kampin\u0117 \u201eCampo\u201c sofa, kurios matmenys \u2013 265 x 196 x 88 cm, yra eleganti\u0161kas ir funkcionalus baldas su patalyn\u0117s skyriumi (97 x 60 x 15 cm). Ji apr\u016bpinta keturiomis atlo\u0161o ir juosmens pagalv\u0117l\u0117mis, tod\u0117l suteikia komforto ir atramos nugarai. Kampin\u0117 \u201eCampo\u201c sofa, kuri\u0105 galima \u012fsigyti tik i\u0161 pasirinkt\u0173 \u201eBalduMarket\u201c kolekcijos audini\u0173, yra puikus pasirinkimas tiems, kurie [\u2026]<\/p>","protected":false},"featured_media":30895,"comment_status":"open","ping_status":"closed","template":"","meta":[],"product_brand":[],"product_cat":[9133],"product_tag":[],"class_list":{"0":"post-38656","1":"product","2":"type-product","3":"status-publish","4":"has-post-thumbnail","6":"product_cat-grouped","8":"first","9":"instock","10":"shipping-taxable","11":"purchasable","12":"product-type-variable","13":"wvs-archive-product-wrapper"},"_links":{"self":[{"href":"https:\/\/baldumarket.lt\/lt\/wp-json\/wp\/v2\/product\/38656","targetHints":{"allow":["GET"]}}],"collection":[{"href":"https:\/\/baldumarket.lt\/lt\/wp-json\/wp\/v2\/product"}],"about":[{"href":"https:\/\/baldumarket.lt\/lt\/wp-json\/wp\/v2\/types\/product"}],"replies":[{"embeddable":true,"href":"https:\/\/baldumarket.lt\/lt\/wp-json\/wp\/v2\/comments?post=38656"}],"wp:featuredmedia":[{"embeddable":true,"href":"https:\/\/baldumarket.lt\/lt\/wp-json\/wp\/v2\/media\/30895"}],"wp:attachment":[{"href":"https:\/\/baldumarket.lt\/lt\/wp-json\/wp\/v2\/media?parent=38656"}],"wp:term":[{"taxonomy":"product_brand","embeddable":true,"href":"https:\/\/baldumarket.lt\/lt\/wp-json\/wp\/v2\/product_brand?post=38656"},{"taxonomy":"product_cat","embeddable":true,"href":"https:\/\/baldumarket.lt\/lt\/wp-json\/wp\/v2\/product_cat?post=38656"},{"taxonomy":"product_tag","embeddable":true,"href":"https:\/\/baldumarket.lt\/lt\/wp-json\/wp\/v2\/product_tag?post=38656"}],"curies":[{"name":"wp","href":"https:\/\/api.w.org\/{rel}","templated":true}]}}