{"id":38626,"date":"2025-11-19T19:44:42","date_gmt":"2025-11-19T16:44:42","guid":{"rendered":"https:\/\/baldumarket.lt\/?post_type=product&#038;p=38626"},"modified":"2026-04-21T17:24:06","modified_gmt":"2026-04-21T14:24:06","slug":"bonett-grupa-classic","status":"publish","type":"product","link":"https:\/\/baldumarket.lt\/lt\/product\/bonett-grupa-classic\/","title":{"rendered":"Bonett CLASSIC grup\u0117"},"content":{"rendered":"<p>\u201eBonett\u201c \u2013 unikali, skoninga ir i\u0161skirtinai mink\u0161ta kampin\u0117 sofa, kuri bet kokiam interjerui suteikia gaivumo ir prabangos. 250 x 175 x 92 cm dyd\u017eio sofa garantuoja maksimal\u0173 komfort\u0105 tiek dienos, tiek nakties poilsiui, nes joje yra miegojimo funkcija su specialiu 200 x 130 cm dyd\u017eio s\u0117dimuoju pavir\u0161iumi. DL sistema taip pat padeda lengvai atlo\u0161ti sof\u0105 \u012f norim\u0105 pad\u0117t\u012f. Kitos savyb\u0117s: erdvus patalyn\u0117s d\u0117klas ir patogi s\u0117dyn\u0117, pagaminta i\u0161 T25 ir HR put\u0173, kuri prisitaiko prie j\u016bs\u0173 k\u016bno formos net miegant. \u201eBonett\u201c kampin\u0119 sof\u0105 galima \u012fsigyti visoje \u201eBalduMarket\u201c spalv\u0173 gamoje, tod\u0117l turite daug pasirinkimo galimybi\u0173 ir galite \u012frengti savo svetain\u0119 pagal savo skon\u012f.<\/p>","protected":false},"excerpt":{"rendered":"<p>\u201eBonett\u201c \u2013 unikali, skoninga ir i\u0161skirtinai mink\u0161ta kampin\u0117 sofa, kuri bet kokiam interjerui suteikia gaivumo ir prabangos. 250 x 175 x 92 cm dyd\u017eio sofa garantuoja maksimal\u0173 komfort\u0105 tiek dienos, tiek nakties poilsiui, nes joje yra miegojimo funkcija su specialiu 200 x 130 cm dyd\u017eio pavir\u0161iumi. [\u2026]<\/p>","protected":false},"featured_media":11467,"comment_status":"open","ping_status":"closed","template":"","meta":[],"product_brand":[],"product_cat":[9133],"product_tag":[],"class_list":{"0":"post-38626","1":"product","2":"type-product","3":"status-publish","4":"has-post-thumbnail","6":"product_cat-grouped","8":"first","9":"instock","10":"shipping-taxable","11":"purchasable","12":"product-type-variable","13":"wvs-archive-product-wrapper"},"_links":{"self":[{"href":"https:\/\/baldumarket.lt\/lt\/wp-json\/wp\/v2\/product\/38626","targetHints":{"allow":["GET"]}}],"collection":[{"href":"https:\/\/baldumarket.lt\/lt\/wp-json\/wp\/v2\/product"}],"about":[{"href":"https:\/\/baldumarket.lt\/lt\/wp-json\/wp\/v2\/types\/product"}],"replies":[{"embeddable":true,"href":"https:\/\/baldumarket.lt\/lt\/wp-json\/wp\/v2\/comments?post=38626"}],"wp:featuredmedia":[{"embeddable":true,"href":"https:\/\/baldumarket.lt\/lt\/wp-json\/wp\/v2\/media\/11467"}],"wp:attachment":[{"href":"https:\/\/baldumarket.lt\/lt\/wp-json\/wp\/v2\/media?parent=38626"}],"wp:term":[{"taxonomy":"product_brand","embeddable":true,"href":"https:\/\/baldumarket.lt\/lt\/wp-json\/wp\/v2\/product_brand?post=38626"},{"taxonomy":"product_cat","embeddable":true,"href":"https:\/\/baldumarket.lt\/lt\/wp-json\/wp\/v2\/product_cat?post=38626"},{"taxonomy":"product_tag","embeddable":true,"href":"https:\/\/baldumarket.lt\/lt\/wp-json\/wp\/v2\/product_tag?post=38626"}],"curies":[{"name":"wp","href":"https:\/\/api.w.org\/{rel}","templated":true}]}}