{"id":38612,"date":"2025-11-19T19:44:23","date_gmt":"2025-11-19T16:44:23","guid":{"rendered":"https:\/\/baldumarket.lt\/?post_type=product&#038;p=38612"},"modified":"2026-03-24T13:34:30","modified_gmt":"2026-03-24T10:34:30","slug":"bolero-180x200-grupa-special","status":"publish","type":"product","link":"https:\/\/baldumarket.lt\/lt\/product\/bolero-180x200-grupa-special\/","title":{"rendered":"Bolero 180\u00d7200 SPECIAL Group"},"content":{"rendered":"<p>\u201eBolero\u201c \u2013 tai paprasta, ta\u010diau eleganti\u0161ka ir labai patogi spyruoklin\u0117 lova, kuri puikiai papildys bet kok\u012f modern\u0173 miegamojo dizain\u0105. Galima rinktis i\u0161 trij\u0173 dyd\u017ei\u0173: 140\/160\/180 x 200 cm. Ji turi tvirt\u0105 20 cm storio \u201eBonnell\u201c spyruoklin\u012f \u010diu\u017ein\u012f su papildomu 4 cm storio T25 put\u0173 sluoksniu vir\u0161uje ir apa\u010dioje. Lova taip pat turi vir\u0161utin\u012f \u010diu\u017einio u\u017etiesal\u0105 \u2013 4 cm storio \u010diu\u017einio u\u017etiesal\u0105, pagamint\u0105 i\u0161 T21 put\u0173. Be to, spyruoklinio mechanizmo ir ranken\u0173 d\u0117ka lovos vir\u0161us pakeliamas, atveriant prieig\u0105 prie dviej\u0173 erdvi\u0173 patalyn\u0117s skyri\u0173, padalint\u0173 \u012f tris dalis. Papildomi \u201eBolero\u201c lovos i\u0161skirtiniai bruo\u017eai: eleganti\u0161kos kojel\u0117s, gili s\u0117dyn\u0117 ir auk\u0161tas galv\u016bgalis, papuo\u0161tas juostel\u0117mis. Jei ie\u0161kote patogios ir stilingos lovos, kuri i\u0161laikyt\u0173 reikiam\u0105 lankstum\u0105 ir tvirtum\u0105, kartu b\u016bt\u0173 funkcionali ir kruop\u0161\u010diai apdailinta dizainerio akcentu, kvie\u010diame ap\u017ei\u016br\u0117ti m\u016bs\u0173 spyruoklin\u0119 lov\u0105. Jei jums svarbi miego kokyb\u0117, tai tikrai bus puikus pasirinkimas.<\/p>","protected":false},"excerpt":{"rendered":"<p>\u201eBolero\u201c \u2013 tai paprasta, ta\u010diau eleganti\u0161ka ir labai patogi spyruoklin\u0117 lova, kuri puikiai papildys bet kok\u012f modern\u0173 miegamojo dizain\u0105. Galima rinktis i\u0161 trij\u0173 dyd\u017ei\u0173: 140\/160\/180 x 200 cm. \u010ciu\u017einys turi tvirt\u0105 20 cm storio \u201eBonnell\u201c spyruoklin\u012f \u010diu\u017ein\u012f su papildomu 4 cm storio T25 put\u0173 sluoksniu vir\u0161uje ir apa\u010dioje. [\u2026]<\/p>","protected":false},"featured_media":9596,"comment_status":"open","ping_status":"closed","template":"","meta":[],"product_brand":[],"product_cat":[9133],"product_tag":[],"class_list":{"0":"post-38612","1":"product","2":"type-product","3":"status-publish","4":"has-post-thumbnail","6":"product_cat-grouped","8":"first","9":"instock","10":"shipping-taxable","11":"purchasable","12":"product-type-variable","13":"wvs-archive-product-wrapper"},"_links":{"self":[{"href":"https:\/\/baldumarket.lt\/lt\/wp-json\/wp\/v2\/product\/38612","targetHints":{"allow":["GET"]}}],"collection":[{"href":"https:\/\/baldumarket.lt\/lt\/wp-json\/wp\/v2\/product"}],"about":[{"href":"https:\/\/baldumarket.lt\/lt\/wp-json\/wp\/v2\/types\/product"}],"replies":[{"embeddable":true,"href":"https:\/\/baldumarket.lt\/lt\/wp-json\/wp\/v2\/comments?post=38612"}],"wp:featuredmedia":[{"embeddable":true,"href":"https:\/\/baldumarket.lt\/lt\/wp-json\/wp\/v2\/media\/9596"}],"wp:attachment":[{"href":"https:\/\/baldumarket.lt\/lt\/wp-json\/wp\/v2\/media?parent=38612"}],"wp:term":[{"taxonomy":"product_brand","embeddable":true,"href":"https:\/\/baldumarket.lt\/lt\/wp-json\/wp\/v2\/product_brand?post=38612"},{"taxonomy":"product_cat","embeddable":true,"href":"https:\/\/baldumarket.lt\/lt\/wp-json\/wp\/v2\/product_cat?post=38612"},{"taxonomy":"product_tag","embeddable":true,"href":"https:\/\/baldumarket.lt\/lt\/wp-json\/wp\/v2\/product_tag?post=38612"}],"curies":[{"name":"wp","href":"https:\/\/api.w.org\/{rel}","templated":true}]}}