{"id":38584,"date":"2025-11-19T19:43:59","date_gmt":"2025-11-19T16:43:59","guid":{"rendered":"https:\/\/baldumarket.lt\/?post_type=product&#038;p=38584"},"modified":"2026-04-21T17:26:13","modified_gmt":"2026-04-21T14:26:13","slug":"blezalt-grupa-prestige","status":"publish","type":"product","link":"https:\/\/baldumarket.lt\/lt\/product\/blezalt-grupa-prestige\/","title":{"rendered":"Blezalt PRESTIGE grup\u0117"},"content":{"rendered":"<p>Kampin\u0117 sofa \u201eBlezalt\u201c \u2013 tai tobulas modernaus dizaino, funkcionalumo ir komforto derinys. Jos matmenys (240x150x82 cm) suteikia erdv\u0117s kasdieniam poilsiui, o miegojimo funkcija ir patalyn\u0117s skyrius paver\u010dia j\u0105 idealiu pasirinkimu bet kokiam interjerui. T2540 poliuretano put\u0173 s\u0117dyn\u0117 ir B tipo banguotos spyruokl\u0117s garantuoja komfort\u0105 ir atsparum\u0105 deformacijai, o putplas\u010dio u\u017epildas atlo\u0161e prisitaiko prie k\u016bno ir u\u017etikrina optimali\u0105 atram\u0105. D\u0117l \u201eDelfin\u201c sulankstymo mechanizmo kampin\u0117 sofa per kelias sekundes transformuojasi \u012f patogi\u0105 lov\u0105, o patalyn\u0117s skyrius leid\u017eia laikyti papildomus tekstil\u0117s gaminius. Apmu\u0161tas atlo\u0161as suteikia jai eleganti\u0161k\u0105 i\u0161vaizd\u0105 i\u0161 bet kokio kampo, o juodos plastikin\u0117s kojel\u0117s suteikia stabilumo ir lengvumo. Puikiai tinka svetain\u0117ms, darbo kambariams ir moderniems interjerams, ji u\u017etikrina komfort\u0105 ir stili\u0173 ilgus metus.<\/p>","protected":false},"excerpt":{"rendered":"<p>Kampin\u0117 sofa \u201eBlezalt\u201c \u2013 tai tobulas modernaus dizaino, funkcionalumo ir komforto derinys. Jos matmenys (240x150x82 cm) suteikia erdv\u0117s kasdieniam poilsiui, o miegojimo funkcija ir patalyn\u0117s laikymo vieta idealiai tinka bet kokiam interjerui. T2540 poliuretano put\u0173 s\u0117dyn\u0117 ir B tipo banguotos spyruokl\u0117s garantuoja komfort\u0105 ir atsparum\u0105 deformacijai, o [\u2026]<\/p>","protected":false},"featured_media":34850,"comment_status":"open","ping_status":"closed","template":"","meta":[],"product_brand":[],"product_cat":[9133],"product_tag":[],"class_list":{"0":"post-38584","1":"product","2":"type-product","3":"status-publish","4":"has-post-thumbnail","6":"product_cat-grouped","8":"first","9":"instock","10":"shipping-taxable","11":"purchasable","12":"product-type-variable","13":"wvs-archive-product-wrapper"},"_links":{"self":[{"href":"https:\/\/baldumarket.lt\/lt\/wp-json\/wp\/v2\/product\/38584","targetHints":{"allow":["GET"]}}],"collection":[{"href":"https:\/\/baldumarket.lt\/lt\/wp-json\/wp\/v2\/product"}],"about":[{"href":"https:\/\/baldumarket.lt\/lt\/wp-json\/wp\/v2\/types\/product"}],"replies":[{"embeddable":true,"href":"https:\/\/baldumarket.lt\/lt\/wp-json\/wp\/v2\/comments?post=38584"}],"wp:featuredmedia":[{"embeddable":true,"href":"https:\/\/baldumarket.lt\/lt\/wp-json\/wp\/v2\/media\/34850"}],"wp:attachment":[{"href":"https:\/\/baldumarket.lt\/lt\/wp-json\/wp\/v2\/media?parent=38584"}],"wp:term":[{"taxonomy":"product_brand","embeddable":true,"href":"https:\/\/baldumarket.lt\/lt\/wp-json\/wp\/v2\/product_brand?post=38584"},{"taxonomy":"product_cat","embeddable":true,"href":"https:\/\/baldumarket.lt\/lt\/wp-json\/wp\/v2\/product_cat?post=38584"},{"taxonomy":"product_tag","embeddable":true,"href":"https:\/\/baldumarket.lt\/lt\/wp-json\/wp\/v2\/product_tag?post=38584"}],"curies":[{"name":"wp","href":"https:\/\/api.w.org\/{rel}","templated":true}]}}