{"id":38580,"date":"2025-11-19T19:43:58","date_gmt":"2025-11-19T16:43:58","guid":{"rendered":"https:\/\/baldumarket.lt\/?post_type=product&#038;p=38580"},"modified":"2026-03-24T13:25:45","modified_gmt":"2026-03-24T10:25:45","slug":"blewett-grupa-prestige","status":"publish","type":"product","link":"https:\/\/baldumarket.lt\/lt\/product\/blewett-grupa-prestige\/","title":{"rendered":"Blewett PRESTIGE grup\u0117"},"content":{"rendered":"<p>Moderni \u201eBlewett\u201c kampin\u0117 sofa su miegojimo funkcija, kurios matmenys \u2013 299 x 198 x 82 cm, \u2013 puikus pasirinkimas ie\u0161kantiems eleganti\u0161kos ir patogios kampin\u0117s sofos savo svetainei. Kampin\u0117 sofa \u201eBlewett\u201c pasi\u017eymi patogia s\u0117dyne, pagaminta i\u0161 B tipo banguot\u0173 spyruokli\u0173 ir T2540 bei T2130 poliuretano put\u0173, u\u017etikrinan\u010di\u0173 komfort\u0105 ir ilgaam\u017ei\u0161kum\u0105. Kampin\u0117s sofos putomis u\u017epildytas atlo\u0161as puikiai prisitaiko prie nugaros formos, padidindamas komfort\u0105. Kampin\u0117 sofa \u201eBlewett\u201c svetain\u0117je turi \u201eDolphin\u201c miegojimo funkcij\u0105, kuri leid\u017eia greitai i\u0161skleisti sof\u0105, ir prakti\u0161k\u0105 patalyn\u0117s d\u0117\u017e\u0119, puikiai tinkan\u010di\u0105 laikyti. Moderni kampin\u0117 sofa \u201eBlewett\u201c turi apmu\u0161t\u0105 atlo\u0161\u0105, tod\u0117l puikiai tinka bet kuriam kambariui. Tvirtos juodos plastikin\u0117s kojel\u0117s pabr\u0117\u017eia modern\u0173 kampin\u0117s sofos stili\u0173. Auk\u0161tos kokyb\u0117s gamyba, funkcionalumas ir madingas dizainas paver\u010dia \u201eBlewett\u201c kampin\u0119 sof\u0105 puikia kampine sofa su miegojimo funkcija, kuri patenkins net ir reikliausi\u0173 vartotoj\u0173 l\u016bkes\u010dius.<\/p>","protected":false},"excerpt":{"rendered":"<p>Moderni \u201eBlewett\u201c kampin\u0117 sofa su miegojimo funkcija, kurios matmenys \u2013 299 x 198 x 82 cm, \u2013 puikus pasirinkimas ie\u0161kantiems eleganti\u0161kos ir patogios kampin\u0117s sofos savo svetainei. \u201eBlewett\u201c kampin\u0117 sofa pasi\u017eymi patogia s\u0117dyne, pagaminta i\u0161 B tipo banguot\u0173 spyruokli\u0173 ir T2540 bei T2130 poliuretano put\u0173, u\u017etikrinan\u010di\u0173 komfort\u0105 ir [\u2026]<\/p>","protected":false},"featured_media":35098,"comment_status":"open","ping_status":"closed","template":"","meta":[],"product_brand":[],"product_cat":[9133],"product_tag":[],"class_list":{"0":"post-38580","1":"product","2":"type-product","3":"status-publish","4":"has-post-thumbnail","6":"product_cat-grouped","8":"first","9":"instock","10":"shipping-taxable","11":"purchasable","12":"product-type-variable","13":"wvs-archive-product-wrapper"},"_links":{"self":[{"href":"https:\/\/baldumarket.lt\/lt\/wp-json\/wp\/v2\/product\/38580","targetHints":{"allow":["GET"]}}],"collection":[{"href":"https:\/\/baldumarket.lt\/lt\/wp-json\/wp\/v2\/product"}],"about":[{"href":"https:\/\/baldumarket.lt\/lt\/wp-json\/wp\/v2\/types\/product"}],"replies":[{"embeddable":true,"href":"https:\/\/baldumarket.lt\/lt\/wp-json\/wp\/v2\/comments?post=38580"}],"wp:featuredmedia":[{"embeddable":true,"href":"https:\/\/baldumarket.lt\/lt\/wp-json\/wp\/v2\/media\/35098"}],"wp:attachment":[{"href":"https:\/\/baldumarket.lt\/lt\/wp-json\/wp\/v2\/media?parent=38580"}],"wp:term":[{"taxonomy":"product_brand","embeddable":true,"href":"https:\/\/baldumarket.lt\/lt\/wp-json\/wp\/v2\/product_brand?post=38580"},{"taxonomy":"product_cat","embeddable":true,"href":"https:\/\/baldumarket.lt\/lt\/wp-json\/wp\/v2\/product_cat?post=38580"},{"taxonomy":"product_tag","embeddable":true,"href":"https:\/\/baldumarket.lt\/lt\/wp-json\/wp\/v2\/product_tag?post=38580"}],"curies":[{"name":"wp","href":"https:\/\/api.w.org\/{rel}","templated":true}]}}