{"id":38574,"date":"2025-11-19T19:43:57","date_gmt":"2025-11-19T16:43:57","guid":{"rendered":"https:\/\/baldumarket.lt\/?post_type=product&#038;p=38574"},"modified":"2026-03-24T13:06:58","modified_gmt":"2026-03-24T10:06:58","slug":"blenvi-grupa-classic","status":"publish","type":"product","link":"https:\/\/baldumarket.lt\/lt\/product\/blenvi-grupa-classic\/","title":{"rendered":"Blenvi CLASSIC grup\u0117"},"content":{"rendered":"<p>\u201eBlenvi\u201c kampin\u0117 sofa \u2013 tai modernus, universalus baldas, puikiai tinkantis svetainei. Ji apr\u016bpinta B tipo vingiuota spyruokline s\u0117dyne ir auk\u0161tos kokyb\u0117s T2540 poliuretano putomis, u\u017etikrinan\u010diomis auk\u0161t\u0105 komfort\u0105. Ji turi \u201eDolphin\u201c miegojimo funkcij\u0105, kuri greitai transformuojasi \u012f patogi\u0105 lov\u0105. Be to, kampin\u0117je sofoje yra patalyn\u0117s skyrius, kuriame lengva laikyti daiktus. Visi\u0161kai apmu\u0161tas atlo\u0161as leid\u017eia j\u0105 pastatyti bet kurioje kambario vietoje. Stilingas dizainas su modernia estetika leid\u017eia jai puikiai der\u0117ti prie \u012fvairi\u0173 interjero dizain\u0173.<\/p>","protected":false},"excerpt":{"rendered":"<p>\u201eBlenvi\u201c kampin\u0117 sofa \u2013 tai modernus, universalus baldas, puikiai tinkantis svetainei. Ji apr\u016bpinta B tipo vingiuota spyruokline s\u0117dyne ir auk\u0161tos kokyb\u0117s T2540 poliuretano putomis, u\u017etikrinan\u010diu auk\u0161t\u0105 komfort\u0105. Ji turi \u201eDolphin\u201c miegojimo funkcij\u0105, kuri greitai transformuojasi \u012f patogi\u0105 lov\u0105. Be to, kampin\u0117je sofoje yra patalyn\u0117s skyrius, kad b\u016bt\u0173 lengva [\u2026]<\/p>","protected":false},"featured_media":33247,"comment_status":"open","ping_status":"closed","template":"","meta":[],"product_brand":[],"product_cat":[9133],"product_tag":[],"class_list":{"0":"post-38574","1":"product","2":"type-product","3":"status-publish","4":"has-post-thumbnail","6":"product_cat-grouped","8":"first","9":"instock","10":"shipping-taxable","11":"purchasable","12":"product-type-variable","13":"wvs-archive-product-wrapper"},"_links":{"self":[{"href":"https:\/\/baldumarket.lt\/lt\/wp-json\/wp\/v2\/product\/38574","targetHints":{"allow":["GET"]}}],"collection":[{"href":"https:\/\/baldumarket.lt\/lt\/wp-json\/wp\/v2\/product"}],"about":[{"href":"https:\/\/baldumarket.lt\/lt\/wp-json\/wp\/v2\/types\/product"}],"replies":[{"embeddable":true,"href":"https:\/\/baldumarket.lt\/lt\/wp-json\/wp\/v2\/comments?post=38574"}],"wp:featuredmedia":[{"embeddable":true,"href":"https:\/\/baldumarket.lt\/lt\/wp-json\/wp\/v2\/media\/33247"}],"wp:attachment":[{"href":"https:\/\/baldumarket.lt\/lt\/wp-json\/wp\/v2\/media?parent=38574"}],"wp:term":[{"taxonomy":"product_brand","embeddable":true,"href":"https:\/\/baldumarket.lt\/lt\/wp-json\/wp\/v2\/product_brand?post=38574"},{"taxonomy":"product_cat","embeddable":true,"href":"https:\/\/baldumarket.lt\/lt\/wp-json\/wp\/v2\/product_cat?post=38574"},{"taxonomy":"product_tag","embeddable":true,"href":"https:\/\/baldumarket.lt\/lt\/wp-json\/wp\/v2\/product_tag?post=38574"}],"curies":[{"name":"wp","href":"https:\/\/api.w.org\/{rel}","templated":true}]}}