{"id":38564,"date":"2025-11-19T19:43:35","date_gmt":"2025-11-19T16:43:35","guid":{"rendered":"https:\/\/baldumarket.lt\/?post_type=product&#038;p=38564"},"modified":"2026-03-24T13:34:22","modified_gmt":"2026-03-24T10:34:22","slug":"blanca-180x200-grupa-special","status":"publish","type":"product","link":"https:\/\/baldumarket.lt\/lt\/product\/blanca-180x200-grupa-special\/","title":{"rendered":"Balta 180\u00d7200 SPECIAL Group"},"content":{"rendered":"<p>\u201eBlanca\u201c spyruoklin\u0117 lova \u2013 tai tobulai patogus baldas su patogiu \u010diu\u017einiu. Galite rinktis i\u0161 trij\u0173 miegojimo pavir\u0161iaus dyd\u017ei\u0173: 140 \u00d7 200 cm, 160 \u00d7 200 cm arba 180 \u00d7 200 cm. Kojel\u0117s pagamintos i\u0161 juodo metalo ir yra 15 centimetr\u0173 ilgio. Apmu\u0161ta \u201eBlanca\u201c spyruoklin\u0117s lovos nugara leid\u017eia j\u0105 pastatyti ne tik prie sienos. I\u0161skirtinis \u0161io baldo bruo\u017eas \u2013 galv\u016bgalis, pasi\u017eymintis vertikaliomis si\u016bl\u0117mis, suteikian\u010diomis subtil\u0173, bet dekoratyv\u0173 efekt\u0105. Putplas\u010diu u\u017epildytas galv\u016bgalis suteikia pagalv\u0117l\u0119 ir tinkam\u0105 stuburo atram\u0105. Kitas svarbus kiekvienos lovos elementas yra \u010diu\u017einys, kuris \u0161iuo atveju parduodamas su \u201eBlanca\u201c spyruokliniu \u010diu\u017einiu. Tai labai patogus, dvipusis H3 kietumo lygio \u010diu\u017einys.<\/p>","protected":false},"excerpt":{"rendered":"<p>\u201eBlanca\u201c spyruoklin\u0117 lova yra tobulai patogus baldas su patogiu \u010diu\u017einiu. Galite rinktis i\u0161 trij\u0173 miegojimo pavir\u0161iaus dyd\u017ei\u0173: 140 \u00d7 200 cm, 160 \u00d7 200 cm arba 180 \u00d7 200 cm. Kojel\u0117s pagamintos i\u0161 juodo metalo ir yra 15 centimetr\u0173 ilgio. Apmu\u0161tas \u201eBlanca\u201c spyruoklin\u0117s lovos atlo\u0161as leid\u017eia j\u0105 [\u2026]<\/p>","protected":false},"featured_media":10698,"comment_status":"open","ping_status":"closed","template":"","meta":[],"product_brand":[],"product_cat":[9133],"product_tag":[],"class_list":{"0":"post-38564","1":"product","2":"type-product","3":"status-publish","4":"has-post-thumbnail","6":"product_cat-grouped","8":"first","9":"instock","10":"shipping-taxable","11":"purchasable","12":"product-type-variable","13":"wvs-archive-product-wrapper"},"_links":{"self":[{"href":"https:\/\/baldumarket.lt\/lt\/wp-json\/wp\/v2\/product\/38564","targetHints":{"allow":["GET"]}}],"collection":[{"href":"https:\/\/baldumarket.lt\/lt\/wp-json\/wp\/v2\/product"}],"about":[{"href":"https:\/\/baldumarket.lt\/lt\/wp-json\/wp\/v2\/types\/product"}],"replies":[{"embeddable":true,"href":"https:\/\/baldumarket.lt\/lt\/wp-json\/wp\/v2\/comments?post=38564"}],"wp:featuredmedia":[{"embeddable":true,"href":"https:\/\/baldumarket.lt\/lt\/wp-json\/wp\/v2\/media\/10698"}],"wp:attachment":[{"href":"https:\/\/baldumarket.lt\/lt\/wp-json\/wp\/v2\/media?parent=38564"}],"wp:term":[{"taxonomy":"product_brand","embeddable":true,"href":"https:\/\/baldumarket.lt\/lt\/wp-json\/wp\/v2\/product_brand?post=38564"},{"taxonomy":"product_cat","embeddable":true,"href":"https:\/\/baldumarket.lt\/lt\/wp-json\/wp\/v2\/product_cat?post=38564"},{"taxonomy":"product_tag","embeddable":true,"href":"https:\/\/baldumarket.lt\/lt\/wp-json\/wp\/v2\/product_tag?post=38564"}],"curies":[{"name":"wp","href":"https:\/\/api.w.org\/{rel}","templated":true}]}}