{"id":38528,"date":"2025-11-19T19:43:08","date_gmt":"2025-11-19T16:43:08","guid":{"rendered":"https:\/\/baldumarket.lt\/?post_type=product&#038;p=38528"},"modified":"2026-03-24T13:41:21","modified_gmt":"2026-03-24T10:41:21","slug":"bero-grupa-standard","status":"publish","type":"product","link":"https:\/\/baldumarket.lt\/lt\/product\/bero-grupa-standard\/","title":{"rendered":"Bero Grupa STANDARD"},"content":{"rendered":"<p>\u201eBero\u201c \u2013 tai stilingas, apvalus pufas, puikiai tiksiantis bet kuriuose namuose. Jo plotis \u2013 75 cm, o auk\u0161tis \u2013 42 cm. D\u0117l savo formos ir matmen\u0173 \u0161is daugiafunkcis baldas gali b\u016bti naudojamas kaip stalas arba pakojis. Jis gali b\u016bti i\u0161skirtinis interjero dizaino elementas ir j\u012f papildyti. Patogi, erdvi s\u0117dyn\u0117 pagaminta i\u0161 auk\u0161tos kokyb\u0117s HR put\u0173, kurios suteikia malon\u0173 mink\u0161tumo poj\u016bt\u012f. \u201eBero\u201c pufas yra \u012fvairi\u0173 audini\u0173 spalv\u0173, tod\u0117l galite j\u012f pritaikyti pagal savo pageidavimus. M\u016bs\u0173 pufas \u2013 tai baldas, kuris tarnaus ilgus metus.<\/p>","protected":false},"excerpt":{"rendered":"<p>\u201eBero\u201c \u2013 tai stilingas, apvalus pufas, kuris puikiai tiks bet kuriuose namuose. Jo plotis \u2013 75 cm, o auk\u0161tis \u2013 42 cm. D\u0117l savo formos ir matmen\u0173 \u0161is daugiafunkcis baldas gali b\u016bti naudojamas kaip stalas arba pakojis. Jis gali b\u016bti i\u0161skirtinis interjero dizaino elementas ir j\u012f papildyti. Patogus, [\u2026]<\/p>","protected":false},"featured_media":10675,"comment_status":"open","ping_status":"closed","template":"","meta":[],"product_brand":[],"product_cat":[9133],"product_tag":[],"class_list":{"0":"post-38528","1":"product","2":"type-product","3":"status-publish","4":"has-post-thumbnail","6":"product_cat-grouped","8":"first","9":"instock","10":"shipping-taxable","11":"purchasable","12":"product-type-variable","13":"wvs-archive-product-wrapper"},"_links":{"self":[{"href":"https:\/\/baldumarket.lt\/lt\/wp-json\/wp\/v2\/product\/38528","targetHints":{"allow":["GET"]}}],"collection":[{"href":"https:\/\/baldumarket.lt\/lt\/wp-json\/wp\/v2\/product"}],"about":[{"href":"https:\/\/baldumarket.lt\/lt\/wp-json\/wp\/v2\/types\/product"}],"replies":[{"embeddable":true,"href":"https:\/\/baldumarket.lt\/lt\/wp-json\/wp\/v2\/comments?post=38528"}],"wp:featuredmedia":[{"embeddable":true,"href":"https:\/\/baldumarket.lt\/lt\/wp-json\/wp\/v2\/media\/10675"}],"wp:attachment":[{"href":"https:\/\/baldumarket.lt\/lt\/wp-json\/wp\/v2\/media?parent=38528"}],"wp:term":[{"taxonomy":"product_brand","embeddable":true,"href":"https:\/\/baldumarket.lt\/lt\/wp-json\/wp\/v2\/product_brand?post=38528"},{"taxonomy":"product_cat","embeddable":true,"href":"https:\/\/baldumarket.lt\/lt\/wp-json\/wp\/v2\/product_cat?post=38528"},{"taxonomy":"product_tag","embeddable":true,"href":"https:\/\/baldumarket.lt\/lt\/wp-json\/wp\/v2\/product_tag?post=38528"}],"curies":[{"name":"wp","href":"https:\/\/api.w.org\/{rel}","templated":true}]}}