{"id":38512,"date":"2025-11-19T19:43:07","date_gmt":"2025-11-19T16:43:07","guid":{"rendered":"https:\/\/baldumarket.lt\/?post_type=product&#038;p=38512"},"modified":"2026-03-24T12:58:06","modified_gmt":"2026-03-24T09:58:06","slug":"bergen-grupa-basic","status":"publish","type":"product","link":"https:\/\/baldumarket.lt\/lt\/product\/bergen-grupa-basic\/","title":{"rendered":"Bergeno BASIC grup\u0117"},"content":{"rendered":"<p>\u201eBergen\u201c \u2013 eleganti\u0161ka, klasikin\u0117 ir paprasta kampin\u0117 sofa, kuri ne tik funkcionali, bet ir puikiai papildys j\u016bs\u0173 namus. Jos matmenys (247 x 214 x 83 cm) ir intuityvi delfino stiliaus atlo\u0161o sistema u\u017etikrina maksimal\u0173 komfort\u0105 kasdieniam naudojimui, komfort\u0105 nakt\u012f ir bendr\u0105 erdvum\u0105 \u2013 nepriklausomai nuo paros laiko. Erdvus 195 x 135 cm miegojimo plotas leid\u017eia m\u0117gautis i\u0161skirtiniu mink\u0161tumu kasdien naudojant. \u0160i\u0105 teigiam\u0105 patirt\u012f sustiprina s\u0117dyn\u0117s konstrukcija, kurioje naudojamos vingiuotos spyruokl\u0117s ir T30 putplastis. \u0160is lankstus u\u017epildas suma\u017eina negra\u017ei\u0173 \u012flenkim\u0173, pa\u017eeidim\u0173 ir \u012fbr\u0117\u017eim\u0173 rizik\u0105 net ir po ilgo naudojimo. Papildomi \u0161io baldo privalumai \u2013 erdvus patalyn\u0117s skyrius pufe. \u201eBergen\u201c kampin\u0117 sofa yra populiarus pasirinkimas tiems, kurie vertina maksimal\u0173 komfort\u0105 kasdienio poilsio metu.<\/p>","protected":false},"excerpt":{"rendered":"<p>\u201eBergen\u201c \u2013 eleganti\u0161ka, klasikin\u0117 ir paprasta kampin\u0117 sofa, kuri ne tik funkcionali, bet ir puikiai papildys j\u016bs\u0173 namus. Jos matmenys (247 x 214 x 83 cm) ir intuityvi delfino stiliaus atlo\u0161o sistema u\u017etikrina maksimal\u0173 komfort\u0105 kasdieniam naudojimui, komfort\u0105 nakt\u012f ir bendr\u0105 erdvum\u0105 \u2013 nepriklausomai nuo [\u2026]<\/p>","protected":false},"featured_media":11669,"comment_status":"open","ping_status":"closed","template":"","meta":[],"product_brand":[],"product_cat":[9133],"product_tag":[],"class_list":{"0":"post-38512","1":"product","2":"type-product","3":"status-publish","4":"has-post-thumbnail","6":"product_cat-grouped","8":"first","9":"instock","10":"shipping-taxable","11":"purchasable","12":"product-type-variable","13":"wvs-archive-product-wrapper"},"_links":{"self":[{"href":"https:\/\/baldumarket.lt\/lt\/wp-json\/wp\/v2\/product\/38512","targetHints":{"allow":["GET"]}}],"collection":[{"href":"https:\/\/baldumarket.lt\/lt\/wp-json\/wp\/v2\/product"}],"about":[{"href":"https:\/\/baldumarket.lt\/lt\/wp-json\/wp\/v2\/types\/product"}],"replies":[{"embeddable":true,"href":"https:\/\/baldumarket.lt\/lt\/wp-json\/wp\/v2\/comments?post=38512"}],"wp:featuredmedia":[{"embeddable":true,"href":"https:\/\/baldumarket.lt\/lt\/wp-json\/wp\/v2\/media\/11669"}],"wp:attachment":[{"href":"https:\/\/baldumarket.lt\/lt\/wp-json\/wp\/v2\/media?parent=38512"}],"wp:term":[{"taxonomy":"product_brand","embeddable":true,"href":"https:\/\/baldumarket.lt\/lt\/wp-json\/wp\/v2\/product_brand?post=38512"},{"taxonomy":"product_cat","embeddable":true,"href":"https:\/\/baldumarket.lt\/lt\/wp-json\/wp\/v2\/product_cat?post=38512"},{"taxonomy":"product_tag","embeddable":true,"href":"https:\/\/baldumarket.lt\/lt\/wp-json\/wp\/v2\/product_tag?post=38512"}],"curies":[{"name":"wp","href":"https:\/\/api.w.org\/{rel}","templated":true}]}}