{"id":38506,"date":"2025-11-19T19:42:42","date_gmt":"2025-11-19T16:42:42","guid":{"rendered":"https:\/\/baldumarket.lt\/?post_type=product&#038;p=38506"},"modified":"2026-03-24T13:06:50","modified_gmt":"2026-03-24T10:06:50","slug":"beneth-grupa-classic","status":"publish","type":"product","link":"https:\/\/baldumarket.lt\/lt\/product\/beneth-grupa-classic\/","title":{"rendered":"Beneth CLASSIC grup\u0117"},"content":{"rendered":"<p>Kampin\u0117 sofa \u201eBeneth\u201c \u2013 tai modernaus stiliaus ir komforto \u012fsik\u016bnijimas. Erdvi s\u0117dyn\u0117, u\u017epildyta B tipo vingiuotomis spyruokl\u0117mis ir HR3030 lanks\u010diomis putomis, u\u017etikrina tobul\u0105 pusiausvyr\u0105 tarp mink\u0161tumo ir tvirtos atramos. Atlo\u0161as, paremtas apmu\u0161al\u0173 dir\u017eeliais ir T2315 poliuretano putomis, prisitaiko prie j\u016bs\u0173 fig\u016bros, u\u017etikrindamas visi\u0161k\u0105 atsipalaidavim\u0105. \u201eBeneth\u201c sofa yra ne tik eleganti\u0161ka, bet ir funkcionali \u2013 joje yra miegojimo funkcija ir patalyn\u0117s skyrius, o elektrinis s\u0117dyn\u0117s prailginimas leid\u017eia reguliuoti gyl\u012f pagal j\u016bs\u0173 poreikius. Apmu\u0161tas atlo\u0161as puikiai atrodo bet kokioje aplinkoje, o subtiliai kont\u016bruotos juodos plastikin\u0117s kojel\u0117s suteikia lengvumo ir modernumo.<\/p>","protected":false},"excerpt":{"rendered":"<p>\u201eBeneth\u201c kampin\u0117 sofa \u2013 tai modernaus stiliaus ir komforto \u012fsik\u016bnijimas. Erdvi s\u0117dyn\u0117, u\u017epildyta B tipo vingiuotomis spyruokl\u0117mis ir HR3030 lanks\u010diomis putomis, u\u017etikrina tobul\u0105 pusiausvyr\u0105 tarp mink\u0161tumo ir tvirtos atramos. Atlo\u0161as, paremtas apmu\u0161al\u0173 dir\u017eeliais ir T2315 poliuretano putomis, prisitaiko prie j\u016bs\u0173 fig\u016bros, u\u017etikrindamas visi\u0161k\u0105 atsipalaidavim\u0105. \u201eBeneth\u201c ne tik [\u2026]<\/p>","protected":false},"featured_media":34105,"comment_status":"open","ping_status":"closed","template":"","meta":[],"product_brand":[],"product_cat":[9133],"product_tag":[],"class_list":{"0":"post-38506","1":"product","2":"type-product","3":"status-publish","4":"has-post-thumbnail","6":"product_cat-grouped","8":"first","9":"instock","10":"shipping-taxable","11":"purchasable","12":"product-type-variable","13":"wvs-archive-product-wrapper"},"_links":{"self":[{"href":"https:\/\/baldumarket.lt\/lt\/wp-json\/wp\/v2\/product\/38506","targetHints":{"allow":["GET"]}}],"collection":[{"href":"https:\/\/baldumarket.lt\/lt\/wp-json\/wp\/v2\/product"}],"about":[{"href":"https:\/\/baldumarket.lt\/lt\/wp-json\/wp\/v2\/types\/product"}],"replies":[{"embeddable":true,"href":"https:\/\/baldumarket.lt\/lt\/wp-json\/wp\/v2\/comments?post=38506"}],"wp:featuredmedia":[{"embeddable":true,"href":"https:\/\/baldumarket.lt\/lt\/wp-json\/wp\/v2\/media\/34105"}],"wp:attachment":[{"href":"https:\/\/baldumarket.lt\/lt\/wp-json\/wp\/v2\/media?parent=38506"}],"wp:term":[{"taxonomy":"product_brand","embeddable":true,"href":"https:\/\/baldumarket.lt\/lt\/wp-json\/wp\/v2\/product_brand?post=38506"},{"taxonomy":"product_cat","embeddable":true,"href":"https:\/\/baldumarket.lt\/lt\/wp-json\/wp\/v2\/product_cat?post=38506"},{"taxonomy":"product_tag","embeddable":true,"href":"https:\/\/baldumarket.lt\/lt\/wp-json\/wp\/v2\/product_tag?post=38506"}],"curies":[{"name":"wp","href":"https:\/\/api.w.org\/{rel}","templated":true}]}}