{"id":38500,"date":"2025-11-19T19:42:42","date_gmt":"2025-11-19T16:42:42","guid":{"rendered":"https:\/\/baldumarket.lt\/?post_type=product&#038;p=38500"},"modified":"2026-03-24T13:06:50","modified_gmt":"2026-03-24T10:06:50","slug":"benano-grupa-classic","status":"publish","type":"product","link":"https:\/\/baldumarket.lt\/lt\/product\/benano-grupa-classic\/","title":{"rendered":"Benano CLASSIC grup\u0117"},"content":{"rendered":"<p>\u201eBenano\u201c \u2013 tai paprasta, ta\u010diau unikali kampin\u0117 sofa, kurios matmenys \u2013 250 x 180 x 85 cm, sukurta \u0161iek tiek modernistiniu stiliumi. M\u016bs\u0173 kampin\u0117 sofa yra daugiafunkcis baldas, nes ji ne tik tarnauja kaip erdvi dienos sofa, bet ir gali b\u016bti naudojama kaip vieta atsigauti ir atsipalaiduoti nakt\u012f \u2013 tai tikrai tinkama vieta miegoti. D\u0117l delfino mechanizmo kasdien\u0119 sof\u0105 galima greitai ir lengvai transformuoti \u012f patogi\u0105 195 x 125 cm lov\u0105. Erdvus patalyn\u0117s skyrius pufe padeda atkurti patogi\u0105 s\u0117d\u0117jimo form\u0105. Banguotos spyruokl\u0117s ir mink\u0161tas T30 putplastis, atsparus pa\u017eeidimams ir deformacijai, suteikia i\u0161skirtin\u012f komfort\u0105. Renkantis \u201eBenano\u201c kaip kampin\u0119 sof\u0105 savo svetainei, verta atkreipti d\u0117mes\u012f ne tik \u012f jos aptaki\u0105, paprast\u0105 form\u0105 ir klasikin\u0119 form\u0105, bet ir \u012f eleganti\u0161kas bei modernias si\u016bles.<\/p>","protected":false},"excerpt":{"rendered":"<p>\u201eBenano\u201c \u2013 tai paprasta, ta\u010diau unikali kampin\u0117 sofa, kurios matmenys \u2013 250 x 180 x 85 cm, sukurta \u0161iek tiek modernistiniu stiliumi. M\u016bs\u0173 kampin\u0117 sofa yra daugiafunkcis baldas, nes ji ne tik tarnauja kaip erdvi dienos sofa, bet ir gali b\u016bti naudojama kaip vieta atsigaivinti ir atsipalaiduoti vakare \u2013 tai tikrai tinkama [\u2026]<\/p>","protected":false},"featured_media":9208,"comment_status":"open","ping_status":"closed","template":"","meta":[],"product_brand":[],"product_cat":[9133],"product_tag":[],"class_list":{"0":"post-38500","1":"product","2":"type-product","3":"status-publish","4":"has-post-thumbnail","6":"product_cat-grouped","8":"first","9":"instock","10":"shipping-taxable","11":"purchasable","12":"product-type-variable","13":"wvs-archive-product-wrapper"},"_links":{"self":[{"href":"https:\/\/baldumarket.lt\/lt\/wp-json\/wp\/v2\/product\/38500","targetHints":{"allow":["GET"]}}],"collection":[{"href":"https:\/\/baldumarket.lt\/lt\/wp-json\/wp\/v2\/product"}],"about":[{"href":"https:\/\/baldumarket.lt\/lt\/wp-json\/wp\/v2\/types\/product"}],"replies":[{"embeddable":true,"href":"https:\/\/baldumarket.lt\/lt\/wp-json\/wp\/v2\/comments?post=38500"}],"wp:featuredmedia":[{"embeddable":true,"href":"https:\/\/baldumarket.lt\/lt\/wp-json\/wp\/v2\/media\/9208"}],"wp:attachment":[{"href":"https:\/\/baldumarket.lt\/lt\/wp-json\/wp\/v2\/media?parent=38500"}],"wp:term":[{"taxonomy":"product_brand","embeddable":true,"href":"https:\/\/baldumarket.lt\/lt\/wp-json\/wp\/v2\/product_brand?post=38500"},{"taxonomy":"product_cat","embeddable":true,"href":"https:\/\/baldumarket.lt\/lt\/wp-json\/wp\/v2\/product_cat?post=38500"},{"taxonomy":"product_tag","embeddable":true,"href":"https:\/\/baldumarket.lt\/lt\/wp-json\/wp\/v2\/product_tag?post=38500"}],"curies":[{"name":"wp","href":"https:\/\/api.w.org\/{rel}","templated":true}]}}