{"id":38394,"date":"2025-11-19T19:41:39","date_gmt":"2025-11-19T16:41:39","guid":{"rendered":"https:\/\/baldumarket.lt\/?post_type=product&#038;p=38394"},"modified":"2026-03-24T13:25:27","modified_gmt":"2026-03-24T10:25:27","slug":"bellis-grupa-prestige","status":"publish","type":"product","link":"https:\/\/baldumarket.lt\/lt\/product\/bellis-grupa-prestige\/","title":{"rendered":"Bellis PRESTIGE grup\u0117"},"content":{"rendered":"<p>\u201eBellis\u201c modelis \u2013 tai auk\u0161tos kokyb\u0117s pasirinkimas, kuris pakeis j\u016bs\u0173 interjero dizain\u0105 \u012f ger\u0105j\u0105 pus\u0119. Plati ir patogi s\u0117dyn\u0117 leid\u017eia patogiai atsipalaiduoti. Minimalistin\u0117 forma ir subtilus dygsniavimas puikiai tinka moderniam interjero dizainui. \u201eBellis\u201c vidus apr\u016bpintas specialiu atidarymo mechanizmu. \u201eBellis\u201c taip pat gali b\u016bti naudojamas kaip papildoma daiktad\u0117\u017e\u0117. Pufo gamyboje naudojamos tik auk\u0161tos kokyb\u0117s med\u017eiagos: didelio elastingumo HR putos, T2130 putos ir B tipo banguota spyruokl\u0117. \u0160ie komponentai kartu suteikia \u0161iam gaminiui didel\u012f atsparum\u0105. Pufo kojel\u0117s yra pagamintos i\u0161 med\u017eio masyvo, tod\u0117l jis yra ir pakankamai stabilus, ir lengvas akiai.<\/p>","protected":false},"excerpt":{"rendered":"<p>\u201eBellis\u201c modelis \u2013 tai auk\u0161tos kokyb\u0117s pasirinkimas, kuris pakeis j\u016bs\u0173 interjero dizain\u0105 \u012f ger\u0105j\u0105 pus\u0119. Plati ir patogi s\u0117dyn\u0117 leid\u017eia patogiai atsipalaiduoti. Minimalistin\u0117 forma ir subtilus dygsniavimas puikiai tinka moderniam interjero dizainui. \u201eBellis\u201c viduje \u012frengtas specialus atidarymo mechanizmas. \u201eBellis\u201c [\u2026]<\/p>","protected":false},"featured_media":23233,"comment_status":"open","ping_status":"closed","template":"","meta":[],"product_brand":[],"product_cat":[9133],"product_tag":[],"class_list":{"0":"post-38394","1":"product","2":"type-product","3":"status-publish","4":"has-post-thumbnail","6":"product_cat-grouped","8":"first","9":"instock","10":"shipping-taxable","11":"purchasable","12":"product-type-variable","13":"wvs-archive-product-wrapper"},"_links":{"self":[{"href":"https:\/\/baldumarket.lt\/lt\/wp-json\/wp\/v2\/product\/38394","targetHints":{"allow":["GET"]}}],"collection":[{"href":"https:\/\/baldumarket.lt\/lt\/wp-json\/wp\/v2\/product"}],"about":[{"href":"https:\/\/baldumarket.lt\/lt\/wp-json\/wp\/v2\/types\/product"}],"replies":[{"embeddable":true,"href":"https:\/\/baldumarket.lt\/lt\/wp-json\/wp\/v2\/comments?post=38394"}],"wp:featuredmedia":[{"embeddable":true,"href":"https:\/\/baldumarket.lt\/lt\/wp-json\/wp\/v2\/media\/23233"}],"wp:attachment":[{"href":"https:\/\/baldumarket.lt\/lt\/wp-json\/wp\/v2\/media?parent=38394"}],"wp:term":[{"taxonomy":"product_brand","embeddable":true,"href":"https:\/\/baldumarket.lt\/lt\/wp-json\/wp\/v2\/product_brand?post=38394"},{"taxonomy":"product_cat","embeddable":true,"href":"https:\/\/baldumarket.lt\/lt\/wp-json\/wp\/v2\/product_cat?post=38394"},{"taxonomy":"product_tag","embeddable":true,"href":"https:\/\/baldumarket.lt\/lt\/wp-json\/wp\/v2\/product_tag?post=38394"}],"curies":[{"name":"wp","href":"https:\/\/api.w.org\/{rel}","templated":true}]}}