{"id":38370,"date":"2025-11-19T19:41:16","date_gmt":"2025-11-19T16:41:16","guid":{"rendered":"https:\/\/baldumarket.lt\/?post_type=product&#038;p=38370"},"modified":"2026-03-24T13:06:41","modified_gmt":"2026-03-24T10:06:41","slug":"basilio-160x200-grupa-classic","status":"publish","type":"product","link":"https:\/\/baldumarket.lt\/lt\/product\/basilio-160x200-grupa-classic\/","title":{"rendered":"Basilio 160X200 CLASSIC grup\u0117"},"content":{"rendered":"<p>\u201eBasilio\u201c yra esminis bet kurio miegamojo elementas, kurio patogumas ir funkcionalumas ne tik prisideda prie patogaus miego, bet ir pagerina bet kurio miegamojo vizualin\u012f patrauklum\u0105. \u201eBasilio\u201c yra spyruoklin\u0117 lova, si\u016bloma trij\u0173 dyd\u017ei\u0173: 140\/160\/180 x 200 cm. Paprast\u0105 dizain\u0105 pary\u0161kina auk\u0161tas galv\u016bgalis, u\u017epildytas T21 putomis, taip pat erdvus 20 centimetr\u0173 storio \u201eBonnell\u201c spyruoklinis \u010diu\u017einys. J\u012f sudaro du T25 put\u0173 sluoksniai, esantys vir\u0161uje ir apa\u010dioje, ir 4 centimetr\u0173 storio T21 put\u0173 vir\u0161utinis sluoksnis. B\u016bdingi \u201eBasilio\u201c bruo\u017eai: dygsniuotas galv\u016bgalis, erdvus patalyn\u0117s skyrius, padalintas \u012f tris dalis, ir platus spalv\u0173 pasirinkimas. Originaliausias \u0161io baldo dekoratyvinis elementas \u2013 galimyb\u0117 j\u012f apr\u016bpinti LED ap\u0161vietimu. Jei jums r\u016bpi maksimalus komfortas, taisyklinga k\u016bno pad\u0117tis miegant ir unikali kambario dekoracija, ap\u0161vie\u010dianti esam\u0105 interjer\u0105 \u2013 \u201eBasilio\u201c tikrai bus puikus pasirinkimas.<\/p>","protected":false},"excerpt":{"rendered":"<p>\u201eBasilio\u201c yra esminis bet kurio miegamojo elementas, kurio patogumas ir funkcionalumas ne tik prisideda prie patogaus miego, bet ir pagerina bet kurio miegamojo vizualin\u012f patrauklum\u0105. \u201eBasilio\u201c yra spyruoklin\u0117 lova, si\u016bloma trij\u0173 dyd\u017ei\u0173: 140\/160\/180 x 200 cm. Paprast\u0105 dizain\u0105 pary\u0161kina auk\u0161tas galv\u016bgalis, u\u017epildytas T21 [\u2026]<\/p>","protected":false},"featured_media":9647,"comment_status":"open","ping_status":"closed","template":"","meta":[],"product_brand":[],"product_cat":[9133],"product_tag":[],"class_list":{"0":"post-38370","1":"product","2":"type-product","3":"status-publish","4":"has-post-thumbnail","6":"product_cat-grouped","8":"first","9":"instock","10":"shipping-taxable","11":"purchasable","12":"product-type-variable","13":"wvs-archive-product-wrapper"},"_links":{"self":[{"href":"https:\/\/baldumarket.lt\/lt\/wp-json\/wp\/v2\/product\/38370","targetHints":{"allow":["GET"]}}],"collection":[{"href":"https:\/\/baldumarket.lt\/lt\/wp-json\/wp\/v2\/product"}],"about":[{"href":"https:\/\/baldumarket.lt\/lt\/wp-json\/wp\/v2\/types\/product"}],"replies":[{"embeddable":true,"href":"https:\/\/baldumarket.lt\/lt\/wp-json\/wp\/v2\/comments?post=38370"}],"wp:featuredmedia":[{"embeddable":true,"href":"https:\/\/baldumarket.lt\/lt\/wp-json\/wp\/v2\/media\/9647"}],"wp:attachment":[{"href":"https:\/\/baldumarket.lt\/lt\/wp-json\/wp\/v2\/media?parent=38370"}],"wp:term":[{"taxonomy":"product_brand","embeddable":true,"href":"https:\/\/baldumarket.lt\/lt\/wp-json\/wp\/v2\/product_brand?post=38370"},{"taxonomy":"product_cat","embeddable":true,"href":"https:\/\/baldumarket.lt\/lt\/wp-json\/wp\/v2\/product_cat?post=38370"},{"taxonomy":"product_tag","embeddable":true,"href":"https:\/\/baldumarket.lt\/lt\/wp-json\/wp\/v2\/product_tag?post=38370"}],"curies":[{"name":"wp","href":"https:\/\/api.w.org\/{rel}","templated":true}]}}